{"id":3283,"date":"2025-11-22T12:38:32","date_gmt":"2025-11-22T11:38:32","guid":{"rendered":"https:\/\/lesecretvendome.fr\/?post_type=product&#038;p=3283"},"modified":"2025-12-01T11:29:36","modified_gmt":"2025-12-01T10:29:36","slug":"offre-blackfriday-mains-pieds-parfaits","status":"publish","type":"product","link":"https:\/\/spavendome.fr\/en\/service\/offre-blackfriday-mains-pieds-parfaits\/","title":{"rendered":"BLACKFRIDAY Offer - Perfect Hands &amp; Feet"},"content":{"rendered":"<h2>Offre BLACK FRIDAY \u2013 \u00c9vasion Main &#038; Pied Parfait<\/h2>\n<p>Pour le <strong>Black Friday<\/strong>, profitez d\u2019un rituel complet d\u00e9di\u00e9 \u00e0 la beaut\u00e9 des mains et des pieds. Un soin alliant mise en beaut\u00e9, relaxation et finition parfaite gr\u00e2ce \u00e0 l\u2019application d\u2019un semi-permanent professionnel.<\/p>\n<h3>D\u00e9roulement du rituel :<\/h3>\n<ul>\n<li><strong>Beaut\u00e9 des mains :<\/strong> mise en forme de l\u2019ongle, soin des cuticules, lissage et pr\u00e9paration pour garantir une tenue optimale du vernis.<\/li>\n<li><strong>Beaut\u00e9 des pieds :<\/strong> soin complet incluant nettoyage, pr\u00e9paration de la plaque de l\u2019ongle et travail des cuticules pour un rendu net et soign\u00e9.<\/li>\n<li><strong>Semi-permanent mains et pieds :<\/strong> application d\u2019un gel polish professionnel, couleur au choix, pour une brillance intense et une tenue longue dur\u00e9e.<\/li>\n<\/ul>\n<h3>Pour qui ?<\/h3>\n<p>Ce rituel est id\u00e9al pour :<\/p>\n<ul>\n<li>Obtenir des mains et des pieds impeccables pour plusieurs semaines<\/li>\n<li>Prendre soin de soi avant un \u00e9v\u00e9nement ou une p\u00e9riode charg\u00e9e<\/li>\n<li>Offrir une mise en beaut\u00e9 compl\u00e8te \u00e0 un proche<\/li>\n<\/ul>\n<h3>Les bienfaits :<\/h3>\n<ul>\n<li>Ongles soign\u00e9s, nets et renforc\u00e9s<\/li>\n<li>Tenue longue dur\u00e9e gr\u00e2ce au semi-permanent professionnel<\/li>\n<li>Sensation de propret\u00e9, de douceur et de fra\u00eecheur<\/li>\n<li>Finition \u00e9l\u00e9gante et brillante sur mains et pieds<\/li>\n<\/ul>\n<p>Vivez un instant beaut\u00e9 complet avec <strong>\u00c9vasion Main &#038; Pied Parfait<\/strong>, un rituel id\u00e9al pour sublimer vos mains et vos pieds tout en profitant d\u2019une mise en beaut\u00e9 longue tenue.<\/p>\n<div id=\"amelia-cal-XXX\" style=\"display:none; margin-top:24px;\">\n  \n<script>\n  if (typeof hasAmeliaEntitiesApiCall === 'undefined' && ('' === '' && '' !== '1')) {\n    var hasAmeliaEntitiesApiCall = true;\n  }\n  var ameliaShortcodeData = (typeof ameliaShortcodeData === 'undefined') ? [] : ameliaShortcodeData;\n  ameliaShortcodeData.push(\n    {\n      'hasApiCall': (typeof hasAmeliaEntitiesApiCall !== 'undefined') && hasAmeliaEntitiesApiCall,\n      'trigger': '',\n      'trigger_type': '',\n      'triggered_form': 'sbsNew',\n      'in_dialog': '',\n      'show': 'services',\n      'counter': '1000',\n      'category': '',\n      'service': 'XXX',\n      'employee': '8',\n      'location': '',\n      'package': '',\n      'layout': '1',\n    }\n  );\n\n  var ameliaShortcodeDataTriggered = (typeof ameliaShortcodeDataTriggered === 'undefined') ? [] : ameliaShortcodeDataTriggered;\n  if (ameliaShortcodeData[ameliaShortcodeData.length - 1].trigger !== '') {\n    if (ameliaShortcodeDataTriggered.filter(a => a.counter === ameliaShortcodeData[ameliaShortcodeData.length - 1].counter).length === 0) {\n      ameliaShortcodeDataTriggered.push(ameliaShortcodeData.pop());\n    } else {\n      ameliaShortcodeData.pop()\n    }\n  }\n  if (typeof hasAmeliaEntitiesApiCall !== 'undefined' && hasAmeliaEntitiesApiCall) {\n    hasAmeliaEntitiesApiCall = false;\n  }\n<\/script>\n\n<div\n  id=\"amelia-v2-booking-1000\"\n  class=\"amelia-v2-booking\"\n >\n    <step-form-wrapper><\/step-form-wrapper><\/div>\n\n<\/div>\n","protected":false},"excerpt":{"rendered":"<p>Offre BLACKFRIDAY : D\u00e9couvrez nos offres exclusives Black Friday, pens\u00e9es pour sublimer votre beaut\u00e9 et vous offrir un moment d\u2019exception.<\/p>","protected":false},"featured_media":3284,"comment_status":"open","ping_status":"closed","template":"","meta":{"_monsterinsights_skip_tracking":false,"_monsterinsights_sitenote_active":false,"_monsterinsights_sitenote_note":"","_monsterinsights_sitenote_category":0,"_joinchat":[]},"product_brand":[],"product_cat":[107,112],"product_tag":[],"giftcard-category":[],"class_list":{"0":"post-3283","1":"product","2":"type-product","3":"status-publish","4":"has-post-thumbnail","6":"product_cat-offre-du-moment","7":"product_cat-black-friday","8":"latest_post","10":"first","11":"instock","12":"virtual","13":"taxable","14":"purchasable","15":"product-type-simple"},"jetpack_sharing_enabled":true,"_links":{"self":[{"href":"https:\/\/spavendome.fr\/en\/wp-json\/wp\/v2\/product\/3283","targetHints":{"allow":["GET"]}}],"collection":[{"href":"https:\/\/spavendome.fr\/en\/wp-json\/wp\/v2\/product"}],"about":[{"href":"https:\/\/spavendome.fr\/en\/wp-json\/wp\/v2\/types\/product"}],"replies":[{"embeddable":true,"href":"https:\/\/spavendome.fr\/en\/wp-json\/wp\/v2\/comments?post=3283"}],"wp:featuredmedia":[{"embeddable":true,"href":"https:\/\/spavendome.fr\/en\/wp-json\/wp\/v2\/media\/3284"}],"wp:attachment":[{"href":"https:\/\/spavendome.fr\/en\/wp-json\/wp\/v2\/media?parent=3283"}],"wp:term":[{"taxonomy":"product_brand","embeddable":true,"href":"https:\/\/spavendome.fr\/en\/wp-json\/wp\/v2\/product_brand?post=3283"},{"taxonomy":"product_cat","embeddable":true,"href":"https:\/\/spavendome.fr\/en\/wp-json\/wp\/v2\/product_cat?post=3283"},{"taxonomy":"product_tag","embeddable":true,"href":"https:\/\/spavendome.fr\/en\/wp-json\/wp\/v2\/product_tag?post=3283"},{"taxonomy":"giftcard-category","embeddable":true,"href":"https:\/\/spavendome.fr\/en\/wp-json\/wp\/v2\/giftcard-category?post=3283"}],"curies":[{"name":"wp","href":"https:\/\/api.w.org\/{rel}","templated":true}]}}