{"id":3277,"date":"2025-11-22T12:23:51","date_gmt":"2025-11-22T11:23:51","guid":{"rendered":"https:\/\/lesecretvendome.fr\/?post_type=product&#038;p=3277"},"modified":"2025-12-01T11:29:36","modified_gmt":"2025-12-01T10:29:36","slug":"offre-blackfriday-eclat-relaxation-supreme","status":"publish","type":"product","link":"https:\/\/spavendome.fr\/en\/service\/offre-blackfriday-eclat-relaxation-supreme\/","title":{"rendered":"BLACKFRIDAY Offer - Radiance &amp; Ultimate Relaxation"},"content":{"rendered":"<h2>Offre BLACKFRIDAY &#8211; \u00c9clat &#038; Relaxation Supr\u00eame \u2013 Rituel Bien-\u00catre Complet<\/h2>\n<p>Pour le BALCKFRIDAYOffrez-vous un moment d\u2019exception alliant d\u00e9tente profonde, \u00e9clat du visage et mise en beaut\u00e9. Un rituel pens\u00e9 pour sublimer votre apparence tout en rel\u00e2chant les tensions du corps, dans un cadre \u00e9l\u00e9gant et apaisant.<\/p>\n<h3>D\u00e9roulement du rituel :<\/h3>\n<ul>\n<li><strong>Massage Californien \u2013 50 minutes :<\/strong> un modelage enveloppant et harmonieux, r\u00e9alis\u00e9 par nos praticiennes expertes. Ses mouvements lents et fluides apportent une relaxation intense et un rel\u00e2chement total des tensions.<\/li>\n<li><strong>Soin du Visage Signature :<\/strong> un protocole personnalis\u00e9 selon les besoins de votre peau. Il illumine, hydrate et r\u00e9v\u00e8le un \u00e9clat imm\u00e9diat gr\u00e2ce \u00e0 des techniques expertes et des produits de haute qualit\u00e9, soin r\u00e9g\u00e9n\u00e9rant.<\/li>\n<li><strong>Finition beaut\u00e9 :<\/strong> profitez au choix d\u2019un <strong>brushing<\/strong> professionnel ou d\u2019une <strong>coupe homme<\/strong> pour finaliser votre transformation en douceur.<\/li>\n<\/ul>\n<h3>Pour qui ?<\/h3>\n<p>Ce rituel complet est id\u00e9al pour :<\/p>\n<ul>\n<li>Se d\u00e9tendre profond\u00e9ment tout en r\u00e9v\u00e9lant l\u2019\u00e9clat de son visage<\/li>\n<li>Prendre soin de soi avant un \u00e9v\u00e9nement, une soir\u00e9e ou un rendez-vous important<\/li>\n<li>Offrir une exp\u00e9rience premium \u00e0 un proche,<\/li>\n<\/ul>\n<h3>Les bienfaits :<\/h3>\n<ul>\n<li>Apaisement imm\u00e9diat du stress et des tensions musculaires<\/li>\n<li>Peau revitalis\u00e9e, lumineuse et visiblement plus fra\u00eeche<\/li>\n<li>Am\u00e9lioration du bien-\u00eatre g\u00e9n\u00e9ral et sensation durable de l\u00e9g\u00e8ret\u00e9<\/li>\n<li>Finalisation parfaite du rituel gr\u00e2ce au brushing ou \u00e0 la coupe homme<\/li>\n<\/ul>\n<p>Vivez un moment d\u2019exception avec <strong>\u00c9clat &#038; Relaxation Supr\u00eame<\/strong>, un rituel complet con\u00e7u pour harmoniser le corps, sublimer le visage et r\u00e9v\u00e9ler votre confiance.<\/p>\n<div id=\"amelia-cal-XXX\" style=\"display:none; margin-top:24px;\">\n  \n<script>\n  if (typeof hasAmeliaEntitiesApiCall === 'undefined' && ('' === '' && '' !== '1')) {\n    var hasAmeliaEntitiesApiCall = true;\n  }\n  var ameliaShortcodeData = (typeof ameliaShortcodeData === 'undefined') ? [] : ameliaShortcodeData;\n  ameliaShortcodeData.push(\n    {\n      'hasApiCall': (typeof hasAmeliaEntitiesApiCall !== 'undefined') && hasAmeliaEntitiesApiCall,\n      'trigger': '',\n      'trigger_type': '',\n      'triggered_form': 'sbsNew',\n      'in_dialog': '',\n      'show': 'services',\n      'counter': '1000',\n      'category': '',\n      'service': 'XXX',\n      'employee': '8',\n      'location': '',\n      'package': '',\n      'layout': '1',\n    }\n  );\n\n  var ameliaShortcodeDataTriggered = (typeof ameliaShortcodeDataTriggered === 'undefined') ? [] : ameliaShortcodeDataTriggered;\n  if (ameliaShortcodeData[ameliaShortcodeData.length - 1].trigger !== '') {\n    if (ameliaShortcodeDataTriggered.filter(a => a.counter === ameliaShortcodeData[ameliaShortcodeData.length - 1].counter).length === 0) {\n      ameliaShortcodeDataTriggered.push(ameliaShortcodeData.pop());\n    } else {\n      ameliaShortcodeData.pop()\n    }\n  }\n  if (typeof hasAmeliaEntitiesApiCall !== 'undefined' && hasAmeliaEntitiesApiCall) {\n    hasAmeliaEntitiesApiCall = false;\n  }\n<\/script>\n\n<div\n  id=\"amelia-v2-booking-1000\"\n  class=\"amelia-v2-booking\"\n >\n    <step-form-wrapper><\/step-form-wrapper><\/div>\n\n<\/div>\n","protected":false},"excerpt":{"rendered":"<p>Offre BLACKFRIDAY : D\u00e9couvrez nos offres exclusives Black Friday, pens\u00e9es pour sublimer votre beaut\u00e9 et vous offrir un moment d\u2019exception.<\/p>","protected":false},"featured_media":2941,"comment_status":"open","ping_status":"closed","template":"","meta":{"_monsterinsights_skip_tracking":false,"_monsterinsights_sitenote_active":false,"_monsterinsights_sitenote_note":"","_monsterinsights_sitenote_category":0,"_joinchat":[]},"product_brand":[],"product_cat":[112,107],"product_tag":[],"giftcard-category":[],"class_list":{"0":"post-3277","1":"product","2":"type-product","3":"status-publish","4":"has-post-thumbnail","6":"product_cat-black-friday","7":"product_cat-offre-du-moment","8":"latest_post","10":"first","11":"instock","12":"virtual","13":"taxable","14":"purchasable","15":"product-type-simple"},"jetpack_sharing_enabled":true,"_links":{"self":[{"href":"https:\/\/spavendome.fr\/en\/wp-json\/wp\/v2\/product\/3277","targetHints":{"allow":["GET"]}}],"collection":[{"href":"https:\/\/spavendome.fr\/en\/wp-json\/wp\/v2\/product"}],"about":[{"href":"https:\/\/spavendome.fr\/en\/wp-json\/wp\/v2\/types\/product"}],"replies":[{"embeddable":true,"href":"https:\/\/spavendome.fr\/en\/wp-json\/wp\/v2\/comments?post=3277"}],"wp:featuredmedia":[{"embeddable":true,"href":"https:\/\/spavendome.fr\/en\/wp-json\/wp\/v2\/media\/2941"}],"wp:attachment":[{"href":"https:\/\/spavendome.fr\/en\/wp-json\/wp\/v2\/media?parent=3277"}],"wp:term":[{"taxonomy":"product_brand","embeddable":true,"href":"https:\/\/spavendome.fr\/en\/wp-json\/wp\/v2\/product_brand?post=3277"},{"taxonomy":"product_cat","embeddable":true,"href":"https:\/\/spavendome.fr\/en\/wp-json\/wp\/v2\/product_cat?post=3277"},{"taxonomy":"product_tag","embeddable":true,"href":"https:\/\/spavendome.fr\/en\/wp-json\/wp\/v2\/product_tag?post=3277"},{"taxonomy":"giftcard-category","embeddable":true,"href":"https:\/\/spavendome.fr\/en\/wp-json\/wp\/v2\/giftcard-category?post=3277"}],"curies":[{"name":"wp","href":"https:\/\/api.w.org\/{rel}","templated":true}]}}