{"id":3107,"date":"2025-11-05T19:06:09","date_gmt":"2025-11-05T18:06:09","guid":{"rendered":"https:\/\/lesecretvendome.fr\/?post_type=product&#038;p=3107"},"modified":"2025-11-22T23:47:25","modified_gmt":"2025-11-22T22:47:25","slug":"carte-cadeau-virtuelle","status":"publish","type":"product","link":"https:\/\/spavendome.fr\/en\/service\/carte-cadeau-virtuelle\/","title":{"rendered":"Carte Cadeau Virtuelle \u2013 Coffret Le Secret Vend\u00f4me"},"content":{"rendered":"<h2>Offrez un coffret cadeau de prestige sign\u00e9 Le Secret Vend\u00f4me<\/h2>\n<p>Visit <strong>Carte Cadeau Virtuelle Le Secret Vend\u00f4me<\/strong> allie le charme d\u2019un coffret raffin\u00e9<br \/>\n\u00e0 l\u2019exclusivit\u00e9 d\u2019une exp\u00e9rience de bien-\u00eatre dans notre <strong>spa privatis\u00e9 \u00e0 Paris<\/strong>. Offrez une <strong>carte cadeau spa Paris<\/strong> pr\u00e9sent\u00e9e dans un \u00e9l\u00e9gant \u00e9crin dor\u00e9, elle est parfaite pour un cadeau symbolique et luxueux.<\/p>\n<h3>Un cadeau d\u2019exception<\/h3>\n<ul>\n<li>\u00a0Carte cadeau num\u00e9rique \u00e9l\u00e9gante, personnalis\u00e9e au nom du destinataire<\/li>\n<li>\u00a0Re\u00e7ue instantan\u00e9ment par e-mail, pr\u00eate \u00e0 \u00eatre offerte ou imprim\u00e9e<\/li>\n<li>Montants disponibles : 100 \u20ac, 150 \u20ac, 200 \u20ac, 300 \u20ac 500\u20ac<\/li>\n<li>Valable 12 mois sur tous les soins, rituels et prestations<\/li>\n<\/ul>\n<h2>Une attention instantan\u00e9e et raffin\u00e9e<\/h2>\n<p>Offrez une <strong>carte cadeau virtuelle Le Secret Vend\u00f4me<\/strong>, disponible <strong>imm\u00e9diatement par e-mail<\/strong> apr\u00e8s votre commande.<br \/>\nUne pr\u00e9sentation digitale \u00e9l\u00e9gante, personnalis\u00e9e au nom du destinataire, inspir\u00e9e de l\u2019univers luxueux de notre <strong>spa privatif \u00e0 Paris Vend\u00f4me<\/strong>.<\/p>\n<p>Con\u00e7ue pour c\u00e9l\u00e9brer chaque moment : <strong>anniversaire, mariage, Saint-Valentin ou cadeau d\u2019entreprise<\/strong>.<br \/>\nOffrez bien plus qu\u2019un soin \u2013 offrez <strong>une exp\u00e9rience de d\u00e9tente et de beaut\u00e9 inoubliable<\/strong>.<\/p>\n<h3>R\u00e9ception de la carte cadeau spa Paris<\/h3>\n<ul>\n<li>Envoi imm\u00e9diat par e-mail, pr\u00eat \u00e0 \u00eatre offert ou imprim\u00e9<\/li>\n<li>\u00a0Valable 12 mois sur tous les <strong>soins, rituels et prestations<\/strong> du Secret Vend\u00f4me<\/li>\n<li>\u00a0Montants disponibles : 100 \u20ac, 150 \u20ac, 200 \u20ac, 300 \u20ac ou 500 \u20ac<\/li>\n<\/ul>\n<p>Gr\u00e2ce \u00e0 la carte cadeau virtuelle Le Secret Vend\u00f4me, vous offrez un <strong>moment d\u2019exception \u00e0 Paris 1er<\/strong> \u2013 une parenth\u00e8se de luxe, de bien-\u00eatre et d\u2019\u00e9motion.<\/p>","protected":false},"excerpt":{"rendered":"<p>Un coffret \u00e9l\u00e9gant pr\u00eat \u00e0 offrir, symbole de raffinement et de bien-\u00eatre.<br \/>\nRecevez ou retirez votre carte cadeau Le Secret Vend\u00f4me dans un \u00e9crin dor\u00e9, valable sur l\u2019ensemble de nos soins et exp\u00e9riences spa \u00e0 Paris.<\/p>","protected":false},"featured_media":3139,"comment_status":"open","ping_status":"closed","template":"","meta":{"_monsterinsights_skip_tracking":false,"_monsterinsights_sitenote_active":false,"_monsterinsights_sitenote_note":"","_monsterinsights_sitenote_category":0,"_joinchat":[]},"product_brand":[],"product_cat":[106],"product_tag":[],"giftcard-category":[],"class_list":{"0":"post-3107","1":"product","2":"type-product","3":"status-publish","4":"has-post-thumbnail","6":"product_cat-carte-cadeau","7":"latest_post","9":"first","10":"instock","11":"virtual","12":"taxable","13":"purchasable","14":"product-type-gift-card"},"jetpack_sharing_enabled":true,"_links":{"self":[{"href":"https:\/\/spavendome.fr\/en\/wp-json\/wp\/v2\/product\/3107","targetHints":{"allow":["GET"]}}],"collection":[{"href":"https:\/\/spavendome.fr\/en\/wp-json\/wp\/v2\/product"}],"about":[{"href":"https:\/\/spavendome.fr\/en\/wp-json\/wp\/v2\/types\/product"}],"replies":[{"embeddable":true,"href":"https:\/\/spavendome.fr\/en\/wp-json\/wp\/v2\/comments?post=3107"}],"wp:featuredmedia":[{"embeddable":true,"href":"https:\/\/spavendome.fr\/en\/wp-json\/wp\/v2\/media\/3139"}],"wp:attachment":[{"href":"https:\/\/spavendome.fr\/en\/wp-json\/wp\/v2\/media?parent=3107"}],"wp:term":[{"taxonomy":"product_brand","embeddable":true,"href":"https:\/\/spavendome.fr\/en\/wp-json\/wp\/v2\/product_brand?post=3107"},{"taxonomy":"product_cat","embeddable":true,"href":"https:\/\/spavendome.fr\/en\/wp-json\/wp\/v2\/product_cat?post=3107"},{"taxonomy":"product_tag","embeddable":true,"href":"https:\/\/spavendome.fr\/en\/wp-json\/wp\/v2\/product_tag?post=3107"},{"taxonomy":"giftcard-category","embeddable":true,"href":"https:\/\/spavendome.fr\/en\/wp-json\/wp\/v2\/giftcard-category?post=3107"}],"curies":[{"name":"wp","href":"https:\/\/api.w.org\/{rel}","templated":true}]}}