{"id":2657,"date":"2025-10-16T11:35:44","date_gmt":"2025-10-16T11:35:44","guid":{"rendered":"https:\/\/lesecretvendome.fr\/?post_type=product&#038;p=2657"},"modified":"2025-11-22T23:47:29","modified_gmt":"2025-11-22T22:47:29","slug":"nuit-dexception","status":"publish","type":"product","link":"https:\/\/spavendome.fr\/en\/service\/nuit-dexception\/","title":{"rendered":"Nuit d&rsquo;Exception \u2013 Spa Privatif \u2013 Paris"},"content":{"rendered":"<section class=\"spa-nocturne\">\n<h1>Nuit d\u2019Exception \u2013 Spa Privatif \u2013 Paris<\/h1>\n<p>\u00c0 la tomb\u00e9e de la nuit, laissez-vous transporter dans un univers de <strong>d\u00e9tente absolue<\/strong> au c\u0153ur de Paris avec notre <strong>Nuit d\u2019Exception<\/strong>. Cet instant unique vous plonge dans un cadre intimiste et raffin\u00e9, enti\u00e8rement privatis\u00e9, o\u00f9 chaque d\u00e9tail est pens\u00e9 pour votre confort et votre s\u00e9r\u00e9nit\u00e9. Profitez d\u2019une parenth\u00e8se luxueuse, loin du tumulte de la ville, pour vous ressourcer seul(e) ou en duo.<\/p>\n<h2>D\u00e9roulement de l\u2019exp\u00e9rience<\/h2>\n<ul>\n<li><strong>1h30 d\u2019acc\u00e8s privatif<\/strong> \u00e0 l\u2019espace bien-\u00eatre : jacuzzi, hammam, sauna et douches sensorielles. L\u2019ambiance feutr\u00e9e et \u00e9l\u00e9gante favorise le l\u00e2cher-prise et la relaxation profonde.<\/li>\n<li><strong>Options suppl\u00e9mentaires<\/strong> : prolongez votre exp\u00e9rience en ajoutant du temps suppl\u00e9mentaire selon nos disponibilit\u00e9s. Personnalisez votre soir\u00e9e et savourez chaque instant.<\/li>\n<\/ul>\n<h2>Pour qui ?<\/h2>\n<ul>\n<li>Se d\u00e9tendre en toute intimit\u00e9 apr\u00e8s une journ\u00e9e charg\u00e9e.<\/li>\n<li>Partager un moment bien-\u00eatre en duo, parfait pour les couples ou les amis.<\/li>\n<li>Offrir une exp\u00e9rience unique et luxueuse \u00e0 un proche, pour un cadeau inoubliable.<\/li>\n<\/ul>\n<h2>Les bienfaits<\/h2>\n<ul>\n<li><strong>Relaxation profonde<\/strong> : un apaisement imm\u00e9diat du corps et de l\u2019esprit.<\/li>\n<li><strong>R\u00e9duction du stress et des tensions musculaires<\/strong> : profitez d\u2019une sensation de l\u00e9g\u00e8ret\u00e9 et de confort durable.<\/li>\n<li><strong>Stimulation de la circulation et d\u00e9toxification<\/strong> : le jacuzzi, le hammam et le sauna favorisent l\u2019\u00e9limination des toxines et revitalisent l\u2019organisme.<\/li>\n<li><strong>Mom<br \/>\n<\/strong><\/li>\n<\/ul>\n<\/section>\n<div id=\"amelia-cal-720\" style=\"display:none; margin-top:24px;\">\n  \n<script>\n  if (typeof hasAmeliaEntitiesApiCall === 'undefined' && ('' === '' && '' !== '1')) {\n    var hasAmeliaEntitiesApiCall = true;\n  }\n  var ameliaShortcodeData = (typeof ameliaShortcodeData === 'undefined') ? [] : ameliaShortcodeData;\n  ameliaShortcodeData.push(\n    {\n      'hasApiCall': (typeof hasAmeliaEntitiesApiCall !== 'undefined') && hasAmeliaEntitiesApiCall,\n      'trigger': '',\n      'trigger_type': '',\n      'triggered_form': 'sbsNew',\n      'in_dialog': '',\n      'show': 'services',\n      'counter': '1000',\n      'category': '',\n      'service': '720',\n      'employee': '8',\n      'location': '',\n      'package': '',\n      'layout': '1',\n    }\n  );\n\n  var ameliaShortcodeDataTriggered = (typeof ameliaShortcodeDataTriggered === 'undefined') ? [] : ameliaShortcodeDataTriggered;\n  if (ameliaShortcodeData[ameliaShortcodeData.length - 1].trigger !== '') {\n    if (ameliaShortcodeDataTriggered.filter(a => a.counter === ameliaShortcodeData[ameliaShortcodeData.length - 1].counter).length === 0) {\n      ameliaShortcodeDataTriggered.push(ameliaShortcodeData.pop());\n    } else {\n      ameliaShortcodeData.pop()\n    }\n  }\n  if (typeof hasAmeliaEntitiesApiCall !== 'undefined' && hasAmeliaEntitiesApiCall) {\n    hasAmeliaEntitiesApiCall = false;\n  }\n<\/script>\n\n<div\n  id=\"amelia-v2-booking-1000\"\n  class=\"amelia-v2-booking\"\n >\n    <step-form-wrapper><\/step-form-wrapper><\/div>\n\n<\/div>\n","protected":false},"excerpt":{"rendered":"<p data-start=\"429\" data-end=\"566\">Vivez une Nuit d\u2019Exception \u00e0 Paris : spa privatif avec jacuzzi, sauna, hammam et douches sensorielles pour une soir\u00e9e bien-\u00eatre unique.<\/p>","protected":false},"featured_media":2793,"comment_status":"open","ping_status":"closed","template":"","meta":{"_monsterinsights_skip_tracking":false,"_monsterinsights_sitenote_active":false,"_monsterinsights_sitenote_note":"","_monsterinsights_sitenote_category":0,"_joinchat":[]},"product_brand":[],"product_cat":[43],"product_tag":[],"giftcard-category":[],"class_list":{"0":"post-2657","1":"product","2":"type-product","3":"status-publish","4":"has-post-thumbnail","6":"product_cat-spa-nocturne","7":"latest_post","9":"first","10":"instock","11":"virtual","12":"taxable","13":"purchasable","14":"product-type-simple"},"jetpack_sharing_enabled":true,"_links":{"self":[{"href":"https:\/\/spavendome.fr\/en\/wp-json\/wp\/v2\/product\/2657","targetHints":{"allow":["GET"]}}],"collection":[{"href":"https:\/\/spavendome.fr\/en\/wp-json\/wp\/v2\/product"}],"about":[{"href":"https:\/\/spavendome.fr\/en\/wp-json\/wp\/v2\/types\/product"}],"replies":[{"embeddable":true,"href":"https:\/\/spavendome.fr\/en\/wp-json\/wp\/v2\/comments?post=2657"}],"wp:featuredmedia":[{"embeddable":true,"href":"https:\/\/spavendome.fr\/en\/wp-json\/wp\/v2\/media\/2793"}],"wp:attachment":[{"href":"https:\/\/spavendome.fr\/en\/wp-json\/wp\/v2\/media?parent=2657"}],"wp:term":[{"taxonomy":"product_brand","embeddable":true,"href":"https:\/\/spavendome.fr\/en\/wp-json\/wp\/v2\/product_brand?post=2657"},{"taxonomy":"product_cat","embeddable":true,"href":"https:\/\/spavendome.fr\/en\/wp-json\/wp\/v2\/product_cat?post=2657"},{"taxonomy":"product_tag","embeddable":true,"href":"https:\/\/spavendome.fr\/en\/wp-json\/wp\/v2\/product_tag?post=2657"},{"taxonomy":"giftcard-category","embeddable":true,"href":"https:\/\/spavendome.fr\/en\/wp-json\/wp\/v2\/giftcard-category?post=2657"}],"curies":[{"name":"wp","href":"https:\/\/api.w.org\/{rel}","templated":true}]}}