{"id":2656,"date":"2025-10-16T09:20:42","date_gmt":"2025-10-16T09:20:42","guid":{"rendered":"https:\/\/lesecretvendome.fr\/?post_type=product&#038;p=2656"},"modified":"2025-11-22T23:47:31","modified_gmt":"2025-11-22T22:47:31","slug":"evasion-nocturne","status":"publish","type":"product","link":"https:\/\/spavendome.fr\/en\/service\/evasion-nocturne\/","title":{"rendered":"\u00c9vasion Nocturne \u2013 Spa Privatif \u2013 Paris"},"content":{"rendered":"<h2>\u00c9vasion Nocturne \u2013 Spa Privatif \u2013 Paris<\/h2>\n<p>Vivez une exp\u00e9rience sensorielle unique, au c\u0153ur de Paris. Dans un cadre intimiste et raffin\u00e9, ce rituel nocturne est con\u00e7u pour offrir un moment de d\u00e9tente totale et de reconnexion avec soi.<\/p>\n<h3>D\u00e9roulement de l\u2019exp\u00e9rience :<\/h3>\n<ul>\n<li><strong>D\u00e9but de la soir\u00e9e \u00e0 19h :<\/strong> un <strong>massage californien de 50 minutes<\/strong> r\u00e9alis\u00e9 par nos praticiennes expertes, aux mouvements lents et enveloppants, pour une relaxation profonde.<\/li>\n<li><strong>Acc\u00e8s privatif \u00e0 l\u2019espace bien-\u00eatre :<\/strong> profitez de <strong>1h30<\/strong> de jacuzzi, sauna, hammam et douches sensorielles dans une atmosph\u00e8re apaisante et feutr\u00e9e.<\/li>\n<\/ul>\n<h3>Options suppl\u00e9mentaires :<\/h3>\n<p>Prolongez la magie de votre soir\u00e9e gr\u00e2ce \u00e0 des temps suppl\u00e9mentaires disponibles selon nos disponibilit\u00e9s. Contactez-nous lors de votre r\u00e9servation pour personnaliser votre exp\u00e9rience.<\/p>\n<h3>Pour qui ?<\/h3>\n<p>Cette exp\u00e9rience nocturne est id\u00e9ale pour :<\/p>\n<ul>\n<li>Se d\u00e9tendre en solo apr\u00e8s une journ\u00e9e intense<\/li>\n<li>Partager un moment bien-\u00eatre \u00e0 deux<\/li>\n<li>Offrir un cadeau exceptionnel \u00e0 un proche<\/li>\n<\/ul>\n<h3>Les bienfaits :<\/h3>\n<ul>\n<li>Relaxation profonde et bien-\u00eatre imm\u00e9diat<\/li>\n<li>R\u00e9duction du stress et des tensions musculaires<\/li>\n<li>Stimulation de la circulation et d\u00e9toxification<\/li>\n<li>Moments de plaisir et de s\u00e9r\u00e9nit\u00e9 dans un cadre luxueux<\/li>\n<\/ul>\n<p>Vivez une soir\u00e9e unique et inoubliable avec <strong>\u00c9vasion Nocturne \u2013 Spa Privatif<\/strong> \u00e0 Paris, o\u00f9 chaque d\u00e9tail est pens\u00e9 pour votre confort et votre bien-\u00eatre.<\/p>\n<div id=\"amelia-cal-719\" style=\"display:none; margin-top:24px;\">\n  \n<script>\n  if (typeof hasAmeliaEntitiesApiCall === 'undefined' && ('' === '' && '' !== '1')) {\n    var hasAmeliaEntitiesApiCall = true;\n  }\n  var ameliaShortcodeData = (typeof ameliaShortcodeData === 'undefined') ? [] : ameliaShortcodeData;\n  ameliaShortcodeData.push(\n    {\n      'hasApiCall': (typeof hasAmeliaEntitiesApiCall !== 'undefined') && hasAmeliaEntitiesApiCall,\n      'trigger': '',\n      'trigger_type': '',\n      'triggered_form': 'sbsNew',\n      'in_dialog': '',\n      'show': 'services',\n      'counter': '1000',\n      'category': '',\n      'service': '719',\n      'employee': '8',\n      'location': '',\n      'package': '',\n      'layout': '1',\n    }\n  );\n\n  var ameliaShortcodeDataTriggered = (typeof ameliaShortcodeDataTriggered === 'undefined') ? [] : ameliaShortcodeDataTriggered;\n  if (ameliaShortcodeData[ameliaShortcodeData.length - 1].trigger !== '') {\n    if (ameliaShortcodeDataTriggered.filter(a => a.counter === ameliaShortcodeData[ameliaShortcodeData.length - 1].counter).length === 0) {\n      ameliaShortcodeDataTriggered.push(ameliaShortcodeData.pop());\n    } else {\n      ameliaShortcodeData.pop()\n    }\n  }\n  if (typeof hasAmeliaEntitiesApiCall !== 'undefined' && hasAmeliaEntitiesApiCall) {\n    hasAmeliaEntitiesApiCall = false;\n  }\n<\/script>\n\n<div\n  id=\"amelia-v2-booking-1000\"\n  class=\"amelia-v2-booking\"\n >\n    <step-form-wrapper><\/step-form-wrapper><\/div>\n\n<\/div>\n","protected":false},"excerpt":{"rendered":"<p data-start=\"439\" data-end=\"569\">\u00c9vasion Nocturne \u00e0 Paris : massage californien, jacuzzi, sauna et hammam privatif pour une soir\u00e9e bien-\u00eatre unique et relaxante.<\/p>","protected":false},"featured_media":1578,"comment_status":"open","ping_status":"closed","template":"","meta":{"_monsterinsights_skip_tracking":false,"_monsterinsights_sitenote_active":false,"_monsterinsights_sitenote_note":"","_monsterinsights_sitenote_category":0,"_joinchat":[]},"product_brand":[],"product_cat":[43],"product_tag":[],"giftcard-category":[],"class_list":{"0":"post-2656","1":"product","2":"type-product","3":"status-publish","4":"has-post-thumbnail","6":"product_cat-spa-nocturne","7":"latest_post","9":"first","10":"instock","11":"virtual","12":"taxable","13":"purchasable","14":"product-type-simple"},"jetpack_sharing_enabled":true,"_links":{"self":[{"href":"https:\/\/spavendome.fr\/en\/wp-json\/wp\/v2\/product\/2656","targetHints":{"allow":["GET"]}}],"collection":[{"href":"https:\/\/spavendome.fr\/en\/wp-json\/wp\/v2\/product"}],"about":[{"href":"https:\/\/spavendome.fr\/en\/wp-json\/wp\/v2\/types\/product"}],"replies":[{"embeddable":true,"href":"https:\/\/spavendome.fr\/en\/wp-json\/wp\/v2\/comments?post=2656"}],"wp:featuredmedia":[{"embeddable":true,"href":"https:\/\/spavendome.fr\/en\/wp-json\/wp\/v2\/media\/1578"}],"wp:attachment":[{"href":"https:\/\/spavendome.fr\/en\/wp-json\/wp\/v2\/media?parent=2656"}],"wp:term":[{"taxonomy":"product_brand","embeddable":true,"href":"https:\/\/spavendome.fr\/en\/wp-json\/wp\/v2\/product_brand?post=2656"},{"taxonomy":"product_cat","embeddable":true,"href":"https:\/\/spavendome.fr\/en\/wp-json\/wp\/v2\/product_cat?post=2656"},{"taxonomy":"product_tag","embeddable":true,"href":"https:\/\/spavendome.fr\/en\/wp-json\/wp\/v2\/product_tag?post=2656"},{"taxonomy":"giftcard-category","embeddable":true,"href":"https:\/\/spavendome.fr\/en\/wp-json\/wp\/v2\/giftcard-category?post=2656"}],"curies":[{"name":"wp","href":"https:\/\/api.w.org\/{rel}","templated":true}]}}