{"id":1942,"date":"2025-10-10T22:16:35","date_gmt":"2025-10-10T22:16:35","guid":{"rendered":"https:\/\/www.lesecretvendome.fr\/?post_type=product&#038;p=1942"},"modified":"2025-11-22T23:47:42","modified_gmt":"2025-11-22T22:47:42","slug":"chignon-simple","status":"publish","type":"product","link":"https:\/\/spavendome.fr\/en\/service\/chignon-simple\/","title":{"rendered":"Chignon Simple - Elegance and Refinement - Paris"},"content":{"rendered":"<h2>Chignon Simple \u2013 \u00c9l\u00e9gance et Raffinement \u2013 Paris<\/h2>\n<p>Le chignon simple est la coiffure intemporelle par excellence, id\u00e9ale pour sublimer toutes les occasions : mariages, soir\u00e9es, \u00e9v\u00e9nements professionnels ou sorties d\u00e9contract\u00e9es. Que vous pr\u00e9f\u00e9riez un style classique, romantique, boh\u00e8me ou sophistiqu\u00e9, notre \u00e9quipe de professionnels cr\u00e9e un chignon sur mesure, parfaitement adapt\u00e9 \u00e0 la nature de vos cheveux et \u00e0 la forme de votre visage.<\/p>\n<h3>Bienfaits et avantages :<\/h3>\n<ul>\n<li>Coiffure \u00e9l\u00e9gante et soign\u00e9e, adapt\u00e9e \u00e0 toutes occasions<\/li>\n<li>Tenue longue dur\u00e9e pour rester impeccable toute la journ\u00e9e<\/li>\n<li>Style personnalisable : lisse et structur\u00e9, flou et naturel, ou avec m\u00e8ches l\u00e2ch\u00e9es<\/li>\n<li>Met en valeur la f\u00e9minit\u00e9 et l\u2019\u00e9l\u00e9gance de chaque visage<\/li>\n<li>Rapide \u00e0 r\u00e9aliser et pratique pour toutes morphologies de cheveux<\/li>\n<\/ul>\n<h3>Pour qui ?<\/h3>\n<p>Il convient \u00e0 toutes celles qui souhaitent une coiffure raffin\u00e9e, facile \u00e0 porter et durable, que ce soit pour un mariage, une soir\u00e9e, un entretien professionnel ou simplement pour se sentir belle au quotidien.<\/p>\n<h3>Technique :<\/h3>\n<p>Travaill\u00e9 avec minutie pour garantir confort et maintien. Nos experts utilisent des produits et accessoires professionnels pour assurer un style qui reste impeccable tout au long de la journ\u00e9e, tout en respectant la sant\u00e9 et la texture de vos cheveux.<\/p>\n<h3>Suppl\u00e9ment :<\/h3>\n<p>Un suppl\u00e9ment peut \u00eatre appliqu\u00e9 selon la longueur, la densit\u00e9 ou la complexit\u00e9 souhait\u00e9e pour la coiffure.<\/p>\n<div id=\"amelia-cal-60\" style=\"display: none; margin-top: 24px;\">\n<script>\n  if (typeof hasAmeliaEntitiesApiCall === 'undefined' && ('' === '' && '' !== '1')) {\n    var hasAmeliaEntitiesApiCall = true;\n  }\n  var ameliaShortcodeData = (typeof ameliaShortcodeData === 'undefined') ? [] : ameliaShortcodeData;\n  ameliaShortcodeData.push(\n    {\n      'hasApiCall': (typeof hasAmeliaEntitiesApiCall !== 'undefined') && hasAmeliaEntitiesApiCall,\n      'trigger': '',\n      'trigger_type': '',\n      'triggered_form': 'sbsNew',\n      'in_dialog': '',\n      'show': 'services',\n      'counter': '1000',\n      'category': '',\n      'service': '60',\n      'employee': '1',\n      'location': '',\n      'package': '',\n      'layout': '1',\n    }\n  );\n\n  var ameliaShortcodeDataTriggered = (typeof ameliaShortcodeDataTriggered === 'undefined') ? [] : ameliaShortcodeDataTriggered;\n  if (ameliaShortcodeData[ameliaShortcodeData.length - 1].trigger !== '') {\n    if (ameliaShortcodeDataTriggered.filter(a => a.counter === ameliaShortcodeData[ameliaShortcodeData.length - 1].counter).length === 0) {\n      ameliaShortcodeDataTriggered.push(ameliaShortcodeData.pop());\n    } else {\n      ameliaShortcodeData.pop()\n    }\n  }\n  if (typeof hasAmeliaEntitiesApiCall !== 'undefined' && hasAmeliaEntitiesApiCall) {\n    hasAmeliaEntitiesApiCall = false;\n  }\n<\/script>\n\n<div\n  id=\"amelia-v2-booking-1000\"\n  class=\"amelia-v2-booking\"\n >\n    <step-form-wrapper><\/step-form-wrapper><\/div>\n<\/div>\n","protected":false},"excerpt":{"rendered":"<p data-start=\"429\" data-end=\"570\">Chignon Simple \u00e0 Paris : coiffure \u00e9l\u00e9gante, romantique ou sophistiqu\u00e9e, tenue longue dur\u00e9e, adapt\u00e9e \u00e0 toutes occasions et types de cheveux.<\/p>","protected":false},"featured_media":1679,"comment_status":"open","ping_status":"closed","template":"","meta":{"_monsterinsights_skip_tracking":false,"_monsterinsights_sitenote_active":false,"_monsterinsights_sitenote_note":"","_monsterinsights_sitenote_category":0,"_joinchat":[]},"product_brand":[],"product_cat":[47],"product_tag":[],"giftcard-category":[],"class_list":{"0":"post-1942","1":"product","2":"type-product","3":"status-publish","4":"has-post-thumbnail","6":"product_cat-coiffures-evenementielles","7":"latest_post","9":"first","10":"instock","11":"virtual","12":"taxable","13":"purchasable","14":"product-type-simple"},"jetpack_sharing_enabled":true,"_links":{"self":[{"href":"https:\/\/spavendome.fr\/en\/wp-json\/wp\/v2\/product\/1942","targetHints":{"allow":["GET"]}}],"collection":[{"href":"https:\/\/spavendome.fr\/en\/wp-json\/wp\/v2\/product"}],"about":[{"href":"https:\/\/spavendome.fr\/en\/wp-json\/wp\/v2\/types\/product"}],"replies":[{"embeddable":true,"href":"https:\/\/spavendome.fr\/en\/wp-json\/wp\/v2\/comments?post=1942"}],"wp:featuredmedia":[{"embeddable":true,"href":"https:\/\/spavendome.fr\/en\/wp-json\/wp\/v2\/media\/1679"}],"wp:attachment":[{"href":"https:\/\/spavendome.fr\/en\/wp-json\/wp\/v2\/media?parent=1942"}],"wp:term":[{"taxonomy":"product_brand","embeddable":true,"href":"https:\/\/spavendome.fr\/en\/wp-json\/wp\/v2\/product_brand?post=1942"},{"taxonomy":"product_cat","embeddable":true,"href":"https:\/\/spavendome.fr\/en\/wp-json\/wp\/v2\/product_cat?post=1942"},{"taxonomy":"product_tag","embeddable":true,"href":"https:\/\/spavendome.fr\/en\/wp-json\/wp\/v2\/product_tag?post=1942"},{"taxonomy":"giftcard-category","embeddable":true,"href":"https:\/\/spavendome.fr\/en\/wp-json\/wp\/v2\/giftcard-category?post=1942"}],"curies":[{"name":"wp","href":"https:\/\/api.w.org\/{rel}","templated":true}]}}