{"id":1916,"date":"2025-10-08T22:45:12","date_gmt":"2025-10-08T22:45:12","guid":{"rendered":"https:\/\/www.lesecretvendome.fr\/?post_type=product&#038;p=1916"},"modified":"2025-11-22T23:47:50","modified_gmt":"2025-11-22T22:47:50","slug":"drainage-lymphatique","status":"publish","type":"product","link":"https:\/\/spavendome.fr\/en\/service\/drainage-lymphatique\/","title":{"rendered":"Drainage Lymphatique | Soin du Corps Expert \u00e0 Paris"},"content":{"rendered":"<h2>Drainage Lymphatique : Soin D\u00e9tox et Bien-\u00catre<\/h2>\n<p>Le <strong>drainage lymphatique<\/strong> est un soin manuel doux et cibl\u00e9 qui vise \u00e0 stimuler la circulation de la lymphe dans le corps. En activant le syst\u00e8me lymphatique, ce soin aide \u00e0 \u00e9liminer les toxines, r\u00e9duit la r\u00e9tention d&rsquo;eau et favorise le d\u00e9stockage des graisses. Il est particuli\u00e8rement b\u00e9n\u00e9fique pour apaiser les jambes lourdes, affiner la silhouette, et am\u00e9liorer l&rsquo;\u00e9tat de la peau en offrant une sensation de l\u00e9g\u00e8ret\u00e9 et de bien-\u00eatre. Ce traitement est reconnu pour ses effets relaxants et d\u00e9toxifiants.<\/p>\n<h3>Pour qui ?<\/h3>\n<p>Le drainage lymphatique est id\u00e9al pour celles et ceux qui souhaitent stimuler la circulation lymphatique, r\u00e9duire les gonflements et favoriser la d\u00e9toxification du corps. Il convient \u00e9galement aux personnes sujettes \u00e0 la r\u00e9tention d&rsquo;eau ou \u00e0 des probl\u00e8mes circulatoires.<\/p>\n<h3>Technique<\/h3>\n<p>Cette technique douce et relaxante consiste en des mouvements manuels sp\u00e9cifiques, r\u00e9alis\u00e9s par une praticienne form\u00e9e, pour stimuler le syst\u00e8me lymphatique et aider \u00e0 l\u2019\u00e9limination des toxines et des d\u00e9chets accumul\u00e9s dans l&rsquo;organisme.<\/p>\n<h3>R\u00e9sultats<\/h3>\n<ul>\n<li>R\u00e9duction de la r\u00e9tention d\u2019eau<\/li>\n<li>Silhouette affin\u00e9e et peau plus lisse<\/li>\n<li>Diminution des gonflements<\/li>\n<li>Sensation de l\u00e9g\u00e8ret\u00e9 et am\u00e9lioration du bien-\u00eatre g\u00e9n\u00e9ral<\/li>\n<\/ul>\n<h3>Pr\u00e9cautions et contre-indications<\/h3>\n<ul>\n<li>Femmes enceintes (sauf avis m\u00e9dical)<\/li>\n<li>Personnes souffrant de troubles circulatoires graves (varices, phl\u00e9bite, etc.)<\/li>\n<li>Peaux irrit\u00e9es ou pr\u00e9sentant des inflammations<\/li>\n<li>Certaines maladies de peau (ecz\u00e9ma, psoriasis, etc.)<\/li>\n<li>Personnes ayant des probl\u00e8mes de sant\u00e9 li\u00e9s aux reins ou au c\u0153ur doivent consulter un professionnel avant de suivre\n<div id=\"amelia-cal-30\" style=\"display: none; margin-top: 24px;\">\n<script>\n  if (typeof hasAmeliaEntitiesApiCall === 'undefined' && ('' === '' && '' !== '1')) {\n    var hasAmeliaEntitiesApiCall = true;\n  }\n  var ameliaShortcodeData = (typeof ameliaShortcodeData === 'undefined') ? [] : ameliaShortcodeData;\n  ameliaShortcodeData.push(\n    {\n      'hasApiCall': (typeof hasAmeliaEntitiesApiCall !== 'undefined') && hasAmeliaEntitiesApiCall,\n      'trigger': '',\n      'trigger_type': '',\n      'triggered_form': 'sbsNew',\n      'in_dialog': '',\n      'show': 'services',\n      'counter': '1000',\n      'category': '30',\n      'service': '',\n      'employee': '2',\n      'location': '',\n      'package': '',\n      'layout': '1',\n    }\n  );\n\n  var ameliaShortcodeDataTriggered = (typeof ameliaShortcodeDataTriggered === 'undefined') ? [] : ameliaShortcodeDataTriggered;\n  if (ameliaShortcodeData[ameliaShortcodeData.length - 1].trigger !== '') {\n    if (ameliaShortcodeDataTriggered.filter(a => a.counter === ameliaShortcodeData[ameliaShortcodeData.length - 1].counter).length === 0) {\n      ameliaShortcodeDataTriggered.push(ameliaShortcodeData.pop());\n    } else {\n      ameliaShortcodeData.pop()\n    }\n  }\n  if (typeof hasAmeliaEntitiesApiCall !== 'undefined' && hasAmeliaEntitiesApiCall) {\n    hasAmeliaEntitiesApiCall = false;\n  }\n<\/script>\n\n<div\n  id=\"amelia-v2-booking-1000\"\n  class=\"amelia-v2-booking\"\n >\n    <step-form-wrapper><\/step-form-wrapper><\/div>\n<\/div>\n","protected":false},"excerpt":{"rendered":"<p>Le Drainage Lymphatique est un soin manuel doux qui stimule la circulation de la lymphe, r\u00e9duit la r\u00e9tention d\u2019eau et offre une sensation de l\u00e9g\u00e8ret\u00e9 et de bien-\u00eatre.<\/p>","protected":false},"featured_media":1594,"comment_status":"open","ping_status":"closed","template":"","meta":{"_monsterinsights_skip_tracking":false,"_monsterinsights_sitenote_active":false,"_monsterinsights_sitenote_note":"","_monsterinsights_sitenote_category":0,"_joinchat":[]},"product_brand":[],"product_cat":[60],"product_tag":[],"giftcard-category":[],"class_list":{"0":"post-1916","1":"product","2":"type-product","3":"status-publish","4":"has-post-thumbnail","6":"product_cat-soins-amincissants","7":"latest_post","9":"first","10":"instock","11":"virtual","12":"taxable","13":"purchasable","14":"product-type-simple"},"jetpack_sharing_enabled":true,"_links":{"self":[{"href":"https:\/\/spavendome.fr\/en\/wp-json\/wp\/v2\/product\/1916","targetHints":{"allow":["GET"]}}],"collection":[{"href":"https:\/\/spavendome.fr\/en\/wp-json\/wp\/v2\/product"}],"about":[{"href":"https:\/\/spavendome.fr\/en\/wp-json\/wp\/v2\/types\/product"}],"replies":[{"embeddable":true,"href":"https:\/\/spavendome.fr\/en\/wp-json\/wp\/v2\/comments?post=1916"}],"wp:featuredmedia":[{"embeddable":true,"href":"https:\/\/spavendome.fr\/en\/wp-json\/wp\/v2\/media\/1594"}],"wp:attachment":[{"href":"https:\/\/spavendome.fr\/en\/wp-json\/wp\/v2\/media?parent=1916"}],"wp:term":[{"taxonomy":"product_brand","embeddable":true,"href":"https:\/\/spavendome.fr\/en\/wp-json\/wp\/v2\/product_brand?post=1916"},{"taxonomy":"product_cat","embeddable":true,"href":"https:\/\/spavendome.fr\/en\/wp-json\/wp\/v2\/product_cat?post=1916"},{"taxonomy":"product_tag","embeddable":true,"href":"https:\/\/spavendome.fr\/en\/wp-json\/wp\/v2\/product_tag?post=1916"},{"taxonomy":"giftcard-category","embeddable":true,"href":"https:\/\/spavendome.fr\/en\/wp-json\/wp\/v2\/giftcard-category?post=1916"}],"curies":[{"name":"wp","href":"https:\/\/api.w.org\/{rel}","templated":true}]}}