{"id":1404,"date":"2025-10-01T12:53:59","date_gmt":"2025-10-01T12:53:59","guid":{"rendered":"https:\/\/www.luno3284.odns.fr\/?post_type=product&#038;p=1404"},"modified":"2025-11-22T23:47:53","modified_gmt":"2025-11-22T22:47:53","slug":"massage-du-dos","status":"publish","type":"product","link":"https:\/\/spavendome.fr\/en\/service\/massage-du-dos\/","title":{"rendered":"Massage du Dos \u2013 Soulagement &#038; D\u00e9tente Profonde \u00e0 Paris"},"content":{"rendered":"<h2>Massage du Dos \u2013 Soulagement &amp; D\u00e9tente Profonde \u00e0 Paris<\/h2>\n<p>Le <strong>Massage du Dos Paris<\/strong> est un soin cibl\u00e9 sur les zones les plus souvent tendues : dos, nuque et \u00e9paules. Gr\u00e2ce \u00e0 des pressions localis\u00e9es, des p\u00e9trissages et des mouvements profonds, il rel\u00e2che les n\u0153uds, am\u00e9liore la circulation sanguine et lib\u00e8re les tensions accumul\u00e9es pour un confort imm\u00e9diat.<\/p>\n<h3>Un soin cibl\u00e9 et efficace<\/h3>\n<p>Le <strong>massage dos nuque \u00e9paules Paris<\/strong> est con\u00e7u pour soulager les tensions li\u00e9es \u00e0 une posture prolong\u00e9e, au stress ou aux surcharges musculaires. Chaque mouvement est pens\u00e9 pour d\u00e9nouer les tensions et restaurer la libert\u00e9 de mouvement, offrant un <strong>massage d\u00e9tente musculaire Paris<\/strong> efficace et relaxant.<\/p>\n<h3>Bienfaits pour le corps et l\u2019esprit<\/h3>\n<p>Le <strong>massage cibl\u00e9 dos Paris<\/strong> favorise la d\u00e9tente des muscles profonds, am\u00e9liore la respiration et stimule la circulation. Il procure un rel\u00e2chement imm\u00e9diat des tensions, r\u00e9duit le stress et permet de retrouver une posture \u00e9quilibr\u00e9e, renfor\u00e7ant ainsi le bien-\u00eatre g\u00e9n\u00e9ral.<\/p>\n<h3>Une exp\u00e9rience de confort et de s\u00e9r\u00e9nit\u00e9<\/h3>\n<p>Profitez d\u2019un <strong>massage rel\u00e2chement tension Paris<\/strong> r\u00e9alis\u00e9 par nos praticiennes qualifi\u00e9es. Ce <strong>soin relaxation dos Paris<\/strong> est id\u00e9al pour se reconnecter \u00e0 son corps, am\u00e9liorer le confort postural et retrouver une sensation de l\u00e9g\u00e8ret\u00e9 et d\u2019apaisement durable.<\/p>\n<p>R\u00e9servez d\u00e8s maintenant votre <strong>Massage du Dos<\/strong> \u00e0 Paris et laissez-vous envelopper par un soin cibl\u00e9, apaisant et revitalisant.<\/p>\n<div id=\"amelia-cal-10\" style=\"display: none; margin-top: 24px;\">\n<script>\n  if (typeof hasAmeliaEntitiesApiCall === 'undefined' && ('' === '' && '' !== '1')) {\n    var hasAmeliaEntitiesApiCall = true;\n  }\n  var ameliaShortcodeData = (typeof ameliaShortcodeData === 'undefined') ? [] : ameliaShortcodeData;\n  ameliaShortcodeData.push(\n    {\n      'hasApiCall': (typeof hasAmeliaEntitiesApiCall !== 'undefined') && hasAmeliaEntitiesApiCall,\n      'trigger': '',\n      'trigger_type': '',\n      'triggered_form': 'sbsNew',\n      'in_dialog': '',\n      'show': 'services',\n      'counter': '1000',\n      'category': '',\n      'service': '10',\n      'employee': '1',\n      'location': '',\n      'package': '',\n      'layout': '1',\n    }\n  );\n\n  var ameliaShortcodeDataTriggered = (typeof ameliaShortcodeDataTriggered === 'undefined') ? [] : ameliaShortcodeDataTriggered;\n  if (ameliaShortcodeData[ameliaShortcodeData.length - 1].trigger !== '') {\n    if (ameliaShortcodeDataTriggered.filter(a => a.counter === ameliaShortcodeData[ameliaShortcodeData.length - 1].counter).length === 0) {\n      ameliaShortcodeDataTriggered.push(ameliaShortcodeData.pop());\n    } else {\n      ameliaShortcodeData.pop()\n    }\n  }\n  if (typeof hasAmeliaEntitiesApiCall !== 'undefined' && hasAmeliaEntitiesApiCall) {\n    hasAmeliaEntitiesApiCall = false;\n  }\n<\/script>\n\n<div\n  id=\"amelia-v2-booking-1000\"\n  class=\"amelia-v2-booking\"\n >\n    <step-form-wrapper><\/step-form-wrapper><\/div>\n<\/div>\n","protected":false},"excerpt":{"rendered":"<p data-start=\"721\" data-end=\"881\"><strong data-start=\"721\" data-end=\"739\">Massage du Dos<\/strong> \u00e0 Paris : un soin cibl\u00e9 pour soulager les tensions musculaires, d\u00e9tendre la nuque et les \u00e9paules, et retrouver posture et confort imm\u00e9diat.<\/p>","protected":false},"featured_media":1561,"comment_status":"open","ping_status":"closed","template":"","meta":{"_monsterinsights_skip_tracking":false,"_monsterinsights_sitenote_active":false,"_monsterinsights_sitenote_note":"","_monsterinsights_sitenote_category":0,"_joinchat":[]},"product_brand":[],"product_cat":[41],"product_tag":[],"giftcard-category":[],"class_list":{"0":"post-1404","1":"product","2":"type-product","3":"status-publish","4":"has-post-thumbnail","6":"product_cat-massages","7":"latest_post","9":"first","10":"instock","11":"virtual","12":"taxable","13":"purchasable","14":"product-type-simple"},"jetpack_sharing_enabled":true,"_links":{"self":[{"href":"https:\/\/spavendome.fr\/en\/wp-json\/wp\/v2\/product\/1404","targetHints":{"allow":["GET"]}}],"collection":[{"href":"https:\/\/spavendome.fr\/en\/wp-json\/wp\/v2\/product"}],"about":[{"href":"https:\/\/spavendome.fr\/en\/wp-json\/wp\/v2\/types\/product"}],"replies":[{"embeddable":true,"href":"https:\/\/spavendome.fr\/en\/wp-json\/wp\/v2\/comments?post=1404"}],"wp:featuredmedia":[{"embeddable":true,"href":"https:\/\/spavendome.fr\/en\/wp-json\/wp\/v2\/media\/1561"}],"wp:attachment":[{"href":"https:\/\/spavendome.fr\/en\/wp-json\/wp\/v2\/media?parent=1404"}],"wp:term":[{"taxonomy":"product_brand","embeddable":true,"href":"https:\/\/spavendome.fr\/en\/wp-json\/wp\/v2\/product_brand?post=1404"},{"taxonomy":"product_cat","embeddable":true,"href":"https:\/\/spavendome.fr\/en\/wp-json\/wp\/v2\/product_cat?post=1404"},{"taxonomy":"product_tag","embeddable":true,"href":"https:\/\/spavendome.fr\/en\/wp-json\/wp\/v2\/product_tag?post=1404"},{"taxonomy":"giftcard-category","embeddable":true,"href":"https:\/\/spavendome.fr\/en\/wp-json\/wp\/v2\/giftcard-category?post=1404"}],"curies":[{"name":"wp","href":"https:\/\/api.w.org\/{rel}","templated":true}]}}