{"id":1400,"date":"2025-10-01T12:41:30","date_gmt":"2025-10-01T12:41:30","guid":{"rendered":"https:\/\/www.luno3284.odns.fr\/?post_type=product&#038;p=1400"},"modified":"2025-11-22T23:47:54","modified_gmt":"2025-11-22T22:47:54","slug":"reflexologie-plantaire","status":"publish","type":"product","link":"https:\/\/spavendome.fr\/en\/service\/reflexologie-plantaire\/","title":{"rendered":"R\u00e9flexologie Plantaire \u2013 \u00c9quilibre &#038; D\u00e9tente \u00e0 Paris"},"content":{"rendered":"<h2>R\u00e9flexologie Plantaire \u2013 \u00c9quilibre &amp; D\u00e9tente \u00e0 Paris<\/h2>\n<p>La <strong>R\u00e9flexologie Plantaire Paris<\/strong> est un massage ancestral bas\u00e9 sur la stimulation des points r\u00e9flexes des pieds, reli\u00e9s \u00e0 chaque organe et zone du corps. Cette technique permet de r\u00e9tablir l\u2019\u00e9quilibre \u00e9nerg\u00e9tique, stimuler les fonctions vitales et rel\u00e2cher les tensions internes.<\/p>\n<h3>Un soin pr\u00e9ventif et r\u00e9parateur<\/h3>\n<p>Le <strong>massage pieds \u00e9nerg\u00e9tiques Paris<\/strong> agit en profondeur sur le syst\u00e8me nerveux, digestif et lymphatique, favorisant la r\u00e9g\u00e9n\u00e9ration naturelle du corps. Chaque pression est pens\u00e9e pour offrir un <strong>soin d\u00e9tente r\u00e9flexes plantaires Paris<\/strong> complet et efficace.<\/p>\n<h3>Bienfaits physiques et \u00e9motionnels<\/h3>\n<p>La <strong>r\u00e9flexologie bien-\u00eatre Paris<\/strong> contribue \u00e0 harmoniser le corps et apaiser l\u2019esprit, r\u00e9duisant le stress et am\u00e9liorant la circulation \u00e9nerg\u00e9tique. Le <strong>massage \u00e9quilibre corps esprit Paris<\/strong> procure une sensation de l\u00e9g\u00e8ret\u00e9 et de relaxation globale.<\/p>\n<h3>Une exp\u00e9rience relaxante unique<\/h3>\n<p>Profitez d\u2019un <strong>soin relaxation pieds Paris<\/strong> r\u00e9alis\u00e9 par nos professionnelles, pour une exp\u00e9rience sensorielle compl\u00e8te. La <strong>R\u00e9flexologie Plantaire Paris<\/strong> est id\u00e9ale pour harmoniser le corps, stimuler les fonctions vitales et offrir un moment privil\u00e9gi\u00e9 de d\u00e9tente et de bien-\u00eatre.<\/p>\n<p>R\u00e9servez votre <strong>R\u00e9flexologie Plantaire<\/strong> \u00e0 Paris et laissez vos pieds retrouver confort, \u00e9nergie et relaxation profonde.<\/p>\n<div id=\"amelia-cal-20\" style=\"display: none; margin-top: 24px;\">\n<script>\n  if (typeof hasAmeliaEntitiesApiCall === 'undefined' && ('' === '' && '' !== '1')) {\n    var hasAmeliaEntitiesApiCall = true;\n  }\n  var ameliaShortcodeData = (typeof ameliaShortcodeData === 'undefined') ? [] : ameliaShortcodeData;\n  ameliaShortcodeData.push(\n    {\n      'hasApiCall': (typeof hasAmeliaEntitiesApiCall !== 'undefined') && hasAmeliaEntitiesApiCall,\n      'trigger': '',\n      'trigger_type': '',\n      'triggered_form': 'sbsNew',\n      'in_dialog': '',\n      'show': 'services',\n      'counter': '1000',\n      'category': '',\n      'service': '20',\n      'employee': '1',\n      'location': '',\n      'package': '',\n      'layout': '1',\n    }\n  );\n\n  var ameliaShortcodeDataTriggered = (typeof ameliaShortcodeDataTriggered === 'undefined') ? [] : ameliaShortcodeDataTriggered;\n  if (ameliaShortcodeData[ameliaShortcodeData.length - 1].trigger !== '') {\n    if (ameliaShortcodeDataTriggered.filter(a => a.counter === ameliaShortcodeData[ameliaShortcodeData.length - 1].counter).length === 0) {\n      ameliaShortcodeDataTriggered.push(ameliaShortcodeData.pop());\n    } else {\n      ameliaShortcodeData.pop()\n    }\n  }\n  if (typeof hasAmeliaEntitiesApiCall !== 'undefined' && hasAmeliaEntitiesApiCall) {\n    hasAmeliaEntitiesApiCall = false;\n  }\n<\/script>\n\n<div\n  id=\"amelia-v2-booking-1000\"\n  class=\"amelia-v2-booking\"\n >\n    <step-form-wrapper><\/step-form-wrapper><\/div>\n<\/div>\n","protected":false},"excerpt":{"rendered":"<p data-start=\"706\" data-end=\"871\"><strong data-start=\"706\" data-end=\"732\">R\u00e9flexologie Plantaire<\/strong> \u00e0 Paris : un massage des pieds qui stimule les points r\u00e9flexes, r\u00e9tablit l\u2019\u00e9quilibre \u00e9nerg\u00e9tique et procure d\u00e9tente et bien-\u00eatre global.<\/p>","protected":false},"featured_media":1725,"comment_status":"open","ping_status":"closed","template":"","meta":{"_monsterinsights_skip_tracking":false,"_monsterinsights_sitenote_active":false,"_monsterinsights_sitenote_note":"","_monsterinsights_sitenote_category":0,"_joinchat":[]},"product_brand":[],"product_cat":[41],"product_tag":[],"giftcard-category":[],"class_list":{"0":"post-1400","1":"product","2":"type-product","3":"status-publish","4":"has-post-thumbnail","6":"product_cat-massages","7":"latest_post","9":"first","10":"instock","11":"virtual","12":"taxable","13":"purchasable","14":"product-type-simple"},"jetpack_sharing_enabled":true,"_links":{"self":[{"href":"https:\/\/spavendome.fr\/en\/wp-json\/wp\/v2\/product\/1400","targetHints":{"allow":["GET"]}}],"collection":[{"href":"https:\/\/spavendome.fr\/en\/wp-json\/wp\/v2\/product"}],"about":[{"href":"https:\/\/spavendome.fr\/en\/wp-json\/wp\/v2\/types\/product"}],"replies":[{"embeddable":true,"href":"https:\/\/spavendome.fr\/en\/wp-json\/wp\/v2\/comments?post=1400"}],"wp:featuredmedia":[{"embeddable":true,"href":"https:\/\/spavendome.fr\/en\/wp-json\/wp\/v2\/media\/1725"}],"wp:attachment":[{"href":"https:\/\/spavendome.fr\/en\/wp-json\/wp\/v2\/media?parent=1400"}],"wp:term":[{"taxonomy":"product_brand","embeddable":true,"href":"https:\/\/spavendome.fr\/en\/wp-json\/wp\/v2\/product_brand?post=1400"},{"taxonomy":"product_cat","embeddable":true,"href":"https:\/\/spavendome.fr\/en\/wp-json\/wp\/v2\/product_cat?post=1400"},{"taxonomy":"product_tag","embeddable":true,"href":"https:\/\/spavendome.fr\/en\/wp-json\/wp\/v2\/product_tag?post=1400"},{"taxonomy":"giftcard-category","embeddable":true,"href":"https:\/\/spavendome.fr\/en\/wp-json\/wp\/v2\/giftcard-category?post=1400"}],"curies":[{"name":"wp","href":"https:\/\/api.w.org\/{rel}","templated":true}]}}