{"id":1397,"date":"2025-10-01T12:39:38","date_gmt":"2025-10-01T12:39:38","guid":{"rendered":"https:\/\/www.luno3284.odns.fr\/?post_type=product&#038;p=1397"},"modified":"2025-11-22T23:47:54","modified_gmt":"2025-11-22T22:47:54","slug":"massage-capillaire","status":"publish","type":"product","link":"https:\/\/spavendome.fr\/en\/service\/massage-capillaire\/","title":{"rendered":"Massage Capillaire \u2013 Revitalisation &#038; D\u00e9tente \u00e0 Paris"},"content":{"rendered":"<h2 data-rm-block-id=\"block-1\">Massage Capillaire \u2013 Revitalisation &amp; D\u00e9tente \u00e0 Paris<\/h2>\n<p data-rm-block-id=\"block-2\">Le <strong>Massage Capillaire Paris<\/strong> est un soin relaxant et revitalisant con\u00e7u pour stimuler le cuir chevelu et am\u00e9liorer la circulation sanguine. Gr\u00e2ce \u00e0 des gestes doux et cibl\u00e9s, il d\u00e9tend les tensions au niveau de la t\u00eate et du cou, tout en nourrissant les follicules pour des cheveux plus forts et en meilleure sant\u00e9.<\/p>\n<h3 data-rm-block-id=\"block-3\">Un soin adapt\u00e9 \u00e0 vos besoins<\/h3>\n<p data-rm-block-id=\"block-4\">Pratiqu\u00e9 par nos professionnelles qualifi\u00e9es, le <strong>massage cuir chevelu Paris<\/strong> soulage les tensions, r\u00e9duit le stress et apporte une profonde sensation de calme. Chaque mouvement est pens\u00e9 pour stimuler la vitalit\u00e9 du cuir chevelu et favoriser la croissance des cheveux, offrant un <strong>soin cheveux revitalisant Paris<\/strong> complet et efficace.<\/p>\n<h3 data-rm-block-id=\"block-5\">Bienfaits pour le corps et l\u2019esprit<\/h3>\n<p data-rm-block-id=\"block-6\">Le <strong>massage d\u00e9tente t\u00eate &amp; cou Paris<\/strong> aide \u00e0 r\u00e9duire les maux de t\u00eate li\u00e9s au stress et am\u00e9liore le bien-\u00eatre g\u00e9n\u00e9ral. Les huiles essentielles utilis\u00e9es sont adapt\u00e9es \u00e0 votre type de cheveux, apportant hydratation, nutrition et fra\u00eecheur, tout en intensifiant la sensation de relaxation.<\/p>\n<h3 data-rm-block-id=\"block-7\">Une exp\u00e9rience sensorielle unique<\/h3>\n<p data-rm-block-id=\"block-8\">Offrez-vous un moment de <strong>soin relaxant cuir chevelu Paris<\/strong> et profitez d\u2019une sensation de l\u00e9g\u00e8ret\u00e9 et de bien-\u00eatre total. Le <strong>massage stimulant croissance cheveux Paris<\/strong> est une v\u00e9ritable parenth\u00e8se de d\u00e9tente, id\u00e9ale pour revitaliser vos cheveux et retrouver harmonie et s\u00e9r\u00e9nit\u00e9.<\/p>\n<p data-rm-block-id=\"block-9\">R\u00e9servez votre <strong>Massage Capillaire<\/strong> \u00e0 Paris et laissez-vous envelopper par un soin qui allie relaxation, vitalit\u00e9 et soin capillaire de qualit\u00e9 professionnelle.<\/p>\n<div id=\"amelia-cal-8\" style=\"display: none; margin-top: 24px;\" data-rm-block-id=\"block-10\">\n<script>\n  if (typeof hasAmeliaEntitiesApiCall === 'undefined' && ('' === '' && '' !== '1')) {\n    var hasAmeliaEntitiesApiCall = true;\n  }\n  var ameliaShortcodeData = (typeof ameliaShortcodeData === 'undefined') ? [] : ameliaShortcodeData;\n  ameliaShortcodeData.push(\n    {\n      'hasApiCall': (typeof hasAmeliaEntitiesApiCall !== 'undefined') && hasAmeliaEntitiesApiCall,\n      'trigger': '',\n      'trigger_type': '',\n      'triggered_form': 'sbsNew',\n      'in_dialog': '',\n      'show': 'services',\n      'counter': '1000',\n      'category': '',\n      'service': '8',\n      'employee': '1',\n      'location': '',\n      'package': '',\n      'layout': '1',\n    }\n  );\n\n  var ameliaShortcodeDataTriggered = (typeof ameliaShortcodeDataTriggered === 'undefined') ? [] : ameliaShortcodeDataTriggered;\n  if (ameliaShortcodeData[ameliaShortcodeData.length - 1].trigger !== '') {\n    if (ameliaShortcodeDataTriggered.filter(a => a.counter === ameliaShortcodeData[ameliaShortcodeData.length - 1].counter).length === 0) {\n      ameliaShortcodeDataTriggered.push(ameliaShortcodeData.pop());\n    } else {\n      ameliaShortcodeData.pop()\n    }\n  }\n  if (typeof hasAmeliaEntitiesApiCall !== 'undefined' && hasAmeliaEntitiesApiCall) {\n    hasAmeliaEntitiesApiCall = false;\n  }\n<\/script>\n\n<div\n  id=\"amelia-v2-booking-1000\"\n  class=\"amelia-v2-booking\"\n >\n    <step-form-wrapper><\/step-form-wrapper><\/div>\n<\/div>\n","protected":false},"excerpt":{"rendered":"<p data-start=\"744\" data-end=\"901\"><strong data-start=\"744\" data-end=\"766\">Massage Capillaire<\/strong> \u00e0 Paris : un soin relaxant et revitalisant pour stimuler le cuir chevelu, apaiser les tensions et favoriser la vitalit\u00e9 des cheveux.<\/p>","protected":false},"featured_media":1563,"comment_status":"open","ping_status":"closed","template":"","meta":{"_monsterinsights_skip_tracking":false,"_monsterinsights_sitenote_active":false,"_monsterinsights_sitenote_note":"","_monsterinsights_sitenote_category":0,"_joinchat":[]},"product_brand":[],"product_cat":[41],"product_tag":[],"giftcard-category":[],"class_list":{"0":"post-1397","1":"product","2":"type-product","3":"status-publish","4":"has-post-thumbnail","6":"product_cat-massages","7":"latest_post","9":"first","10":"instock","11":"virtual","12":"taxable","13":"purchasable","14":"product-type-simple"},"jetpack_sharing_enabled":true,"_links":{"self":[{"href":"https:\/\/spavendome.fr\/en\/wp-json\/wp\/v2\/product\/1397","targetHints":{"allow":["GET"]}}],"collection":[{"href":"https:\/\/spavendome.fr\/en\/wp-json\/wp\/v2\/product"}],"about":[{"href":"https:\/\/spavendome.fr\/en\/wp-json\/wp\/v2\/types\/product"}],"replies":[{"embeddable":true,"href":"https:\/\/spavendome.fr\/en\/wp-json\/wp\/v2\/comments?post=1397"}],"wp:featuredmedia":[{"embeddable":true,"href":"https:\/\/spavendome.fr\/en\/wp-json\/wp\/v2\/media\/1563"}],"wp:attachment":[{"href":"https:\/\/spavendome.fr\/en\/wp-json\/wp\/v2\/media?parent=1397"}],"wp:term":[{"taxonomy":"product_brand","embeddable":true,"href":"https:\/\/spavendome.fr\/en\/wp-json\/wp\/v2\/product_brand?post=1397"},{"taxonomy":"product_cat","embeddable":true,"href":"https:\/\/spavendome.fr\/en\/wp-json\/wp\/v2\/product_cat?post=1397"},{"taxonomy":"product_tag","embeddable":true,"href":"https:\/\/spavendome.fr\/en\/wp-json\/wp\/v2\/product_tag?post=1397"},{"taxonomy":"giftcard-category","embeddable":true,"href":"https:\/\/spavendome.fr\/en\/wp-json\/wp\/v2\/giftcard-category?post=1397"}],"curies":[{"name":"wp","href":"https:\/\/api.w.org\/{rel}","templated":true}]}}