{"id":1395,"date":"2025-10-01T12:36:53","date_gmt":"2025-10-01T12:36:53","guid":{"rendered":"https:\/\/www.luno3284.odns.fr\/?post_type=product&#038;p=1395"},"modified":"2025-11-22T23:47:54","modified_gmt":"2025-11-22T22:47:54","slug":"massage-les-4-secrets-4-mains","status":"publish","type":"product","link":"https:\/\/spavendome.fr\/en\/service\/massage-les-4-secrets-4-mains\/","title":{"rendered":"Massage Les 4 Secrets (4 mains) \u2013 Luxe &#038; D\u00e9tente Absolue \u00e0 Paris"},"content":{"rendered":"<h2>Massage Les 4 Secrets \u2013 Luxe &amp; D\u00e9tente Absolue \u00e0 Paris<\/h2>\n<p>Le <strong>Massage Les 4 Secrets Paris<\/strong> est une cr\u00e9ation exclusive du Secret Vend\u00f4me, mobilisant simultan\u00e9ment deux praticiens qui massent le corps en parfaite harmonie. Chaque geste, fluide et synchronis\u00e9, enveloppe le corps entier dans une vague continue de douceur et d\u2019attention.<\/p>\n<h3>Une exp\u00e9rience sensorielle unique<\/h3>\n<p>Le <strong>massage 4 mains Paris<\/strong> offre une double stimulation qui amplifie la d\u00e9tente, favorise le l\u00e2cher-prise imm\u00e9diat et permet de rel\u00e2cher les tensions en profondeur. Le <strong>massage corps entier luxe Paris<\/strong> procure une sensation de symphonie du toucher, combinant fluidit\u00e9 et pr\u00e9cision pour un bien-\u00eatre complet.<\/p>\n<h3>Relaxation et r\u00e9\u00e9quilibrage des \u00e9nergies<\/h3>\n<p>Le <strong>soin d\u00e9tente profonde Paris<\/strong> r\u00e9tablit l\u2019\u00e9quilibre \u00e9nerg\u00e9tique du corps et apaise l\u2019esprit. Cette approche synchronis\u00e9e privil\u00e9gie la relaxation musculaire et mentale, permettant de profiter pleinement de chaque moment de l\u2019exp\u00e9rience. Le <strong>massage synchronis\u00e9 bien-\u00eatre Paris<\/strong> est id\u00e9al pour ceux qui recherchent un soin hors du commun, luxueux et sur-mesure.<\/p>\n<h3>Un moment de luxe inoubliable<\/h3>\n<p>Le <strong>Massage Les 4 Secrets Paris<\/strong> est une v\u00e9ritable exp\u00e9rience haut de gamme, pens\u00e9e pour offrir une parenth\u00e8se de d\u00e9tente totale et de confort absolu. L&rsquo;exp\u00e9rience<strong>\u00a0massage haut de gamme Paris<\/strong> est parfaite pour s\u2019offrir un moment privil\u00e9gi\u00e9 et m\u00e9morable, seul ou en duo.<\/p>\n<p>R\u00e9servez votre <strong>Massage Les 4 Secrets<\/strong> \u00e0 Paris et laissez-vous transporter par cette exp\u00e9rience unique de luxe, de d\u00e9tente et d\u2019harmonie.<\/p>\n<div id=\"amelia-cal-12\" style=\"display: none; margin-top: 24px;\">\n<script>\n  if (typeof hasAmeliaEntitiesApiCall === 'undefined' && ('' === '' && '' !== '1')) {\n    var hasAmeliaEntitiesApiCall = true;\n  }\n  var ameliaShortcodeData = (typeof ameliaShortcodeData === 'undefined') ? [] : ameliaShortcodeData;\n  ameliaShortcodeData.push(\n    {\n      'hasApiCall': (typeof hasAmeliaEntitiesApiCall !== 'undefined') && hasAmeliaEntitiesApiCall,\n      'trigger': '',\n      'trigger_type': '',\n      'triggered_form': 'sbsNew',\n      'in_dialog': '',\n      'show': 'services',\n      'counter': '1000',\n      'category': '',\n      'service': '12',\n      'employee': '1',\n      'location': '',\n      'package': '',\n      'layout': '1',\n    }\n  );\n\n  var ameliaShortcodeDataTriggered = (typeof ameliaShortcodeDataTriggered === 'undefined') ? [] : ameliaShortcodeDataTriggered;\n  if (ameliaShortcodeData[ameliaShortcodeData.length - 1].trigger !== '') {\n    if (ameliaShortcodeDataTriggered.filter(a => a.counter === ameliaShortcodeData[ameliaShortcodeData.length - 1].counter).length === 0) {\n      ameliaShortcodeDataTriggered.push(ameliaShortcodeData.pop());\n    } else {\n      ameliaShortcodeData.pop()\n    }\n  }\n  if (typeof hasAmeliaEntitiesApiCall !== 'undefined' && hasAmeliaEntitiesApiCall) {\n    hasAmeliaEntitiesApiCall = false;\n  }\n<\/script>\n\n<div\n  id=\"amelia-v2-booking-1000\"\n  class=\"amelia-v2-booking\"\n >\n    <step-form-wrapper><\/step-form-wrapper><\/div>\n<\/div>\n","protected":false},"excerpt":{"rendered":"<p data-start=\"744\" data-end=\"916\"><strong data-start=\"744\" data-end=\"769\">Massage Les 4 Secrets<\/strong> \u00e0 Paris : une exp\u00e9rience de luxe \u00e0 quatre mains pour une d\u00e9tente profonde, un l\u00e2cher-prise total et un bien-\u00eatre absolu du corps et de l\u2019esprit.<\/p>","protected":false},"featured_media":1564,"comment_status":"open","ping_status":"closed","template":"","meta":{"_monsterinsights_skip_tracking":false,"_monsterinsights_sitenote_active":false,"_monsterinsights_sitenote_note":"","_monsterinsights_sitenote_category":0,"_joinchat":[]},"product_brand":[],"product_cat":[41],"product_tag":[],"giftcard-category":[],"class_list":{"0":"post-1395","1":"product","2":"type-product","3":"status-publish","4":"has-post-thumbnail","6":"product_cat-massages","7":"latest_post","9":"first","10":"instock","11":"virtual","12":"taxable","13":"purchasable","14":"product-type-simple"},"jetpack_sharing_enabled":true,"_links":{"self":[{"href":"https:\/\/spavendome.fr\/en\/wp-json\/wp\/v2\/product\/1395","targetHints":{"allow":["GET"]}}],"collection":[{"href":"https:\/\/spavendome.fr\/en\/wp-json\/wp\/v2\/product"}],"about":[{"href":"https:\/\/spavendome.fr\/en\/wp-json\/wp\/v2\/types\/product"}],"replies":[{"embeddable":true,"href":"https:\/\/spavendome.fr\/en\/wp-json\/wp\/v2\/comments?post=1395"}],"wp:featuredmedia":[{"embeddable":true,"href":"https:\/\/spavendome.fr\/en\/wp-json\/wp\/v2\/media\/1564"}],"wp:attachment":[{"href":"https:\/\/spavendome.fr\/en\/wp-json\/wp\/v2\/media?parent=1395"}],"wp:term":[{"taxonomy":"product_brand","embeddable":true,"href":"https:\/\/spavendome.fr\/en\/wp-json\/wp\/v2\/product_brand?post=1395"},{"taxonomy":"product_cat","embeddable":true,"href":"https:\/\/spavendome.fr\/en\/wp-json\/wp\/v2\/product_cat?post=1395"},{"taxonomy":"product_tag","embeddable":true,"href":"https:\/\/spavendome.fr\/en\/wp-json\/wp\/v2\/product_tag?post=1395"},{"taxonomy":"giftcard-category","embeddable":true,"href":"https:\/\/spavendome.fr\/en\/wp-json\/wp\/v2\/giftcard-category?post=1395"}],"curies":[{"name":"wp","href":"https:\/\/api.w.org\/{rel}","templated":true}]}}