{"id":1393,"date":"2025-10-01T12:33:51","date_gmt":"2025-10-01T12:33:51","guid":{"rendered":"https:\/\/www.luno3284.odns.fr\/?post_type=product&#038;p=1393"},"modified":"2025-11-22T23:47:55","modified_gmt":"2025-11-22T22:47:55","slug":"massage-shiatsu","status":"publish","type":"product","link":"https:\/\/spavendome.fr\/en\/service\/massage-shiatsu\/","title":{"rendered":"Massage Shiatsu \u2013 \u00c9nergie &#038; Harmonie \u00e0 Paris"},"content":{"rendered":"<h2>Massage Shiatsu \u2013 \u00c9nergie &amp; Harmonie \u00e0 Paris<\/h2>\n<p>Le <strong>Massage Shiatsu Paris<\/strong> est un soin \u00e9nerg\u00e9tique japonais bas\u00e9 sur la stimulation des m\u00e9ridiens et des points d\u2019acupuncture \u00e0 l\u2019aide de pressions pr\u00e9cises des pouces, paumes et coudes. Cette technique vise \u00e0 r\u00e9tablir l\u2019\u00e9quilibre de l\u2019\u00e9nergie vitale (Ki) et \u00e0 lib\u00e9rer les blocages pour un bien-\u00eatre global.<\/p>\n<h3>Une approche \u00e9nerg\u00e9tique et revitalisante<\/h3>\n<p>Le <strong>shiatsu relaxation Paris<\/strong> agit en profondeur pour soulager les tensions musculaires, am\u00e9liorer la posture et stimuler le syst\u00e8me immunitaire. Chaque pression est pens\u00e9e pour restaurer l\u2019harmonie entre corps et esprit, offrant un <strong>massage \u00e9nerg\u00e9tique Paris<\/strong> \u00e0 la fois relaxant et revitalisant.<\/p>\n<h3>Bienfaits physiques et \u00e9motionnels<\/h3>\n<p>Le <strong>soin r\u00e9\u00e9quilibrant corps esprit Paris<\/strong> aide \u00e0 r\u00e9duire le stress, \u00e0 lib\u00e9rer les tensions accumul\u00e9es et \u00e0 am\u00e9liorer la circulation de l\u2019\u00e9nergie vitale. Le <strong>massage points m\u00e9ridiens Paris<\/strong> procure un apaisement mental profond et contribue \u00e0 une meilleure sensation de l\u00e9g\u00e8ret\u00e9 et d\u2019harmonie.<\/p>\n<h3>Une exp\u00e9rience unique de bien-\u00eatre<\/h3>\n<p>Le <strong>massage revitalisant bien-\u00eatre Paris<\/strong> est id\u00e9al pour retrouver \u00e9quilibre, s\u00e9r\u00e9nit\u00e9 et d\u00e9tente totale. Le <strong>Massage Shiatsu Paris<\/strong> vous offre une parenth\u00e8se relaxante et r\u00e9g\u00e9n\u00e9rante, parfaite pour harmoniser votre corps et votre esprit dans un cadre apaisant.<\/p>\n<p>R\u00e9servez votre <strong>Massage Shiatsu<\/strong> \u00e0 Paris et profitez d\u2019un soin \u00e9nerg\u00e9tique qui allie relaxation profonde, revitalisation et \u00e9quilibre durable.<\/p>\n<div id=\"amelia-cal-16\" style=\"display: none; margin-top: 24px;\">\n<script>\n  if (typeof hasAmeliaEntitiesApiCall === 'undefined' && ('' === '' && '' !== '1')) {\n    var hasAmeliaEntitiesApiCall = true;\n  }\n  var ameliaShortcodeData = (typeof ameliaShortcodeData === 'undefined') ? [] : ameliaShortcodeData;\n  ameliaShortcodeData.push(\n    {\n      'hasApiCall': (typeof hasAmeliaEntitiesApiCall !== 'undefined') && hasAmeliaEntitiesApiCall,\n      'trigger': '',\n      'trigger_type': '',\n      'triggered_form': 'sbsNew',\n      'in_dialog': '',\n      'show': 'services',\n      'counter': '1000',\n      'category': '',\n      'service': '16',\n      'employee': '1',\n      'location': '',\n      'package': '',\n      'layout': '1',\n    }\n  );\n\n  var ameliaShortcodeDataTriggered = (typeof ameliaShortcodeDataTriggered === 'undefined') ? [] : ameliaShortcodeDataTriggered;\n  if (ameliaShortcodeData[ameliaShortcodeData.length - 1].trigger !== '') {\n    if (ameliaShortcodeDataTriggered.filter(a => a.counter === ameliaShortcodeData[ameliaShortcodeData.length - 1].counter).length === 0) {\n      ameliaShortcodeDataTriggered.push(ameliaShortcodeData.pop());\n    } else {\n      ameliaShortcodeData.pop()\n    }\n  }\n  if (typeof hasAmeliaEntitiesApiCall !== 'undefined' && hasAmeliaEntitiesApiCall) {\n    hasAmeliaEntitiesApiCall = false;\n  }\n<\/script>\n\n<div\n  id=\"amelia-v2-booking-1000\"\n  class=\"amelia-v2-booking\"\n >\n    <step-form-wrapper><\/step-form-wrapper><\/div>\n<\/div>\n","protected":false},"excerpt":{"rendered":"<p>Massage Shiatsu \u00e0 Paris : un soin \u00e9nerg\u00e9tique japonais qui r\u00e9\u00e9quilibre l\u2019\u00e9nergie vitale, lib\u00e8re les tensions et procure un apaisement profond du corps et de l\u2019esprit.<\/p>","protected":false},"featured_media":1565,"comment_status":"open","ping_status":"closed","template":"","meta":{"_monsterinsights_skip_tracking":false,"_monsterinsights_sitenote_active":false,"_monsterinsights_sitenote_note":"","_monsterinsights_sitenote_category":0,"_joinchat":[]},"product_brand":[],"product_cat":[41],"product_tag":[],"giftcard-category":[],"class_list":{"0":"post-1393","1":"product","2":"type-product","3":"status-publish","4":"has-post-thumbnail","6":"product_cat-massages","7":"latest_post","9":"first","10":"instock","11":"virtual","12":"taxable","13":"purchasable","14":"product-type-simple"},"jetpack_sharing_enabled":true,"_links":{"self":[{"href":"https:\/\/spavendome.fr\/en\/wp-json\/wp\/v2\/product\/1393","targetHints":{"allow":["GET"]}}],"collection":[{"href":"https:\/\/spavendome.fr\/en\/wp-json\/wp\/v2\/product"}],"about":[{"href":"https:\/\/spavendome.fr\/en\/wp-json\/wp\/v2\/types\/product"}],"replies":[{"embeddable":true,"href":"https:\/\/spavendome.fr\/en\/wp-json\/wp\/v2\/comments?post=1393"}],"wp:featuredmedia":[{"embeddable":true,"href":"https:\/\/spavendome.fr\/en\/wp-json\/wp\/v2\/media\/1565"}],"wp:attachment":[{"href":"https:\/\/spavendome.fr\/en\/wp-json\/wp\/v2\/media?parent=1393"}],"wp:term":[{"taxonomy":"product_brand","embeddable":true,"href":"https:\/\/spavendome.fr\/en\/wp-json\/wp\/v2\/product_brand?post=1393"},{"taxonomy":"product_cat","embeddable":true,"href":"https:\/\/spavendome.fr\/en\/wp-json\/wp\/v2\/product_cat?post=1393"},{"taxonomy":"product_tag","embeddable":true,"href":"https:\/\/spavendome.fr\/en\/wp-json\/wp\/v2\/product_tag?post=1393"},{"taxonomy":"giftcard-category","embeddable":true,"href":"https:\/\/spavendome.fr\/en\/wp-json\/wp\/v2\/giftcard-category?post=1393"}],"curies":[{"name":"wp","href":"https:\/\/api.w.org\/{rel}","templated":true}]}}