{"id":1391,"date":"2025-10-01T12:31:44","date_gmt":"2025-10-01T12:31:44","guid":{"rendered":"https:\/\/www.luno3284.odns.fr\/?post_type=product&#038;p=1391"},"modified":"2025-11-22T23:47:55","modified_gmt":"2025-11-22T22:47:55","slug":"massage-californien-aux-ventouses","status":"publish","type":"product","link":"https:\/\/spavendome.fr\/en\/service\/massage-californien-aux-ventouses\/","title":{"rendered":"Massage Californien aux Ventouses \u2013 R\u00e9g\u00e9n\u00e9ration &#038; D\u00e9tente Profonde \u00e0 Paris"},"content":{"rendered":"<h2 data-rm-block-id=\"block-1\">Massage Californien aux Ventouses \u2013 R\u00e9g\u00e9n\u00e9ration &amp; D\u00e9tente Profonde \u00e0 Paris<\/h2>\n<p data-rm-block-id=\"block-2\">Le <strong>Massage californien aux ventouses Paris<\/strong> est une alliance parfaite entre les gestes enveloppants du massage californien et la puissance de la th\u00e9rapie par les ventouses. Cette technique ancestrale favorise la <strong>circulation sanguine et lymphatique<\/strong>, lib\u00e8re les tensions musculaires et aide le corps \u00e0 \u00e9liminer les toxines de fa\u00e7on naturelle.<\/p>\n<h3 data-rm-block-id=\"block-3\">Une m\u00e9thode d\u00e9toxifiante et revitalisante<\/h3>\n<p data-rm-block-id=\"block-4\">Gr\u00e2ce \u00e0 l\u2019action d\u2019aspiration douce des ventouses, ce <strong>massage d\u00e9toxifiant Paris<\/strong> stimule les tissus en profondeur, active la r\u00e9g\u00e9n\u00e9ration cellulaire et am\u00e9liore l\u2019oxyg\u00e9nation de la peau. Il est particuli\u00e8rement efficace pour soulager les tensions, r\u00e9duire la cellulite et redonner au corps une sensation de l\u00e9g\u00e8ret\u00e9.<\/p>\n<h3 data-rm-block-id=\"block-5\">Une exp\u00e9rience sur mesure &amp; confortable<\/h3>\n<p data-rm-block-id=\"block-6\">Nos praticiennes ma\u00eetrisent parfaitement les techniques du <strong>massage drainant ventouses Paris<\/strong>. Les ventouses sont plac\u00e9es sur des zones strat\u00e9giques pour d\u00e9nouer les blocages \u00e9nerg\u00e9tiques et r\u00e9tablir l\u2019\u00e9quilibre du corps. Une <strong>huile neutre<\/strong> est utilis\u00e9e pour faciliter les mouvements et offrir un confort optimal tout au long du soin.<\/p>\n<h3 data-rm-block-id=\"block-7\">Un rituel de bien-\u00eatre global<\/h3>\n<p data-rm-block-id=\"block-8\">Le <strong>massage aux ventouses d\u00e9tente Paris<\/strong> est une exp\u00e9rience compl\u00e8te : il d\u00e9tend les muscles, favorise l\u2019\u00e9limination des toxines et procure une profonde sensation d\u2019harmonie. V\u00e9ritable <strong>soin r\u00e9g\u00e9n\u00e9rant corps Paris<\/strong>, il allie efficacit\u00e9, douceur et relaxation pour un bien-\u00eatre durable.<\/p>\n<p data-rm-block-id=\"block-9\">Offrez-vous le <strong>Massage Californien aux Ventouses<\/strong> \u00e0 Paris et d\u00e9couvrez une approche naturelle du bien-\u00eatre, entre tradition, \u00e9quilibre et vitalit\u00e9 retrouv\u00e9e.<\/p>\n<div id=\"amelia-cal-4\" style=\"display: none; margin-top: 24px;\" data-rm-block-id=\"block-10\">\n<script>\n  if (typeof hasAmeliaEntitiesApiCall === 'undefined' && ('' === '' && '' !== '1')) {\n    var hasAmeliaEntitiesApiCall = true;\n  }\n  var ameliaShortcodeData = (typeof ameliaShortcodeData === 'undefined') ? [] : ameliaShortcodeData;\n  ameliaShortcodeData.push(\n    {\n      'hasApiCall': (typeof hasAmeliaEntitiesApiCall !== 'undefined') && hasAmeliaEntitiesApiCall,\n      'trigger': '',\n      'trigger_type': '',\n      'triggered_form': 'sbsNew',\n      'in_dialog': '',\n      'show': 'services',\n      'counter': '1000',\n      'category': '',\n      'service': '4',\n      'employee': '1',\n      'location': '',\n      'package': '',\n      'layout': '1',\n    }\n  );\n\n  var ameliaShortcodeDataTriggered = (typeof ameliaShortcodeDataTriggered === 'undefined') ? [] : ameliaShortcodeDataTriggered;\n  if (ameliaShortcodeData[ameliaShortcodeData.length - 1].trigger !== '') {\n    if (ameliaShortcodeDataTriggered.filter(a => a.counter === ameliaShortcodeData[ameliaShortcodeData.length - 1].counter).length === 0) {\n      ameliaShortcodeDataTriggered.push(ameliaShortcodeData.pop());\n    } else {\n      ameliaShortcodeData.pop()\n    }\n  }\n  if (typeof hasAmeliaEntitiesApiCall !== 'undefined' && hasAmeliaEntitiesApiCall) {\n    hasAmeliaEntitiesApiCall = false;\n  }\n<\/script>\n\n<div\n  id=\"amelia-v2-booking-1000\"\n  class=\"amelia-v2-booking\"\n >\n    <step-form-wrapper><\/step-form-wrapper><\/div>\n<\/div>\n","protected":false},"excerpt":{"rendered":"<p>Massage Californien aux Ventouses \u2013 R\u00e9g\u00e9n\u00e9ration &amp; D\u00e9tente Profonde \u00e0 Paris Le Massage californien aux ventouses Paris est une alliance parfaite entre les gestes enveloppants du massage californien et la &hellip; <\/p>","protected":false},"featured_media":1566,"comment_status":"open","ping_status":"closed","template":"","meta":{"_monsterinsights_skip_tracking":false,"_monsterinsights_sitenote_active":false,"_monsterinsights_sitenote_note":"","_monsterinsights_sitenote_category":0,"_joinchat":[]},"product_brand":[],"product_cat":[41],"product_tag":[],"giftcard-category":[],"class_list":{"0":"post-1391","1":"product","2":"type-product","3":"status-publish","4":"has-post-thumbnail","6":"product_cat-massages","7":"latest_post","9":"first","10":"instock","11":"virtual","12":"taxable","13":"purchasable","14":"product-type-simple"},"jetpack_sharing_enabled":true,"_links":{"self":[{"href":"https:\/\/spavendome.fr\/en\/wp-json\/wp\/v2\/product\/1391","targetHints":{"allow":["GET"]}}],"collection":[{"href":"https:\/\/spavendome.fr\/en\/wp-json\/wp\/v2\/product"}],"about":[{"href":"https:\/\/spavendome.fr\/en\/wp-json\/wp\/v2\/types\/product"}],"replies":[{"embeddable":true,"href":"https:\/\/spavendome.fr\/en\/wp-json\/wp\/v2\/comments?post=1391"}],"wp:featuredmedia":[{"embeddable":true,"href":"https:\/\/spavendome.fr\/en\/wp-json\/wp\/v2\/media\/1566"}],"wp:attachment":[{"href":"https:\/\/spavendome.fr\/en\/wp-json\/wp\/v2\/media?parent=1391"}],"wp:term":[{"taxonomy":"product_brand","embeddable":true,"href":"https:\/\/spavendome.fr\/en\/wp-json\/wp\/v2\/product_brand?post=1391"},{"taxonomy":"product_cat","embeddable":true,"href":"https:\/\/spavendome.fr\/en\/wp-json\/wp\/v2\/product_cat?post=1391"},{"taxonomy":"product_tag","embeddable":true,"href":"https:\/\/spavendome.fr\/en\/wp-json\/wp\/v2\/product_tag?post=1391"},{"taxonomy":"giftcard-category","embeddable":true,"href":"https:\/\/spavendome.fr\/en\/wp-json\/wp\/v2\/giftcard-category?post=1391"}],"curies":[{"name":"wp","href":"https:\/\/api.w.org\/{rel}","templated":true}]}}