{"id":1387,"date":"2025-10-01T12:30:26","date_gmt":"2025-10-01T12:30:26","guid":{"rendered":"https:\/\/www.luno3284.odns.fr\/?post_type=product&#038;p=1387"},"modified":"2025-11-22T23:47:55","modified_gmt":"2025-11-22T22:47:55","slug":"massage-ayurvedique","status":"publish","type":"product","link":"https:\/\/spavendome.fr\/en\/service\/massage-ayurvedique\/","title":{"rendered":"Massage Ayurv\u00e9dique \u2013 L\u2019Exp\u00e9rience \u00c9nerg\u00e9tique Authentique &#038; Bien-\u00catre \u00e0 Paris"},"content":{"rendered":"<h2>Massage Ayurv\u00e9dique \u2013 Soin \u00c9nerg\u00e9tique &amp; Bien-\u00catre \u00e0 Paris<\/h2>\n<p>D\u00e9couvrez le <strong>Massage Ayurv\u00e9dique<\/strong>, un soin ancestral inspir\u00e9 de la m\u00e9decine traditionnelle indienne. Ce rituel holistique vise \u00e0 r\u00e9tablir l\u2019<strong>\u00e9quilibre \u00e9nerg\u00e9tique du corps &amp; de l\u2019esprit<\/strong> gr\u00e2ce \u00e0 des techniques \u00e0 la fois douces et profondes, m\u00ealant gestes lents, rythmiques &amp; circulaires.<\/p>\n<h3>Un soin personnalis\u00e9 selon votre dosha<\/h3>\n<p>Pratiqu\u00e9 par nos <strong>professionnelles du massage<\/strong>, ce soin est adapt\u00e9 \u00e0 chaque personne selon son <strong>dosha<\/strong> (constitution \u00e9nerg\u00e9tique). Cette approche personnalis\u00e9e garantit des bienfaits optimaux &amp; une <strong>harmonisation du corps &amp; de l\u2019esprit<\/strong>, pour une d\u00e9tente durable et une vitalit\u00e9 retrouv\u00e9e.<\/p>\n<h3>Les bienfaits du massage ayurv\u00e9dique<\/h3>\n<p>Le <strong>massage ayurv\u00e9dique<\/strong> aide \u00e0 <strong>r\u00e9duire le stress<\/strong>, \u00e0 \u00e9quilibrer les \u00e9nergies du corps &amp; \u00e0 <strong>stimuler la circulation<\/strong> de l\u2019\u00e9nergie vitale. Les mouvements fluides &amp; enveloppants d\u00e9tendent les muscles et apaisent les tensions tout en favorisant un \u00e9tat profond de relaxation &amp; de paix int\u00e9rieure.<\/p>\n<h3>Un voyage sensoriel vers le bien-\u00eatre<\/h3>\n<p>Ce <strong>soin bien-\u00eatre indien<\/strong> utilise une huile de massage neutre qui nourrit la peau tout en procurant une sensation de calme &amp; de s\u00e9r\u00e9nit\u00e9. Vivez un moment unique d\u2019<strong>harmonisation &amp; de d\u00e9tente<\/strong> avec le <strong>Massage Ayurv\u00e9dique<\/strong> \u00e0 Paris, une exp\u00e9rience sensorielle authentique pour le corps &amp; l\u2019esprit.<\/p>\n<p>Offrez-vous ce <strong>voyage sensoriel &amp; bien-\u00eatre<\/strong> et laissez-vous envelopper par l\u2019\u00e9nergie apaisante d\u2019un <strong>massage \u00e9nerg\u00e9tique<\/strong> inspir\u00e9 des traditions indiennes.<\/p>\n<div id=\"amelia-cal-28\" style=\"display: none; margin-top: 24px;\">\n<script>\n  if (typeof hasAmeliaEntitiesApiCall === 'undefined' && ('' === '' && '' !== '1')) {\n    var hasAmeliaEntitiesApiCall = true;\n  }\n  var ameliaShortcodeData = (typeof ameliaShortcodeData === 'undefined') ? [] : ameliaShortcodeData;\n  ameliaShortcodeData.push(\n    {\n      'hasApiCall': (typeof hasAmeliaEntitiesApiCall !== 'undefined') && hasAmeliaEntitiesApiCall,\n      'trigger': '',\n      'trigger_type': '',\n      'triggered_form': 'sbsNew',\n      'in_dialog': '',\n      'show': 'services',\n      'counter': '1000',\n      'category': '',\n      'service': '28',\n      'employee': '1',\n      'location': '',\n      'package': '',\n      'layout': '1',\n    }\n  );\n\n  var ameliaShortcodeDataTriggered = (typeof ameliaShortcodeDataTriggered === 'undefined') ? [] : ameliaShortcodeDataTriggered;\n  if (ameliaShortcodeData[ameliaShortcodeData.length - 1].trigger !== '') {\n    if (ameliaShortcodeDataTriggered.filter(a => a.counter === ameliaShortcodeData[ameliaShortcodeData.length - 1].counter).length === 0) {\n      ameliaShortcodeDataTriggered.push(ameliaShortcodeData.pop());\n    } else {\n      ameliaShortcodeData.pop()\n    }\n  }\n  if (typeof hasAmeliaEntitiesApiCall !== 'undefined' && hasAmeliaEntitiesApiCall) {\n    hasAmeliaEntitiesApiCall = false;\n  }\n<\/script>\n\n<div\n  id=\"amelia-v2-booking-1000\"\n  class=\"amelia-v2-booking\"\n >\n    <step-form-wrapper><\/step-form-wrapper><\/div>\n<\/div>\n","protected":false},"excerpt":{"rendered":"<p data-start=\"828\" data-end=\"1034\"><strong data-start=\"828\" data-end=\"851\">Massage Ayurv\u00e9dique<\/strong> \u00e0 Paris : un soin ancestral inspir\u00e9 de l\u2019Inde pour r\u00e9tablir l\u2019\u00e9quilibre du corps &amp; de l\u2019esprit. Vivez une exp\u00e9rience sensorielle unique, personnalis\u00e9e selon votre \u00e9nergie int\u00e9rieure.<\/p>","protected":false},"featured_media":1567,"comment_status":"open","ping_status":"closed","template":"","meta":{"_monsterinsights_skip_tracking":false,"_monsterinsights_sitenote_active":false,"_monsterinsights_sitenote_note":"","_monsterinsights_sitenote_category":0,"_joinchat":[]},"product_brand":[],"product_cat":[41],"product_tag":[],"giftcard-category":[],"class_list":{"0":"post-1387","1":"product","2":"type-product","3":"status-publish","4":"has-post-thumbnail","6":"product_cat-massages","7":"latest_post","9":"first","10":"instock","11":"virtual","12":"taxable","13":"purchasable","14":"product-type-simple"},"jetpack_sharing_enabled":true,"_links":{"self":[{"href":"https:\/\/spavendome.fr\/en\/wp-json\/wp\/v2\/product\/1387","targetHints":{"allow":["GET"]}}],"collection":[{"href":"https:\/\/spavendome.fr\/en\/wp-json\/wp\/v2\/product"}],"about":[{"href":"https:\/\/spavendome.fr\/en\/wp-json\/wp\/v2\/types\/product"}],"replies":[{"embeddable":true,"href":"https:\/\/spavendome.fr\/en\/wp-json\/wp\/v2\/comments?post=1387"}],"wp:featuredmedia":[{"embeddable":true,"href":"https:\/\/spavendome.fr\/en\/wp-json\/wp\/v2\/media\/1567"}],"wp:attachment":[{"href":"https:\/\/spavendome.fr\/en\/wp-json\/wp\/v2\/media?parent=1387"}],"wp:term":[{"taxonomy":"product_brand","embeddable":true,"href":"https:\/\/spavendome.fr\/en\/wp-json\/wp\/v2\/product_brand?post=1387"},{"taxonomy":"product_cat","embeddable":true,"href":"https:\/\/spavendome.fr\/en\/wp-json\/wp\/v2\/product_cat?post=1387"},{"taxonomy":"product_tag","embeddable":true,"href":"https:\/\/spavendome.fr\/en\/wp-json\/wp\/v2\/product_tag?post=1387"},{"taxonomy":"giftcard-category","embeddable":true,"href":"https:\/\/spavendome.fr\/en\/wp-json\/wp\/v2\/giftcard-category?post=1387"}],"curies":[{"name":"wp","href":"https:\/\/api.w.org\/{rel}","templated":true}]}}