{"id":1382,"date":"2025-10-01T12:17:19","date_gmt":"2025-10-01T12:17:19","guid":{"rendered":"https:\/\/www.luno3284.odns.fr\/?post_type=product&#038;p=1382"},"modified":"2025-11-22T23:47:56","modified_gmt":"2025-11-22T22:47:56","slug":"massage-pierres-chaudes","status":"publish","type":"product","link":"https:\/\/spavendome.fr\/en\/service\/massage-pierres-chaudes\/","title":{"rendered":"Massage Pierres Chaudes \u2013 Relaxation &#038; Bien-\u00catre \u00e0 Paris"},"content":{"rendered":"<h2>Massage Pierres Chaudes \u2013 Relaxation &amp; Bien-\u00catre \u00e0 Paris<\/h2>\n<p>Le <strong>Massage pierres chaudes Paris<\/strong> est une exp\u00e9rience de relaxation profonde qui combine chaleur et techniques traditionnelles de massage. Des pierres volcaniques chauff\u00e9es sont plac\u00e9es sur des points strat\u00e9giques du corps pour lib\u00e9rer les tensions et am\u00e9liorer la circulation sanguine, offrant un <strong>massage d\u00e9tente profonde pierres chaudes Paris<\/strong> unique.<\/p>\n<h3>D\u00e9tente musculaire et relaxation<\/h3>\n<p>La chaleur des pierres p\u00e9n\u00e8tre en profondeur dans les muscles, permettant de d\u00e9nouer les contractures et r\u00e9duire le stress. Le <strong>massage chaleur musculaire Paris<\/strong> est id\u00e9al pour rel\u00e2cher les tensions et favoriser un confort corporel imm\u00e9diat, tout en procurant une sensation de bien-\u00eatre durable.<\/p>\n<h3>Un soin doux et r\u00e9parateur<\/h3>\n<p>Pratiqu\u00e9 par des professionnelles, le <strong>soin relaxation corps et esprit Paris<\/strong> combine gestes pr\u00e9cis et chaleur enveloppante pour apaiser le corps et l\u2019esprit. L\u2019utilisation d\u2019une <strong>huile neutre<\/strong> facilite les mouvements et hydrate la peau, maximisant l\u2019effet relaxant du <strong>massage d\u00e9nouement tensions Paris<\/strong>.<\/p>\n<h3>Une exp\u00e9rience sensorielle compl\u00e8te<\/h3>\n<p>Offrez-vous un <strong>soin bien-\u00eatre relaxant Paris<\/strong> et laissez-vous envelopper par la chaleur des pierres. Le <strong>Massage aux Pierres Chaudes Paris<\/strong> procure une sensation de l\u00e9g\u00e8ret\u00e9, une profonde relaxation et un \u00e9quilibre entre corps et esprit, pour un moment unique de d\u00e9tente et de s\u00e9r\u00e9nit\u00e9.<\/p>\n<p>R\u00e9servez d\u00e8s maintenant votre <strong>Massage aux Pierres Chaudes<\/strong> \u00e0 Paris et d\u00e9couvrez le pouvoir relaxant et r\u00e9g\u00e9n\u00e9rant de ce soin exceptionnel.<\/p>\n<div id=\"amelia-cal-13\" style=\"display: none; margin-top: 24px;\">\n<script>\n  if (typeof hasAmeliaEntitiesApiCall === 'undefined' && ('' === '' && '' !== '1')) {\n    var hasAmeliaEntitiesApiCall = true;\n  }\n  var ameliaShortcodeData = (typeof ameliaShortcodeData === 'undefined') ? [] : ameliaShortcodeData;\n  ameliaShortcodeData.push(\n    {\n      'hasApiCall': (typeof hasAmeliaEntitiesApiCall !== 'undefined') && hasAmeliaEntitiesApiCall,\n      'trigger': '',\n      'trigger_type': '',\n      'triggered_form': 'sbsNew',\n      'in_dialog': '',\n      'show': 'services',\n      'counter': '1000',\n      'category': '',\n      'service': '13',\n      'employee': '1',\n      'location': '',\n      'package': '',\n      'layout': '1',\n    }\n  );\n\n  var ameliaShortcodeDataTriggered = (typeof ameliaShortcodeDataTriggered === 'undefined') ? [] : ameliaShortcodeDataTriggered;\n  if (ameliaShortcodeData[ameliaShortcodeData.length - 1].trigger !== '') {\n    if (ameliaShortcodeDataTriggered.filter(a => a.counter === ameliaShortcodeData[ameliaShortcodeData.length - 1].counter).length === 0) {\n      ameliaShortcodeDataTriggered.push(ameliaShortcodeData.pop());\n    } else {\n      ameliaShortcodeData.pop()\n    }\n  }\n  if (typeof hasAmeliaEntitiesApiCall !== 'undefined' && hasAmeliaEntitiesApiCall) {\n    hasAmeliaEntitiesApiCall = false;\n  }\n<\/script>\n\n<div\n  id=\"amelia-v2-booking-1000\"\n  class=\"amelia-v2-booking\"\n >\n    <step-form-wrapper><\/step-form-wrapper><\/div>\n<\/div>\n","protected":false},"excerpt":{"rendered":"<p data-start=\"766\" data-end=\"954\"><strong data-start=\"766\" data-end=\"797\">Massage Pierres Chaudes<\/strong> \u00e0 Paris : un soin relaxant utilisant des pierres volcaniques chauff\u00e9es pour d\u00e9nouer les tensions, favoriser la circulation et apporter d\u00e9tente &amp; s\u00e9r\u00e9nit\u00e9.<\/p>","protected":false},"featured_media":1568,"comment_status":"open","ping_status":"closed","template":"","meta":{"_monsterinsights_skip_tracking":false,"_monsterinsights_sitenote_active":false,"_monsterinsights_sitenote_note":"","_monsterinsights_sitenote_category":0,"_joinchat":[]},"product_brand":[],"product_cat":[41],"product_tag":[],"giftcard-category":[],"class_list":{"0":"post-1382","1":"product","2":"type-product","3":"status-publish","4":"has-post-thumbnail","6":"product_cat-massages","7":"latest_post","9":"first","10":"instock","11":"virtual","12":"taxable","13":"purchasable","14":"product-type-simple"},"jetpack_sharing_enabled":true,"_links":{"self":[{"href":"https:\/\/spavendome.fr\/en\/wp-json\/wp\/v2\/product\/1382","targetHints":{"allow":["GET"]}}],"collection":[{"href":"https:\/\/spavendome.fr\/en\/wp-json\/wp\/v2\/product"}],"about":[{"href":"https:\/\/spavendome.fr\/en\/wp-json\/wp\/v2\/types\/product"}],"replies":[{"embeddable":true,"href":"https:\/\/spavendome.fr\/en\/wp-json\/wp\/v2\/comments?post=1382"}],"wp:featuredmedia":[{"embeddable":true,"href":"https:\/\/spavendome.fr\/en\/wp-json\/wp\/v2\/media\/1568"}],"wp:attachment":[{"href":"https:\/\/spavendome.fr\/en\/wp-json\/wp\/v2\/media?parent=1382"}],"wp:term":[{"taxonomy":"product_brand","embeddable":true,"href":"https:\/\/spavendome.fr\/en\/wp-json\/wp\/v2\/product_brand?post=1382"},{"taxonomy":"product_cat","embeddable":true,"href":"https:\/\/spavendome.fr\/en\/wp-json\/wp\/v2\/product_cat?post=1382"},{"taxonomy":"product_tag","embeddable":true,"href":"https:\/\/spavendome.fr\/en\/wp-json\/wp\/v2\/product_tag?post=1382"},{"taxonomy":"giftcard-category","embeddable":true,"href":"https:\/\/spavendome.fr\/en\/wp-json\/wp\/v2\/giftcard-category?post=1382"}],"curies":[{"name":"wp","href":"https:\/\/api.w.org\/{rel}","templated":true}]}}