{"id":1378,"date":"2025-10-01T12:15:09","date_gmt":"2025-10-01T12:15:09","guid":{"rendered":"https:\/\/www.luno3284.odns.fr\/?post_type=product&#038;p=1378"},"modified":"2025-11-22T23:47:56","modified_gmt":"2025-11-22T22:47:56","slug":"massage-sportif","status":"publish","type":"product","link":"https:\/\/spavendome.fr\/en\/service\/massage-sportif\/","title":{"rendered":"Massage Sportif \u2013 R\u00e9cup\u00e9ration &#038; Performance \u00e0 Paris"},"content":{"rendered":"<h2>Massage Sportif \u2013 R\u00e9cup\u00e9ration &amp; Performance \u00e0 Paris<\/h2>\n<p>Le <strong>massage sportif<\/strong> \u00e0 Paris est un soin intensif con\u00e7u pour les personnes actives, utilisant des techniques de pression cibl\u00e9e pour d\u00e9tendre profond\u00e9ment les muscles sollicit\u00e9s et am\u00e9liorer la circulation sanguine. Il favorise la r\u00e9cup\u00e9ration apr\u00e8s l\u2019effort et optimise la performance physique.<\/p>\n<h3>Un soin adapt\u00e9 aux sportifs<\/h3>\n<p>Le <strong>massage r\u00e9cup\u00e9ration musculaire<\/strong> \u00e0 Paris permet de soulager les douleurs musculaires, r\u00e9duire les risques de blessures et am\u00e9liorer la souplesse. Id\u00e9al avant ou apr\u00e8s un entra\u00eenement, le <strong>massage pr\u00e9paration physique<\/strong> \u00e0 Paris pr\u00e9pare le corps \u00e0 l\u2019effort et aide \u00e0 r\u00e9cup\u00e9rer plus rapidement.<\/p>\n<h3>Bienfaits physiques et performance<\/h3>\n<p>Le <strong>massage intensif<\/strong> \u00e0 Paris cible les zones tendues pour lib\u00e9rer les tensions musculaires et stimuler la circulation. Ce <strong>massage d\u00e9tente<\/strong> \u00e0 Paris favorise la relaxation, l\u2019\u00e9quilibre musculaire et la mobilit\u00e9, contribuant ainsi \u00e0 un meilleur rendement sportif.<\/p>\n<h3>Une exp\u00e9rience professionnelle et efficace<\/h3>\n<p>Pratiqu\u00e9 par nos professionnelles qualifi\u00e9es, le <strong>massage sportif<\/strong> \u00e0 Paris utilise une <strong>huile neutre<\/strong> adapt\u00e9e \u00e0 tous les types de peau pour faciliter les mouvements et maximiser le confort. Le <strong>soin performance sportive<\/strong> \u00e0 Paris offre une r\u00e9cup\u00e9ration optimale et un bien-\u00eatre durable pour chaque s\u00e9ance.<\/p>\n<p>R\u00e9servez votre <strong>massage sportif<\/strong> \u00e0 Paris et offrez \u00e0 votre corps un soin puissant, efficace et revitalisant, pour une r\u00e9cup\u00e9ration compl\u00e8te apr\u00e8s l\u2019effort.<\/p>\n<div id=\"amelia-cal-17\" style=\"display: none; margin-top: 24px;\">\n<script>\n  if (typeof hasAmeliaEntitiesApiCall === 'undefined' && ('' === '' && '' !== '1')) {\n    var hasAmeliaEntitiesApiCall = true;\n  }\n  var ameliaShortcodeData = (typeof ameliaShortcodeData === 'undefined') ? [] : ameliaShortcodeData;\n  ameliaShortcodeData.push(\n    {\n      'hasApiCall': (typeof hasAmeliaEntitiesApiCall !== 'undefined') && hasAmeliaEntitiesApiCall,\n      'trigger': '',\n      'trigger_type': '',\n      'triggered_form': 'sbsNew',\n      'in_dialog': '',\n      'show': 'services',\n      'counter': '1000',\n      'category': '',\n      'service': '17',\n      'employee': '1',\n      'location': '',\n      'package': '',\n      'layout': '1',\n    }\n  );\n\n  var ameliaShortcodeDataTriggered = (typeof ameliaShortcodeDataTriggered === 'undefined') ? [] : ameliaShortcodeDataTriggered;\n  if (ameliaShortcodeData[ameliaShortcodeData.length - 1].trigger !== '') {\n    if (ameliaShortcodeDataTriggered.filter(a => a.counter === ameliaShortcodeData[ameliaShortcodeData.length - 1].counter).length === 0) {\n      ameliaShortcodeDataTriggered.push(ameliaShortcodeData.pop());\n    } else {\n      ameliaShortcodeData.pop()\n    }\n  }\n  if (typeof hasAmeliaEntitiesApiCall !== 'undefined' && hasAmeliaEntitiesApiCall) {\n    hasAmeliaEntitiesApiCall = false;\n  }\n<\/script>\n\n<div\n  id=\"amelia-v2-booking-1000\"\n  class=\"amelia-v2-booking\"\n >\n    <step-form-wrapper><\/step-form-wrapper><\/div>\n<\/div>\n","protected":false},"excerpt":{"rendered":"<p data-start=\"733\" data-end=\"904\"><strong data-start=\"733\" data-end=\"752\">Massage Sportif<\/strong> \u00e0 Paris : un soin intensif pour soulager les muscles, am\u00e9liorer la circulation, favoriser la r\u00e9cup\u00e9ration et optimiser la performance apr\u00e8s l\u2019effort.<\/p>","protected":false},"featured_media":1569,"comment_status":"open","ping_status":"closed","template":"","meta":{"_monsterinsights_skip_tracking":false,"_monsterinsights_sitenote_active":false,"_monsterinsights_sitenote_note":"","_monsterinsights_sitenote_category":0,"_joinchat":[]},"product_brand":[],"product_cat":[41],"product_tag":[],"giftcard-category":[],"class_list":{"0":"post-1378","1":"product","2":"type-product","3":"status-publish","4":"has-post-thumbnail","6":"product_cat-massages","7":"latest_post","9":"first","10":"instock","11":"virtual","12":"taxable","13":"purchasable","14":"product-type-simple"},"jetpack_sharing_enabled":true,"_links":{"self":[{"href":"https:\/\/spavendome.fr\/en\/wp-json\/wp\/v2\/product\/1378","targetHints":{"allow":["GET"]}}],"collection":[{"href":"https:\/\/spavendome.fr\/en\/wp-json\/wp\/v2\/product"}],"about":[{"href":"https:\/\/spavendome.fr\/en\/wp-json\/wp\/v2\/types\/product"}],"replies":[{"embeddable":true,"href":"https:\/\/spavendome.fr\/en\/wp-json\/wp\/v2\/comments?post=1378"}],"wp:featuredmedia":[{"embeddable":true,"href":"https:\/\/spavendome.fr\/en\/wp-json\/wp\/v2\/media\/1569"}],"wp:attachment":[{"href":"https:\/\/spavendome.fr\/en\/wp-json\/wp\/v2\/media?parent=1378"}],"wp:term":[{"taxonomy":"product_brand","embeddable":true,"href":"https:\/\/spavendome.fr\/en\/wp-json\/wp\/v2\/product_brand?post=1378"},{"taxonomy":"product_cat","embeddable":true,"href":"https:\/\/spavendome.fr\/en\/wp-json\/wp\/v2\/product_cat?post=1378"},{"taxonomy":"product_tag","embeddable":true,"href":"https:\/\/spavendome.fr\/en\/wp-json\/wp\/v2\/product_tag?post=1378"},{"taxonomy":"giftcard-category","embeddable":true,"href":"https:\/\/spavendome.fr\/en\/wp-json\/wp\/v2\/giftcard-category?post=1378"}],"curies":[{"name":"wp","href":"https:\/\/api.w.org\/{rel}","templated":true}]}}