{"id":1376,"date":"2025-10-01T12:12:03","date_gmt":"2025-10-01T12:12:03","guid":{"rendered":"https:\/\/www.luno3284.odns.fr\/?post_type=product&#038;p=1376"},"modified":"2025-11-22T23:47:57","modified_gmt":"2025-11-22T22:47:57","slug":"massage-femme-enceinte","status":"publish","type":"product","link":"https:\/\/spavendome.fr\/en\/service\/massage-femme-enceinte\/","title":{"rendered":"Massage Femme Enceinte \u2013 Bien-\u00catre &#038; D\u00e9tente Sereine \u00e0 Paris"},"content":{"rendered":"<h2 data-rm-block-id=\"block-1\">Massage Femme Enceinte \u2013 Bien-\u00catre &amp; D\u00e9tente Sereine \u00e0 Paris<\/h2>\n<p data-rm-block-id=\"block-2\">Ce Massage est sp\u00e9cialement con\u00e7u pour les futures mamans, offrant un soin doux et relaxant tout en respectant les besoins sp\u00e9cifiques du corps pendant la grossesse. Gr\u00e2ce \u00e0 des mouvements lents et enveloppants, ce massage soulage les tensions musculaires, r\u00e9duit la sensation de jambes lourdes et am\u00e9liore la circulation.<\/p>\n<h3 data-rm-block-id=\"block-3\">Un soin adapt\u00e9 \u00e0 chaque trimestre<\/h3>\n<p data-rm-block-id=\"block-4\">Nos professionnelles form\u00e9es aux techniques de maternit\u00e9 r\u00e9alisent le <strong>massage grossesse d\u00e9tente Paris<\/strong> en toute s\u00e9curit\u00e9. Chaque geste est pens\u00e9 pour apporter confort et apaisement, en tenant compte des changements corporels et des besoins particuliers des femmes enceintes.<\/p>\n<h3 data-rm-block-id=\"block-5\">Bienfaits physiques et relaxation<\/h3>\n<p data-rm-block-id=\"block-6\">Le <strong>massage pr\u00e9natal relaxant Paris<\/strong> aide \u00e0 soulager les douleurs musculaires, am\u00e9liorer la circulation sanguine et r\u00e9duire la fatigue. Il procure une sensation de d\u00e9tente profonde et favorise un \u00e9quilibre entre corps et esprit, id\u00e9al pour une grossesse plus sereine et harmonieuse.<\/p>\n<h3 data-rm-block-id=\"block-7\">Une exp\u00e9rience douce et s\u00e9curis\u00e9e<\/h3>\n<p data-rm-block-id=\"block-8\">Nous utilisons une <strong>huile de massage neutre<\/strong>, sans parfum ni allerg\u00e8ne, adapt\u00e9e aux peaux sensibles et aux besoins des futures mamans. Le <strong>massage jambes lourdes femme enceinte Paris<\/strong> apporte l\u00e9g\u00e8ret\u00e9 et confort, tandis que le <strong>soin bien-\u00eatre grossesse Paris<\/strong> offre un moment privil\u00e9gi\u00e9 de relaxation totale.<\/p>\n<p data-rm-block-id=\"block-9\">R\u00e9servez votre <strong>Massage Femme Enceinte<\/strong> \u00e0 Paris et profitez d\u2019une pause bien-\u00eatre, douce, s\u00e9curis\u00e9e et revitalisante pendant votre grossesse.<\/p>\n<div id=\"amelia-cal-11\" style=\"display: none; margin-top: 24px;\" data-rm-block-id=\"block-10\">\n<script>\n  if (typeof hasAmeliaEntitiesApiCall === 'undefined' && ('' === '' && '' !== '1')) {\n    var hasAmeliaEntitiesApiCall = true;\n  }\n  var ameliaShortcodeData = (typeof ameliaShortcodeData === 'undefined') ? [] : ameliaShortcodeData;\n  ameliaShortcodeData.push(\n    {\n      'hasApiCall': (typeof hasAmeliaEntitiesApiCall !== 'undefined') && hasAmeliaEntitiesApiCall,\n      'trigger': '',\n      'trigger_type': '',\n      'triggered_form': 'sbsNew',\n      'in_dialog': '',\n      'show': 'services',\n      'counter': '1000',\n      'category': '',\n      'service': '11',\n      'employee': '1',\n      'location': '',\n      'package': '',\n      'layout': '1',\n    }\n  );\n\n  var ameliaShortcodeDataTriggered = (typeof ameliaShortcodeDataTriggered === 'undefined') ? [] : ameliaShortcodeDataTriggered;\n  if (ameliaShortcodeData[ameliaShortcodeData.length - 1].trigger !== '') {\n    if (ameliaShortcodeDataTriggered.filter(a => a.counter === ameliaShortcodeData[ameliaShortcodeData.length - 1].counter).length === 0) {\n      ameliaShortcodeDataTriggered.push(ameliaShortcodeData.pop());\n    } else {\n      ameliaShortcodeData.pop()\n    }\n  }\n  if (typeof hasAmeliaEntitiesApiCall !== 'undefined' && hasAmeliaEntitiesApiCall) {\n    hasAmeliaEntitiesApiCall = false;\n  }\n<\/script>\n\n<div\n  id=\"amelia-v2-booking-1000\"\n  class=\"amelia-v2-booking\"\n >\n    <step-form-wrapper><\/step-form-wrapper><\/div>\n<\/div>\n<p data-rm-block-id=\"block-11\">\n","protected":false},"excerpt":{"rendered":"<p>Massage Femme Enceinte \u00e0 Paris : un soin doux et s\u00e9curisant pour soulager les tensions, favoriser la circulation et offrir une relaxation profonde aux futures mamans.<\/p>","protected":false},"featured_media":1724,"comment_status":"open","ping_status":"closed","template":"","meta":{"_monsterinsights_skip_tracking":false,"_monsterinsights_sitenote_active":false,"_monsterinsights_sitenote_note":"","_monsterinsights_sitenote_category":0,"_joinchat":[]},"product_brand":[],"product_cat":[41],"product_tag":[],"giftcard-category":[],"class_list":{"0":"post-1376","1":"product","2":"type-product","3":"status-publish","4":"has-post-thumbnail","6":"product_cat-massages","7":"latest_post","9":"first","10":"instock","11":"virtual","12":"taxable","13":"purchasable","14":"product-type-simple"},"jetpack_sharing_enabled":true,"_links":{"self":[{"href":"https:\/\/spavendome.fr\/en\/wp-json\/wp\/v2\/product\/1376","targetHints":{"allow":["GET"]}}],"collection":[{"href":"https:\/\/spavendome.fr\/en\/wp-json\/wp\/v2\/product"}],"about":[{"href":"https:\/\/spavendome.fr\/en\/wp-json\/wp\/v2\/types\/product"}],"replies":[{"embeddable":true,"href":"https:\/\/spavendome.fr\/en\/wp-json\/wp\/v2\/comments?post=1376"}],"wp:featuredmedia":[{"embeddable":true,"href":"https:\/\/spavendome.fr\/en\/wp-json\/wp\/v2\/media\/1724"}],"wp:attachment":[{"href":"https:\/\/spavendome.fr\/en\/wp-json\/wp\/v2\/media?parent=1376"}],"wp:term":[{"taxonomy":"product_brand","embeddable":true,"href":"https:\/\/spavendome.fr\/en\/wp-json\/wp\/v2\/product_brand?post=1376"},{"taxonomy":"product_cat","embeddable":true,"href":"https:\/\/spavendome.fr\/en\/wp-json\/wp\/v2\/product_cat?post=1376"},{"taxonomy":"product_tag","embeddable":true,"href":"https:\/\/spavendome.fr\/en\/wp-json\/wp\/v2\/product_tag?post=1376"},{"taxonomy":"giftcard-category","embeddable":true,"href":"https:\/\/spavendome.fr\/en\/wp-json\/wp\/v2\/giftcard-category?post=1376"}],"curies":[{"name":"wp","href":"https:\/\/api.w.org\/{rel}","templated":true}]}}