{"id":1365,"date":"2025-10-01T12:04:51","date_gmt":"2025-10-01T12:04:51","guid":{"rendered":"https:\/\/www.luno3284.odns.fr\/?post_type=product&#038;p=1365"},"modified":"2025-11-22T23:47:57","modified_gmt":"2025-11-22T22:47:57","slug":"massage-californien-2","status":"publish","type":"product","link":"https:\/\/spavendome.fr\/en\/service\/massage-californien-2\/","title":{"rendered":"Massage Californien \u2013 L\u2019Art du L\u00e2cher-Prise &#038; Bien-\u00catre \u00e0 Paris"},"content":{"rendered":"<h2>Massage Californien \u2013 D\u00e9tente Absolue &amp; Bien-\u00catre \u00e0 Paris<\/h2>\n<p>Le <strong>Massage californien Paris<\/strong> est un rituel de relaxation profonde qui invite au l\u00e2cher-prise total. Gr\u00e2ce \u00e0 des mouvements longs, fluides &amp; enveloppants, il apaise le corps &amp; l\u2019esprit, lib\u00e9rant les tensions physiques et \u00e9motionnelles pour un <strong>massage d\u00e9tente Paris<\/strong> inoubliable.<\/p>\n<h3>Une technique douce &amp; harmonisante<\/h3>\n<p>Le <strong>massage d\u00e9tente Paris<\/strong> se distingue par sa douceur et sa fluidit\u00e9. Chaque geste, pr\u00e9cis et enveloppant, favorise une meilleure circulation de l\u2019\u00e9nergie et une d\u00e9tente globale. C\u2019est le <strong>massage bien-\u00eatre Paris<\/strong> id\u00e9al pour harmoniser le corps &amp; retrouver un \u00e9quilibre int\u00e9rieur durable.<\/p>\n<h3>Un soin sur mesure pour un l\u00e2cher-prise total<\/h3>\n<p>Nos praticiennes qualifi\u00e9es r\u00e9alisent le <strong>massage relaxant corps entier Paris<\/strong> avec une huile neutre adapt\u00e9e \u00e0 tous les types de peau. Ce soin favorise un confort optimal, nourrit la peau &amp; d\u00e9noue les tensions accumul\u00e9es. Chaque mouvement est pens\u00e9 pour offrir une d\u00e9tente sur mesure, adapt\u00e9e \u00e0 vos besoins.<\/p>\n<p>D\u00e9couvrez les bienfaits du <strong>Massage californien<\/strong> pour votre bien-\u00eatre. Ce soin est con\u00e7u pour vous offrir une exp\u00e9rience unique de d\u00e9tente.<\/p>\n<h3>Une invitation \u00e0 la s\u00e9r\u00e9nit\u00e9<\/h3>\n<p>Offrez-vous une <strong>exp\u00e9rience de relaxation profonde Paris<\/strong> dans une atmosph\u00e8re calme et apaisante. Le <strong>massage apaisant &amp; harmonisant Paris<\/strong> est plus qu\u2019un simple soin : c\u2019est une v\u00e9ritable parenth\u00e8se de douceur, un voyage sensoriel vers le bien-\u00eatre absolu.<\/p>\n<p>R\u00e9servez votre <strong>Massage californien<\/strong> \u00e0 Paris &amp; laissez-vous envelopper par un moment d\u2019\u00e9quilibre, de s\u00e9r\u00e9nit\u00e9 &amp; de l\u00e9g\u00e8ret\u00e9.<\/p>\n<div id=\"amelia-cal-230\" style=\"display: none; margin-top: 24px;\">\n<script>\n  if (typeof hasAmeliaEntitiesApiCall === 'undefined' && ('' === '' && '' !== '1')) {\n    var hasAmeliaEntitiesApiCall = true;\n  }\n  var ameliaShortcodeData = (typeof ameliaShortcodeData === 'undefined') ? [] : ameliaShortcodeData;\n  ameliaShortcodeData.push(\n    {\n      'hasApiCall': (typeof hasAmeliaEntitiesApiCall !== 'undefined') && hasAmeliaEntitiesApiCall,\n      'trigger': '',\n      'trigger_type': '',\n      'triggered_form': 'sbsNew',\n      'in_dialog': '',\n      'show': 'services',\n      'counter': '1000',\n      'category': '',\n      'service': '230',\n      'employee': '1',\n      'location': '',\n      'package': '',\n      'layout': '1',\n    }\n  );\n\n  var ameliaShortcodeDataTriggered = (typeof ameliaShortcodeDataTriggered === 'undefined') ? [] : ameliaShortcodeDataTriggered;\n  if (ameliaShortcodeData[ameliaShortcodeData.length - 1].trigger !== '') {\n    if (ameliaShortcodeDataTriggered.filter(a => a.counter === ameliaShortcodeData[ameliaShortcodeData.length - 1].counter).length === 0) {\n      ameliaShortcodeDataTriggered.push(ameliaShortcodeData.pop());\n    } else {\n      ameliaShortcodeData.pop()\n    }\n  }\n  if (typeof hasAmeliaEntitiesApiCall !== 'undefined' && hasAmeliaEntitiesApiCall) {\n    hasAmeliaEntitiesApiCall = false;\n  }\n<\/script>\n\n<div\n  id=\"amelia-v2-booking-1000\"\n  class=\"amelia-v2-booking\"\n >\n    <step-form-wrapper><\/step-form-wrapper><\/div>\n<\/div>\n","protected":false},"excerpt":{"rendered":"<p>Massage Californien \u00e0 Paris : une exp\u00e9rience de relaxation profonde aux mouvements fluides &amp; enveloppants pour lib\u00e9rer les tensions et apaiser le corps &amp; l\u2019esprit.<\/p>","protected":false},"featured_media":1573,"comment_status":"open","ping_status":"closed","template":"","meta":{"_monsterinsights_skip_tracking":false,"_monsterinsights_sitenote_active":false,"_monsterinsights_sitenote_note":"","_monsterinsights_sitenote_category":0,"_joinchat":[]},"product_brand":[],"product_cat":[41],"product_tag":[],"giftcard-category":[],"class_list":{"0":"post-1365","1":"product","2":"type-product","3":"status-publish","4":"has-post-thumbnail","6":"product_cat-massages","7":"latest_post","9":"first","10":"instock","11":"virtual","12":"taxable","13":"purchasable","14":"product-type-simple"},"jetpack_sharing_enabled":true,"_links":{"self":[{"href":"https:\/\/spavendome.fr\/en\/wp-json\/wp\/v2\/product\/1365","targetHints":{"allow":["GET"]}}],"collection":[{"href":"https:\/\/spavendome.fr\/en\/wp-json\/wp\/v2\/product"}],"about":[{"href":"https:\/\/spavendome.fr\/en\/wp-json\/wp\/v2\/types\/product"}],"replies":[{"embeddable":true,"href":"https:\/\/spavendome.fr\/en\/wp-json\/wp\/v2\/comments?post=1365"}],"wp:featuredmedia":[{"embeddable":true,"href":"https:\/\/spavendome.fr\/en\/wp-json\/wp\/v2\/media\/1573"}],"wp:attachment":[{"href":"https:\/\/spavendome.fr\/en\/wp-json\/wp\/v2\/media?parent=1365"}],"wp:term":[{"taxonomy":"product_brand","embeddable":true,"href":"https:\/\/spavendome.fr\/en\/wp-json\/wp\/v2\/product_brand?post=1365"},{"taxonomy":"product_cat","embeddable":true,"href":"https:\/\/spavendome.fr\/en\/wp-json\/wp\/v2\/product_cat?post=1365"},{"taxonomy":"product_tag","embeddable":true,"href":"https:\/\/spavendome.fr\/en\/wp-json\/wp\/v2\/product_tag?post=1365"},{"taxonomy":"giftcard-category","embeddable":true,"href":"https:\/\/spavendome.fr\/en\/wp-json\/wp\/v2\/giftcard-category?post=1365"}],"curies":[{"name":"wp","href":"https:\/\/api.w.org\/{rel}","templated":true}]}}