{"id":1359,"date":"2025-10-01T11:57:48","date_gmt":"2025-10-01T11:57:48","guid":{"rendered":"https:\/\/www.luno3284.odns.fr\/?post_type=product&#038;p=1359"},"modified":"2025-11-22T23:47:58","modified_gmt":"2025-11-22T22:47:58","slug":"escale-sensorielle","status":"publish","type":"product","link":"https:\/\/spavendome.fr\/en\/service\/escale-sensorielle\/","title":{"rendered":"Escale Sensorielle \u2013 \u00c9veil &#038; Revitalisation \u00e0 Paris"},"content":{"rendered":"<h2>Escale Sensorielle \u2013 \u00c9veil &amp; Revitalisation \u00e0 Paris<\/h2>\n<p>Offrez \u00e0 votre corps une v\u00e9ritable parenth\u00e8se de bien-\u00eatre avec notre <strong>Escale Sensorielle Paris<\/strong>. Ce <strong>spa signature bien-\u00eatre Paris<\/strong> combine un gommage doux, un enveloppement nourrissant et un bain de vapeur pour purifier, hydrater et revitaliser la peau en profondeur.<\/p>\n<h3>Un soin complet pour une peau \u00e9clatante<\/h3>\n<p>Ce <strong>soin exfoliant et nourrissant Paris<\/strong> d\u00e9bute par un bain de vapeur qui pr\u00e9pare la peau \u00e0 recevoir les bienfaits du gommage au savon noir ou au sucre ambr\u00e9. L\u2019exfoliation \u00e9limine les impuret\u00e9s et laisse la peau douce et lisse, pr\u00eate \u00e0 \u00eatre envelopp\u00e9e d\u2019un soin au <strong>mono\u00ef<\/strong> ou aux <strong>pierres volcaniques<\/strong>.<\/p>\n<h3>Des bienfaits revitalisants et naturels<\/h3>\n<p>Gr\u00e2ce \u00e0 ses <strong>huiles nourrissantes<\/strong> et ses ingr\u00e9dients d\u2019origine naturelle, le <strong>soin corps revitalisant Paris<\/strong> hydrate intens\u00e9ment et r\u00e9veille l\u2019\u00e9clat de la peau. L\u2019enveloppement au <strong>mono\u00ef<\/strong> ou aux <strong>pierres volcaniques<\/strong> remin\u00e9ralise et revitalise le corps, procurant une sensation de l\u00e9g\u00e8ret\u00e9 et de d\u00e9tente imm\u00e9diate.<\/p>\n<h3>Une exp\u00e9rience sensorielle unique<\/h3>\n<p>Con\u00e7u pour allier purification, nutrition et d\u00e9tente, ce <strong>rituel d\u00e9tente spa Paris<\/strong> invite \u00e0 une relaxation totale. Parfait pour celles et ceux qui souhaitent se ressourcer rapidement, l\u2019Escale Sensorielle est un soin complet qui unit efficacit\u00e9 et plaisir, pour une peau \u00e9clatante et un esprit apais\u00e9.<\/p>\n<p>Vivez un instant d\u2019exception avec notre <strong>Escale Sensorielle<\/strong> \u00e0 Paris : un voyage sensoriel qui r\u00e9veille vos sens et sublime votre peau.<\/p>\n<div id=\"amelia-cal-27\" style=\"display: none; margin-top: 24px;\">\n<script>\n  if (typeof hasAmeliaEntitiesApiCall === 'undefined' && ('' === '' && '' !== '1')) {\n    var hasAmeliaEntitiesApiCall = true;\n  }\n  var ameliaShortcodeData = (typeof ameliaShortcodeData === 'undefined') ? [] : ameliaShortcodeData;\n  ameliaShortcodeData.push(\n    {\n      'hasApiCall': (typeof hasAmeliaEntitiesApiCall !== 'undefined') && hasAmeliaEntitiesApiCall,\n      'trigger': '',\n      'trigger_type': '',\n      'triggered_form': 'sbsNew',\n      'in_dialog': '',\n      'show': 'services',\n      'counter': '1000',\n      'category': '',\n      'service': '27',\n      'employee': '1',\n      'location': '',\n      'package': '',\n      'layout': '1',\n    }\n  );\n\n  var ameliaShortcodeDataTriggered = (typeof ameliaShortcodeDataTriggered === 'undefined') ? [] : ameliaShortcodeDataTriggered;\n  if (ameliaShortcodeData[ameliaShortcodeData.length - 1].trigger !== '') {\n    if (ameliaShortcodeDataTriggered.filter(a => a.counter === ameliaShortcodeData[ameliaShortcodeData.length - 1].counter).length === 0) {\n      ameliaShortcodeDataTriggered.push(ameliaShortcodeData.pop());\n    } else {\n      ameliaShortcodeData.pop()\n    }\n  }\n  if (typeof hasAmeliaEntitiesApiCall !== 'undefined' && hasAmeliaEntitiesApiCall) {\n    hasAmeliaEntitiesApiCall = false;\n  }\n<\/script>\n\n<div\n  id=\"amelia-v2-booking-1000\"\n  class=\"amelia-v2-booking\"\n >\n    <step-form-wrapper><\/step-form-wrapper><\/div>\n<\/div>\n","protected":false},"excerpt":{"rendered":"<p data-start=\"766\" data-end=\"930\"><strong data-start=\"766\" data-end=\"794\">Escale Sensorielle Paris<\/strong> : un soin signature alliant exfoliation douce, enveloppement nourrissant et bien-\u00eatre profond pour une peau \u00e9clatante et revitalis\u00e9e.<\/p>","protected":false},"featured_media":1577,"comment_status":"open","ping_status":"closed","template":"","meta":{"_monsterinsights_skip_tracking":false,"_monsterinsights_sitenote_active":false,"_monsterinsights_sitenote_note":"","_monsterinsights_sitenote_category":0,"_joinchat":[]},"product_brand":[],"product_cat":[83],"product_tag":[],"giftcard-category":[],"class_list":{"0":"post-1359","1":"product","2":"type-product","3":"status-publish","4":"has-post-thumbnail","6":"product_cat-signature-spa","7":"latest_post","9":"first","10":"instock","11":"virtual","12":"taxable","13":"purchasable","14":"product-type-simple"},"jetpack_sharing_enabled":true,"_links":{"self":[{"href":"https:\/\/spavendome.fr\/en\/wp-json\/wp\/v2\/product\/1359","targetHints":{"allow":["GET"]}}],"collection":[{"href":"https:\/\/spavendome.fr\/en\/wp-json\/wp\/v2\/product"}],"about":[{"href":"https:\/\/spavendome.fr\/en\/wp-json\/wp\/v2\/types\/product"}],"replies":[{"embeddable":true,"href":"https:\/\/spavendome.fr\/en\/wp-json\/wp\/v2\/comments?post=1359"}],"wp:featuredmedia":[{"embeddable":true,"href":"https:\/\/spavendome.fr\/en\/wp-json\/wp\/v2\/media\/1577"}],"wp:attachment":[{"href":"https:\/\/spavendome.fr\/en\/wp-json\/wp\/v2\/media?parent=1359"}],"wp:term":[{"taxonomy":"product_brand","embeddable":true,"href":"https:\/\/spavendome.fr\/en\/wp-json\/wp\/v2\/product_brand?post=1359"},{"taxonomy":"product_cat","embeddable":true,"href":"https:\/\/spavendome.fr\/en\/wp-json\/wp\/v2\/product_cat?post=1359"},{"taxonomy":"product_tag","embeddable":true,"href":"https:\/\/spavendome.fr\/en\/wp-json\/wp\/v2\/product_tag?post=1359"},{"taxonomy":"giftcard-category","embeddable":true,"href":"https:\/\/spavendome.fr\/en\/wp-json\/wp\/v2\/giftcard-category?post=1359"}],"curies":[{"name":"wp","href":"https:\/\/api.w.org\/{rel}","templated":true}]}}