{"id":1353,"date":"2025-10-01T11:54:02","date_gmt":"2025-10-01T11:54:02","guid":{"rendered":"https:\/\/www.luno3284.odns.fr\/?post_type=product&#038;p=1353"},"modified":"2025-11-22T23:47:58","modified_gmt":"2025-11-22T22:47:58","slug":"rituel-des-papess","status":"publish","type":"product","link":"https:\/\/spavendome.fr\/en\/service\/rituel-des-papess\/","title":{"rendered":"Rituel des Papess \u2013 L\u2019Exp\u00e9rience Spa Priv\u00e9e Exceptionnelle &#038; Massage Californien \u00e0 Paris"},"content":{"rendered":"<h2>Rituel des Papess \u2013 Spa Priv\u00e9 et Massage Californien \u00e0 Paris<\/h2>\n<p>Offrez-vous une <strong>exp\u00e9rience sensorielle exceptionnelle<\/strong> de 2h au c\u0153ur de Paris avec notre <strong>Rituel des Papess<\/strong>. Profitez d\u20191h d\u2019acc\u00e8s privatif \u00e0 notre <strong>spa priv\u00e9<\/strong>, o\u00f9 l\u2019eau et la chaleur vous enveloppent pour une d\u00e9tente imm\u00e9diate.<\/p>\n<h3>Un soin complet pour le corps et l\u2019esprit<\/h3>\n<p>Le <strong>Rituel des Papess<\/strong> combine les bienfaits apaisants du spa avec 1h de <strong>massage californien profond<\/strong>. Chaque geste est pens\u00e9 pour lib\u00e9rer les tensions, stimuler la circulation et favoriser une relaxation totale, laissant votre corps l\u00e9ger et votre esprit serein.<\/p>\n<h3>Un moment de d\u00e9tente prolong\u00e9<\/h3>\n<p>Ce rituel offre un v\u00e9ritable voyage sensoriel prolong\u00e9. Le cadre intime du <strong>spa priv\u00e9<\/strong> permet de profiter pleinement de chaque instant, seul, en couple ou entre amis, pour une exp\u00e9rience de <strong>bien-\u00eatre et d\u00e9tente<\/strong> unique \u00e0 Paris.<\/p>\n<h3>Un soin d\u2019exception \u00e0 Paris<\/h3>\n<p>Id\u00e9al pour ceux qui recherchent un <strong>soin complet et relaxant<\/strong>, le <strong>Rituel des Papess<\/strong> allie plaisir, efficacit\u00e9 et s\u00e9r\u00e9nit\u00e9. Vivez 2h d\u2019exception qui combinent <strong>massage californien<\/strong> et relaxation au spa, pour un moment de <strong>bien-\u00eatre sensoriel<\/strong> inoubliable.<\/p>\n<p>Offrez-vous cette <strong>exp\u00e9rience sensorielle Paris<\/strong> et laissez-vous transporter par un soin unique qui prend soin de votre corps et de votre esprit.<\/p>\n<div id=\"amelia-cal-46\" style=\"display: none; margin-top: 24px;\">\n<script>\n  if (typeof hasAmeliaEntitiesApiCall === 'undefined' && ('' === '' && '' !== '1')) {\n    var hasAmeliaEntitiesApiCall = true;\n  }\n  var ameliaShortcodeData = (typeof ameliaShortcodeData === 'undefined') ? [] : ameliaShortcodeData;\n  ameliaShortcodeData.push(\n    {\n      'hasApiCall': (typeof hasAmeliaEntitiesApiCall !== 'undefined') && hasAmeliaEntitiesApiCall,\n      'trigger': '',\n      'trigger_type': '',\n      'triggered_form': 'sbsNew',\n      'in_dialog': '',\n      'show': 'services',\n      'counter': '1000',\n      'category': '',\n      'service': '46',\n      'employee': '8',\n      'location': '',\n      'package': '',\n      'layout': '1',\n    }\n  );\n\n  var ameliaShortcodeDataTriggered = (typeof ameliaShortcodeDataTriggered === 'undefined') ? [] : ameliaShortcodeDataTriggered;\n  if (ameliaShortcodeData[ameliaShortcodeData.length - 1].trigger !== '') {\n    if (ameliaShortcodeDataTriggered.filter(a => a.counter === ameliaShortcodeData[ameliaShortcodeData.length - 1].counter).length === 0) {\n      ameliaShortcodeDataTriggered.push(ameliaShortcodeData.pop());\n    } else {\n      ameliaShortcodeData.pop()\n    }\n  }\n  if (typeof hasAmeliaEntitiesApiCall !== 'undefined' && hasAmeliaEntitiesApiCall) {\n    hasAmeliaEntitiesApiCall = false;\n  }\n<\/script>\n\n<div\n  id=\"amelia-v2-booking-1000\"\n  class=\"amelia-v2-booking\"\n >\n    <step-form-wrapper><\/step-form-wrapper><\/div>\n<\/div>\n","protected":false},"excerpt":{"rendered":"<p>Offrez-vous 2h de d\u00e9tente totale avec le\u00a0 Rituel des Papess qui inclut un spa privatif et massage californien<\/p>","protected":false},"featured_media":1723,"comment_status":"open","ping_status":"closed","template":"","meta":{"_monsterinsights_skip_tracking":false,"_monsterinsights_sitenote_active":false,"_monsterinsights_sitenote_note":"","_monsterinsights_sitenote_category":0,"_joinchat":[]},"product_brand":[],"product_cat":[40],"product_tag":[],"giftcard-category":[],"class_list":{"0":"post-1353","1":"product","2":"type-product","3":"status-publish","4":"has-post-thumbnail","6":"product_cat-spa","7":"latest_post","9":"first","10":"instock","11":"virtual","12":"taxable","13":"purchasable","14":"product-type-simple"},"jetpack_sharing_enabled":true,"_links":{"self":[{"href":"https:\/\/spavendome.fr\/en\/wp-json\/wp\/v2\/product\/1353","targetHints":{"allow":["GET"]}}],"collection":[{"href":"https:\/\/spavendome.fr\/en\/wp-json\/wp\/v2\/product"}],"about":[{"href":"https:\/\/spavendome.fr\/en\/wp-json\/wp\/v2\/types\/product"}],"replies":[{"embeddable":true,"href":"https:\/\/spavendome.fr\/en\/wp-json\/wp\/v2\/comments?post=1353"}],"wp:featuredmedia":[{"embeddable":true,"href":"https:\/\/spavendome.fr\/en\/wp-json\/wp\/v2\/media\/1723"}],"wp:attachment":[{"href":"https:\/\/spavendome.fr\/en\/wp-json\/wp\/v2\/media?parent=1353"}],"wp:term":[{"taxonomy":"product_brand","embeddable":true,"href":"https:\/\/spavendome.fr\/en\/wp-json\/wp\/v2\/product_brand?post=1353"},{"taxonomy":"product_cat","embeddable":true,"href":"https:\/\/spavendome.fr\/en\/wp-json\/wp\/v2\/product_cat?post=1353"},{"taxonomy":"product_tag","embeddable":true,"href":"https:\/\/spavendome.fr\/en\/wp-json\/wp\/v2\/product_tag?post=1353"},{"taxonomy":"giftcard-category","embeddable":true,"href":"https:\/\/spavendome.fr\/en\/wp-json\/wp\/v2\/giftcard-category?post=1353"}],"curies":[{"name":"wp","href":"https:\/\/api.w.org\/{rel}","templated":true}]}}