{"id":1350,"date":"2025-10-01T11:52:14","date_gmt":"2025-10-01T11:52:14","guid":{"rendered":"https:\/\/www.luno3284.odns.fr\/?post_type=product&#038;p=1350"},"modified":"2025-11-22T23:47:59","modified_gmt":"2025-11-22T22:47:59","slug":"hammam-royal","status":"publish","type":"product","link":"https:\/\/spavendome.fr\/en\/service\/hammam-royal\/","title":{"rendered":"Hammam Royal \u2013 Spa Priv\u00e9 et Massage Californien \u00e0 Paris"},"content":{"rendered":"<h2 data-rm-block-id=\"block-1\">Hammam Royal \u2013 L\u2019Exp\u00e9rience Spa Priv\u00e9e Inoubliable et Massage Californien \u00e0 Paris<\/h2>\n<p data-rm-block-id=\"block-2\">Offrez-vous une <strong>exp\u00e9rience royale<\/strong> de 1h45 au c\u0153ur de Paris avec notre <strong>Hammam Royal<\/strong>. Profitez d&rsquo;1h d\u2019acc\u00e8s privatif au spa et laissez-vous transporter par la chaleur enveloppante du <strong>hammam priv\u00e9<\/strong>, qui ouvre les pores, \u00e9limine les toxines et d\u00e9tend vos muscles en profondeur.<\/p>\n<h3 data-rm-block-id=\"block-3\">Purification intense dans un cadre intime<\/h3>\n<p data-rm-block-id=\"block-4\">La vapeur chaude et humide du hammam favorise une purification compl\u00e8te du corps et un bien-\u00eatre imm\u00e9diat. Votre peau est douce, vos muscles rel\u00e2ch\u00e9s et votre esprit apais\u00e9, pr\u00e9parant parfaitement votre corps pour la suite du rituel.<\/p>\n<h3 data-rm-block-id=\"block-5\">Massage californien pour une d\u00e9tente absolue<\/h3>\n<p data-rm-block-id=\"block-6\">Apr\u00e8s cette purification, profitez d\u2019un <strong>massage californien<\/strong> de 45 minutes. Les mouvements enveloppants et harmonieux d\u00e9tendent les tensions restantes, procurant une sensation de l\u00e9g\u00e8ret\u00e9 et d\u2019harmonie. Ce massage compl\u00e8te parfaitement le hammam, alliant relaxation et douceur.<\/p>\n<h3 data-rm-block-id=\"block-7\">Un moment de bien-\u00eatre sur-mesure<\/h3>\n<p data-rm-block-id=\"block-8\">Notre <strong>Spa Royal \u00e0 Paris<\/strong> est con\u00e7u pour offrir un moment unique, seul, en couple ou entre amis. Alliant purification, d\u00e9tente et soins de qualit\u00e9, le Hammam Royal laisse le corps et l\u2019esprit parfaitement r\u00e9g\u00e9n\u00e9r\u00e9s, pour un moment de bien-\u00eatre inoubliable.<\/p>\n<p data-rm-block-id=\"block-9\">Vivez cette <strong>exp\u00e9rience spa 1h45<\/strong> et offrez-vous un v\u00e9ritable voyage sensoriel et relaxant au c\u0153ur de Paris.<\/p>\n<div id=\"amelia-cal-37\" style=\"display:none; margin-top:24px;\">\n  \n<script>\n  if (typeof hasAmeliaEntitiesApiCall === 'undefined' && ('' === '' && '' !== '1')) {\n    var hasAmeliaEntitiesApiCall = true;\n  }\n  var ameliaShortcodeData = (typeof ameliaShortcodeData === 'undefined') ? [] : ameliaShortcodeData;\n  ameliaShortcodeData.push(\n    {\n      'hasApiCall': (typeof hasAmeliaEntitiesApiCall !== 'undefined') && hasAmeliaEntitiesApiCall,\n      'trigger': '',\n      'trigger_type': '',\n      'triggered_form': 'sbsNew',\n      'in_dialog': '',\n      'show': '',\n      'counter': '1000',\n      'category': '',\n      'service': '37',\n      'employee': '8show=services',\n      'location': '',\n      'package': '',\n      'layout': '1',\n    }\n  );\n\n  var ameliaShortcodeDataTriggered = (typeof ameliaShortcodeDataTriggered === 'undefined') ? [] : ameliaShortcodeDataTriggered;\n  if (ameliaShortcodeData[ameliaShortcodeData.length - 1].trigger !== '') {\n    if (ameliaShortcodeDataTriggered.filter(a => a.counter === ameliaShortcodeData[ameliaShortcodeData.length - 1].counter).length === 0) {\n      ameliaShortcodeDataTriggered.push(ameliaShortcodeData.pop());\n    } else {\n      ameliaShortcodeData.pop()\n    }\n  }\n  if (typeof hasAmeliaEntitiesApiCall !== 'undefined' && hasAmeliaEntitiesApiCall) {\n    hasAmeliaEntitiesApiCall = false;\n  }\n<\/script>\n\n<div\n  id=\"amelia-v2-booking-1000\"\n  class=\"amelia-v2-booking\"\n >\n    <step-form-wrapper><\/step-form-wrapper><\/div>\n\n<\/div>\n","protected":false},"excerpt":{"rendered":"<p data-start=\"2333\" data-end=\"2505\">Offrez-vous 1h45 de pure d\u00e9tente dans un spa privatif avec hammam et massage californien. Profitez d\u2019un moment relaxant pour purifier votre corps et apaiser votre esprit.<\/p>","protected":false},"featured_media":1579,"comment_status":"open","ping_status":"closed","template":"","meta":{"_monsterinsights_skip_tracking":false,"_monsterinsights_sitenote_active":false,"_monsterinsights_sitenote_note":"","_monsterinsights_sitenote_category":0,"_joinchat":[]},"product_brand":[],"product_cat":[40],"product_tag":[],"giftcard-category":[],"class_list":{"0":"post-1350","1":"product","2":"type-product","3":"status-publish","4":"has-post-thumbnail","6":"product_cat-spa","7":"latest_post","9":"first","10":"instock","11":"virtual","12":"taxable","13":"purchasable","14":"product-type-simple"},"jetpack_sharing_enabled":true,"_links":{"self":[{"href":"https:\/\/spavendome.fr\/en\/wp-json\/wp\/v2\/product\/1350","targetHints":{"allow":["GET"]}}],"collection":[{"href":"https:\/\/spavendome.fr\/en\/wp-json\/wp\/v2\/product"}],"about":[{"href":"https:\/\/spavendome.fr\/en\/wp-json\/wp\/v2\/types\/product"}],"replies":[{"embeddable":true,"href":"https:\/\/spavendome.fr\/en\/wp-json\/wp\/v2\/comments?post=1350"}],"wp:featuredmedia":[{"embeddable":true,"href":"https:\/\/spavendome.fr\/en\/wp-json\/wp\/v2\/media\/1579"}],"wp:attachment":[{"href":"https:\/\/spavendome.fr\/en\/wp-json\/wp\/v2\/media?parent=1350"}],"wp:term":[{"taxonomy":"product_brand","embeddable":true,"href":"https:\/\/spavendome.fr\/en\/wp-json\/wp\/v2\/product_brand?post=1350"},{"taxonomy":"product_cat","embeddable":true,"href":"https:\/\/spavendome.fr\/en\/wp-json\/wp\/v2\/product_cat?post=1350"},{"taxonomy":"product_tag","embeddable":true,"href":"https:\/\/spavendome.fr\/en\/wp-json\/wp\/v2\/product_tag?post=1350"},{"taxonomy":"giftcard-category","embeddable":true,"href":"https:\/\/spavendome.fr\/en\/wp-json\/wp\/v2\/giftcard-category?post=1350"}],"curies":[{"name":"wp","href":"https:\/\/api.w.org\/{rel}","templated":true}]}}