{"id":1347,"date":"2025-10-01T11:50:22","date_gmt":"2025-10-01T11:50:22","guid":{"rendered":"https:\/\/www.luno3284.odns.fr\/?post_type=product&#038;p=1347"},"modified":"2025-11-22T23:47:59","modified_gmt":"2025-11-22T22:47:59","slug":"tradition-ancestrale","status":"publish","type":"product","link":"https:\/\/spavendome.fr\/en\/service\/tradition-ancestrale\/","title":{"rendered":"Tradition Ancestrale \u2013 L\u2019Exp\u00e9rience Spa Priv\u00e9e et Massage Californien \u00e0 Paris"},"content":{"rendered":"<h2>Tradition Ancestrale \u2013 L\u2019Exp\u00e9rience Spa Priv\u00e9e et Massage Californien \u00e0 Paris<\/h2>\n<p>D\u00e9couvrez la <strong>Tradition Ancestrale<\/strong>, un rituel de 1h30 qui vous transporte au c\u0153ur du bien-\u00eatre et de la relaxation. Profitez d\u20191h d\u2019acc\u00e8s privatif \u00e0 notre <strong>spa priv\u00e9<\/strong> \u00e0 Paris, suivi d\u2019un <strong>massage californien<\/strong> de 30 minutes, v\u00e9ritable invitation au l\u00e2cher-prise.<\/p>\n<h3>Un massage inspir\u00e9 des traditions anciennes<\/h3>\n<p>Le <strong>massage californien<\/strong> se distingue par ses gestes longs, fluides et enveloppants. Il favorise la d\u00e9tente musculaire, apaise le syst\u00e8me nerveux et stimule la circulation sanguine. Cette approche, issue des <strong>traditions ancestrales<\/strong>, place le toucher au centre de la relaxation et de la gu\u00e9rison.<\/p>\n<h3>La chaleur bienfaisante du spa<\/h3>\n<p>Associ\u00e9 \u00e0 la douceur et \u00e0 la chaleur du <strong>spa priv\u00e9<\/strong>, ce rituel procure un sentiment de <strong>bien-\u00eatre holistique<\/strong>. L\u2019eau, la vapeur et la s\u00e9r\u00e9nit\u00e9 de l\u2019espace cr\u00e9ent une atmosph\u00e8re propice \u00e0 la d\u00e9tente, o\u00f9 le corps et l\u2019esprit se r\u00e9g\u00e9n\u00e8rent en harmonie.<\/p>\n<h3>Un soin complet pour une d\u00e9tente profonde<\/h3>\n<p>Ce <strong>rituel bien-\u00eatre<\/strong> \u00e0 Paris allie harmonie, douceur et authenticit\u00e9. Il est id\u00e9al pour ceux qui souhaitent vivre un moment de <strong>relaxation<\/strong> profonde, renouer avec les sensations du corps et profiter d\u2019un <strong>moment de l\u00e2cher-prise<\/strong> unique.<\/p>\n<p>Offrez-vous cette <strong>exp\u00e9rience spa priv\u00e9e<\/strong> inspir\u00e9e des <strong>traditions ancestrales<\/strong> et laissez-vous envelopper par un <strong>soin holistique<\/strong> qui apaise le corps et l\u2019esprit.<\/p>\n<div id=\"amelia-cal-239\" style=\"display:none; margin-top:24px;\">\n  \n<script>\n  if (typeof hasAmeliaEntitiesApiCall === 'undefined' && ('' === '' && '' !== '1')) {\n    var hasAmeliaEntitiesApiCall = true;\n  }\n  var ameliaShortcodeData = (typeof ameliaShortcodeData === 'undefined') ? [] : ameliaShortcodeData;\n  ameliaShortcodeData.push(\n    {\n      'hasApiCall': (typeof hasAmeliaEntitiesApiCall !== 'undefined') && hasAmeliaEntitiesApiCall,\n      'trigger': '',\n      'trigger_type': '',\n      'triggered_form': 'sbsNew',\n      'in_dialog': '',\n      'show': 'services',\n      'counter': '1000',\n      'category': '',\n      'service': '239',\n      'employee': '8',\n      'location': '',\n      'package': '',\n      'layout': '1',\n    }\n  );\n\n  var ameliaShortcodeDataTriggered = (typeof ameliaShortcodeDataTriggered === 'undefined') ? [] : ameliaShortcodeDataTriggered;\n  if (ameliaShortcodeData[ameliaShortcodeData.length - 1].trigger !== '') {\n    if (ameliaShortcodeDataTriggered.filter(a => a.counter === ameliaShortcodeData[ameliaShortcodeData.length - 1].counter).length === 0) {\n      ameliaShortcodeDataTriggered.push(ameliaShortcodeData.pop());\n    } else {\n      ameliaShortcodeData.pop()\n    }\n  }\n  if (typeof hasAmeliaEntitiesApiCall !== 'undefined' && hasAmeliaEntitiesApiCall) {\n    hasAmeliaEntitiesApiCall = false;\n  }\n<\/script>\n\n<div\n  id=\"amelia-v2-booking-1000\"\n  class=\"amelia-v2-booking\"\n >\n    <step-form-wrapper><\/step-form-wrapper><\/div>\n\n<\/div>\n","protected":false},"excerpt":{"rendered":"<p>Vivez la Tradition Ancestrale \u00e0 Paris avec spa privatif et massage californien. Un rituel inspir\u00e9 des traditions anciennes, id\u00e9al pour la d\u00e9tente et le l\u00e2cher-prise.<\/p>","protected":false},"featured_media":1581,"comment_status":"open","ping_status":"closed","template":"","meta":{"_monsterinsights_skip_tracking":false,"_monsterinsights_sitenote_active":false,"_monsterinsights_sitenote_note":"","_monsterinsights_sitenote_category":0,"_joinchat":[]},"product_brand":[],"product_cat":[40],"product_tag":[],"giftcard-category":[],"class_list":{"0":"post-1347","1":"product","2":"type-product","3":"status-publish","4":"has-post-thumbnail","6":"product_cat-spa","7":"latest_post","9":"first","10":"instock","11":"virtual","12":"taxable","13":"purchasable","14":"product-type-simple"},"jetpack_sharing_enabled":true,"_links":{"self":[{"href":"https:\/\/spavendome.fr\/en\/wp-json\/wp\/v2\/product\/1347","targetHints":{"allow":["GET"]}}],"collection":[{"href":"https:\/\/spavendome.fr\/en\/wp-json\/wp\/v2\/product"}],"about":[{"href":"https:\/\/spavendome.fr\/en\/wp-json\/wp\/v2\/types\/product"}],"replies":[{"embeddable":true,"href":"https:\/\/spavendome.fr\/en\/wp-json\/wp\/v2\/comments?post=1347"}],"wp:featuredmedia":[{"embeddable":true,"href":"https:\/\/spavendome.fr\/en\/wp-json\/wp\/v2\/media\/1581"}],"wp:attachment":[{"href":"https:\/\/spavendome.fr\/en\/wp-json\/wp\/v2\/media?parent=1347"}],"wp:term":[{"taxonomy":"product_brand","embeddable":true,"href":"https:\/\/spavendome.fr\/en\/wp-json\/wp\/v2\/product_brand?post=1347"},{"taxonomy":"product_cat","embeddable":true,"href":"https:\/\/spavendome.fr\/en\/wp-json\/wp\/v2\/product_cat?post=1347"},{"taxonomy":"product_tag","embeddable":true,"href":"https:\/\/spavendome.fr\/en\/wp-json\/wp\/v2\/product_tag?post=1347"},{"taxonomy":"giftcard-category","embeddable":true,"href":"https:\/\/spavendome.fr\/en\/wp-json\/wp\/v2\/giftcard-category?post=1347"}],"curies":[{"name":"wp","href":"https:\/\/api.w.org\/{rel}","templated":true}]}}