{"id":1343,"date":"2025-10-01T11:47:47","date_gmt":"2025-10-01T11:47:47","guid":{"rendered":"https:\/\/www.luno3284.odns.fr\/?post_type=product&#038;p=1343"},"modified":"2025-11-22T23:47:59","modified_gmt":"2025-11-22T22:47:59","slug":"evasion-vendome","status":"publish","type":"product","link":"https:\/\/spavendome.fr\/en\/service\/evasion-vendome\/","title":{"rendered":"\u00c9vasion Vend\u00f4me \u2013 Spa Priv\u00e9 &#038; Rituel Oriental \u00e0 Paris"},"content":{"rendered":"<h2 data-rm-block-id=\"block-1\">\u00c9vasion Vend\u00f4me \u2013 Spa Priv\u00e9 et Rituel Oriental \u00e0 Paris<\/h2>\n<p data-rm-block-id=\"block-2\">Plongez dans l&rsquo;univers apaisant de notre <strong>\u00c9vasion Vend\u00f4me<\/strong>, une exp\u00e9rience de 1h30 au c\u0153ur de Paris, inspir\u00e9e des traditions orientales. Profitez d&rsquo;un <strong>spa priv\u00e9<\/strong> avec <strong>Jacuzzi, Hammam et Sauna<\/strong> pour un moment de relaxation totale dans un cadre intime et chaleureux.<\/p>\n<h3 data-rm-block-id=\"block-3\">Un rituel complet pour la peau<\/h3>\n<p data-rm-block-id=\"block-4\">Dans cette formule, d\u00e9couvrez un soin complet pour votre peau : un <strong>gommage au savon noir<\/strong> avec un gant de Kessa pour exfolier en douceur, ou un <strong>enveloppement nourrissant<\/strong> pour hydrater et r\u00e9g\u00e9n\u00e9rer votre peau. Chaque \u00e9tape du rituel est \u00e0 r\u00e9aliser en toute autonomie, selon votre rythme.<\/p>\n<h3 data-rm-block-id=\"block-5\">Options premium pour une exp\u00e9rience sur-mesure<\/h3>\n<p data-rm-block-id=\"block-6\">Pour rendre votre moment encore plus raffin\u00e9, vous pouvez confier le <strong>gommage au savon noir<\/strong> \u00e0 nos praticiennes moyennant un suppl\u00e9ment. Des <strong>suppl\u00e9ments d\u00e9coratifs<\/strong> sont \u00e9galement disponibles : anniversaire, romantique ou gourmandise, parfaits pour les couples, les familles ou entre amis.<\/p>\n<h3 data-rm-block-id=\"block-7\">Un moment privil\u00e9gi\u00e9 \u00e0 Paris<\/h3>\n<p data-rm-block-id=\"block-8\">Laissez-vous transporter par l&rsquo;atmosph\u00e8re apaisante de notre espace et partagez une exp\u00e9rience unique avec ceux qui vous sont chers. Notre <strong>\u00c9vasion Spa orientale<\/strong> \u00e0 Paris est id\u00e9ale pour se d\u00e9tendre, se ressourcer et profiter d&rsquo;un moment de bien-\u00eatre sur-mesure, alliant d\u00e9tente, soin de la peau et intimit\u00e9.<\/p>\n<p data-rm-block-id=\"block-9\">Offrez-vous cette <strong>\u00e9vasion d\u00e9tente<\/strong> au c\u0153ur de Paris et vivez un moment unique qui conjugue luxe, confort et traditions orientales.<\/p>\n<div id=\"amelia-cal-35\" style=\"display:none; margin-top:24px;\">\n  \n<script>\n  if (typeof hasAmeliaEntitiesApiCall === 'undefined' && ('' === '' && '' !== '1')) {\n    var hasAmeliaEntitiesApiCall = true;\n  }\n  var ameliaShortcodeData = (typeof ameliaShortcodeData === 'undefined') ? [] : ameliaShortcodeData;\n  ameliaShortcodeData.push(\n    {\n      'hasApiCall': (typeof hasAmeliaEntitiesApiCall !== 'undefined') && hasAmeliaEntitiesApiCall,\n      'trigger': '',\n      'trigger_type': '',\n      'triggered_form': 'sbsNew',\n      'in_dialog': '',\n      'show': 'services',\n      'counter': '1000',\n      'category': '',\n      'service': '35',\n      'employee': '8',\n      'location': '',\n      'package': '',\n      'layout': '1',\n    }\n  );\n\n  var ameliaShortcodeDataTriggered = (typeof ameliaShortcodeDataTriggered === 'undefined') ? [] : ameliaShortcodeDataTriggered;\n  if (ameliaShortcodeData[ameliaShortcodeData.length - 1].trigger !== '') {\n    if (ameliaShortcodeDataTriggered.filter(a => a.counter === ameliaShortcodeData[ameliaShortcodeData.length - 1].counter).length === 0) {\n      ameliaShortcodeDataTriggered.push(ameliaShortcodeData.pop());\n    } else {\n      ameliaShortcodeData.pop()\n    }\n  }\n  if (typeof hasAmeliaEntitiesApiCall !== 'undefined' && hasAmeliaEntitiesApiCall) {\n    hasAmeliaEntitiesApiCall = false;\n  }\n<\/script>\n\n<div\n  id=\"amelia-v2-booking-1000\"\n  class=\"amelia-v2-booking\"\n >\n    <step-form-wrapper><\/step-form-wrapper><\/div>\n\n<\/div>\n","protected":false},"excerpt":{"rendered":"<p data-start=\"528\" data-end=\"715\">Vivez 1h30 d\u2019\u00e9vasion au c\u0153ur de Paris : Jacuzzi, gommage au savon noir et enveloppement nourrissant pour une d\u00e9tente totale.<\/p>","protected":false},"featured_media":1582,"comment_status":"open","ping_status":"closed","template":"","meta":{"_monsterinsights_skip_tracking":false,"_monsterinsights_sitenote_active":false,"_monsterinsights_sitenote_note":"","_monsterinsights_sitenote_category":0,"_joinchat":[]},"product_brand":[],"product_cat":[40],"product_tag":[],"giftcard-category":[],"class_list":{"0":"post-1343","1":"product","2":"type-product","3":"status-publish","4":"has-post-thumbnail","6":"product_cat-spa","7":"latest_post","9":"first","10":"instock","11":"virtual","12":"taxable","13":"purchasable","14":"product-type-simple"},"jetpack_sharing_enabled":true,"_links":{"self":[{"href":"https:\/\/spavendome.fr\/en\/wp-json\/wp\/v2\/product\/1343","targetHints":{"allow":["GET"]}}],"collection":[{"href":"https:\/\/spavendome.fr\/en\/wp-json\/wp\/v2\/product"}],"about":[{"href":"https:\/\/spavendome.fr\/en\/wp-json\/wp\/v2\/types\/product"}],"replies":[{"embeddable":true,"href":"https:\/\/spavendome.fr\/en\/wp-json\/wp\/v2\/comments?post=1343"}],"wp:featuredmedia":[{"embeddable":true,"href":"https:\/\/spavendome.fr\/en\/wp-json\/wp\/v2\/media\/1582"}],"wp:attachment":[{"href":"https:\/\/spavendome.fr\/en\/wp-json\/wp\/v2\/media?parent=1343"}],"wp:term":[{"taxonomy":"product_brand","embeddable":true,"href":"https:\/\/spavendome.fr\/en\/wp-json\/wp\/v2\/product_brand?post=1343"},{"taxonomy":"product_cat","embeddable":true,"href":"https:\/\/spavendome.fr\/en\/wp-json\/wp\/v2\/product_cat?post=1343"},{"taxonomy":"product_tag","embeddable":true,"href":"https:\/\/spavendome.fr\/en\/wp-json\/wp\/v2\/product_tag?post=1343"},{"taxonomy":"giftcard-category","embeddable":true,"href":"https:\/\/spavendome.fr\/en\/wp-json\/wp\/v2\/giftcard-category?post=1343"}],"curies":[{"name":"wp","href":"https:\/\/api.w.org\/{rel}","templated":true}]}}