{"id":1340,"date":"2025-10-01T11:35:35","date_gmt":"2025-10-01T11:35:35","guid":{"rendered":"https:\/\/www.luno3284.odns.fr\/?post_type=product&#038;p=1340"},"modified":"2025-11-22T23:48:00","modified_gmt":"2025-11-22T22:48:00","slug":"rituel-jambes-legeres","status":"publish","type":"product","link":"https:\/\/spavendome.fr\/en\/service\/rituel-jambes-legeres\/","title":{"rendered":"Rituel Jambes L\u00e9g\u00e8res \u2013 Paris"},"content":{"rendered":"<p data-start=\"210\" data-end=\"280\"><strong>Affinez votre silhouette, all\u00e9gez vos jambes, \u00e9liminez les toxines<\/strong><\/p>\n<p data-start=\"282\" data-end=\"693\">Offrez \u00e0 votre corps un soin profond et naturel avec notre <strong data-start=\"341\" data-end=\"419\">pack de 3 s\u00e9ances de drainage lymphatique manuel cibl\u00e9 sur le bas du corps<\/strong>. Ce massage doux, r\u00e9alis\u00e9 par des praticiennes expertes, stimule la circulation lymphatique, favorise l\u2019\u00e9limination des toxines et r\u00e9duit significativement la r\u00e9tention d\u2019eau. Id\u00e9al pour affiner les jambes, d\u00e9gonfler les chevilles et apaiser la sensation de jambes lourdes.<\/p>\n<p data-start=\"695\" data-end=\"915\">Recommand\u00e9 en cas de <strong data-start=\"716\" data-end=\"731\">gonflements<\/strong>, <strong data-start=\"733\" data-end=\"754\">cellulite aqueuse<\/strong>, ou pour <strong data-start=\"764\" data-end=\"792\">booster une cure minceur<\/strong>, ce soin agit en profondeur pour lisser la peau, am\u00e9liorer la circulation et procurer une sensation de l\u00e9g\u00e8ret\u00e9 imm\u00e9diate.<\/p>\n<p data-start=\"917\" data-end=\"934\"><strong>Bienfaits du Rituel Jambes L\u00e9g\u00e8res :\u00a0<\/strong><\/p>\n<ul data-start=\"935\" data-end=\"1178\">\n<li data-start=\"935\" data-end=\"974\">\n<p data-start=\"937\" data-end=\"974\">R\u00e9duction de la <strong data-start=\"953\" data-end=\"972\">r\u00e9tention d\u2019eau<\/strong><\/p>\n<\/li>\n<li data-start=\"975\" data-end=\"1039\">\n<p data-start=\"977\" data-end=\"1039\"><strong data-start=\"977\" data-end=\"1008\">Affinement de la silhouette<\/strong> (jambes, fesses, bas-ventre)<\/p>\n<\/li>\n<li data-start=\"1040\" data-end=\"1075\">\n<p data-start=\"1042\" data-end=\"1075\">Sensation de <strong data-start=\"1055\" data-end=\"1073\">jambes l\u00e9g\u00e8res<\/strong><\/p>\n<\/li>\n<li data-start=\"1076\" data-end=\"1117\">\n<p data-start=\"1078\" data-end=\"1117\"><strong data-start=\"1078\" data-end=\"1106\">D\u00e9toxification naturelle<\/strong> du corps<\/p>\n<\/li>\n<li data-start=\"1118\" data-end=\"1178\">\n<p data-start=\"1120\" data-end=\"1178\">Am\u00e9lioration de la <strong data-start=\"1139\" data-end=\"1178\">circulation veineuse et lymphatique<\/strong><\/p>\n<\/li>\n<\/ul>\n<p data-start=\"1180\" data-end=\"1196\"><strong>Pour qui le Rituel Jambes L\u00e9g\u00e8res :\u00a0<\/strong><\/p>\n<p data-start=\"1197\" data-end=\"1250\">Ce pack est id\u00e9al pour les personnes souffrant de :<\/p>\n<ul data-start=\"1251\" data-end=\"1397\">\n<li data-start=\"1251\" data-end=\"1281\">\n<p data-start=\"1253\" data-end=\"1281\">Jambes lourdes ou gonfl\u00e9es<\/p>\n<\/li>\n<li data-start=\"1282\" data-end=\"1303\">\n<p data-start=\"1284\" data-end=\"1303\">Cellulite aqueuse<\/p>\n<\/li>\n<li data-start=\"1304\" data-end=\"1323\">\n<p data-start=\"1306\" data-end=\"1323\">R\u00e9tention d\u2019eau<\/p>\n<\/li>\n<li data-start=\"1324\" data-end=\"1348\">\n<p data-start=\"1326\" data-end=\"1348\">Mauvaise circulation<\/p>\n<\/li>\n<li data-start=\"1349\" data-end=\"1397\">\n<p data-start=\"1351\" data-end=\"1397\">Inconfort li\u00e9 \u00e0 la s\u00e9dentarit\u00e9 ou \u00e0 la chaleur<\/p>\n<\/li>\n<\/ul>\n<p data-start=\"1399\" data-end=\"1425\"><strong>Contre-indications :<\/strong><\/p>\n<ul data-start=\"1426\" data-end=\"1567\">\n<li data-start=\"1426\" data-end=\"1459\">\n<p data-start=\"1428\" data-end=\"1459\">Grossesse (sauf avis m\u00e9dical)<\/p>\n<\/li>\n<li data-start=\"1460\" data-end=\"1489\">\n<p data-start=\"1462\" data-end=\"1489\">Phl\u00e9bite, varices s\u00e9v\u00e8res<\/p>\n<\/li>\n<li data-start=\"1490\" data-end=\"1524\">\n<p data-start=\"1492\" data-end=\"1524\">Maladies cardiaques ou r\u00e9nales<\/p>\n<\/li>\n<li data-start=\"1525\" data-end=\"1567\">\n<p data-start=\"1527\" data-end=\"1567\">Infections, fi\u00e8vre, inflammation cutan\u00e9e<\/p>\n<\/li>\n<\/ul>\n<p data-start=\"1574\" data-end=\"1764\">\u00a0<strong data-start=\"1580\" data-end=\"1628\">Le pack de drainage lymphatique bas du corps<\/strong> est un soin minceur et bien-\u00eatre incontournable pour purifier le corps en profondeur et retrouver une silhouette l\u00e9g\u00e8re, naturellement.<\/p>\n<div id=\"amelia-cal-195\" style=\"display: none; margin-top: 24px;\">\n<script>\n  if (typeof hasAmeliaEntitiesApiCall === 'undefined' && ('' === '' && '' !== '1')) {\n    var hasAmeliaEntitiesApiCall = true;\n  }\n  var ameliaShortcodeData = (typeof ameliaShortcodeData === 'undefined') ? [] : ameliaShortcodeData;\n  ameliaShortcodeData.push(\n    {\n      'hasApiCall': (typeof hasAmeliaEntitiesApiCall !== 'undefined') && hasAmeliaEntitiesApiCall,\n      'trigger': '',\n      'trigger_type': '',\n      'triggered_form': 'sbsNew',\n      'in_dialog': '',\n      'show': 'services',\n      'counter': '1000',\n      'category': '',\n      'service': '195',\n      'employee': '1',\n      'location': '',\n      'package': '',\n      'layout': '1',\n    }\n  );\n\n  var ameliaShortcodeDataTriggered = (typeof ameliaShortcodeDataTriggered === 'undefined') ? [] : ameliaShortcodeDataTriggered;\n  if (ameliaShortcodeData[ameliaShortcodeData.length - 1].trigger !== '') {\n    if (ameliaShortcodeDataTriggered.filter(a => a.counter === ameliaShortcodeData[ameliaShortcodeData.length - 1].counter).length === 0) {\n      ameliaShortcodeDataTriggered.push(ameliaShortcodeData.pop());\n    } else {\n      ameliaShortcodeData.pop()\n    }\n  }\n  if (typeof hasAmeliaEntitiesApiCall !== 'undefined' && hasAmeliaEntitiesApiCall) {\n    hasAmeliaEntitiesApiCall = false;\n  }\n<\/script>\n\n<div\n  id=\"amelia-v2-booking-1000\"\n  class=\"amelia-v2-booking\"\n >\n    <step-form-wrapper><\/step-form-wrapper><\/div>\n<\/div>\n","protected":false},"excerpt":{"rendered":"<p data-start=\"530\" data-end=\"695\">Offrez \u00e0 vos jambes une sensation imm\u00e9diate de fra\u00eecheur et de l\u00e9g\u00e8ret\u00e9 avec notre Rituel Jambes L\u00e9g\u00e8res \u00e0 Paris, alliant drainage et rafra\u00eechissement.<\/p>","protected":false},"featured_media":1538,"comment_status":"open","ping_status":"closed","template":"","meta":{"_monsterinsights_skip_tracking":false,"_monsterinsights_sitenote_active":false,"_monsterinsights_sitenote_note":"","_monsterinsights_sitenote_category":0,"_joinchat":[]},"product_brand":[],"product_cat":[59],"product_tag":[],"giftcard-category":[],"class_list":{"0":"post-1340","1":"product","2":"type-product","3":"status-publish","4":"has-post-thumbnail","6":"product_cat-signatures-soins-corps","7":"latest_post","9":"first","10":"instock","11":"virtual","12":"taxable","13":"purchasable","14":"product-type-simple"},"jetpack_sharing_enabled":true,"_links":{"self":[{"href":"https:\/\/spavendome.fr\/en\/wp-json\/wp\/v2\/product\/1340","targetHints":{"allow":["GET"]}}],"collection":[{"href":"https:\/\/spavendome.fr\/en\/wp-json\/wp\/v2\/product"}],"about":[{"href":"https:\/\/spavendome.fr\/en\/wp-json\/wp\/v2\/types\/product"}],"replies":[{"embeddable":true,"href":"https:\/\/spavendome.fr\/en\/wp-json\/wp\/v2\/comments?post=1340"}],"wp:featuredmedia":[{"embeddable":true,"href":"https:\/\/spavendome.fr\/en\/wp-json\/wp\/v2\/media\/1538"}],"wp:attachment":[{"href":"https:\/\/spavendome.fr\/en\/wp-json\/wp\/v2\/media?parent=1340"}],"wp:term":[{"taxonomy":"product_brand","embeddable":true,"href":"https:\/\/spavendome.fr\/en\/wp-json\/wp\/v2\/product_brand?post=1340"},{"taxonomy":"product_cat","embeddable":true,"href":"https:\/\/spavendome.fr\/en\/wp-json\/wp\/v2\/product_cat?post=1340"},{"taxonomy":"product_tag","embeddable":true,"href":"https:\/\/spavendome.fr\/en\/wp-json\/wp\/v2\/product_tag?post=1340"},{"taxonomy":"giftcard-category","embeddable":true,"href":"https:\/\/spavendome.fr\/en\/wp-json\/wp\/v2\/giftcard-category?post=1340"}],"curies":[{"name":"wp","href":"https:\/\/api.w.org\/{rel}","templated":true}]}}