{"id":1339,"date":"2025-10-01T11:34:48","date_gmt":"2025-10-01T11:34:48","guid":{"rendered":"https:\/\/www.luno3284.odns.fr\/?post_type=product&#038;p=1339"},"modified":"2025-11-22T23:48:00","modified_gmt":"2025-11-22T22:48:00","slug":"relaxant-dos","status":"publish","type":"product","link":"https:\/\/spavendome.fr\/en\/service\/relaxant-dos\/","title":{"rendered":"Relaxant Dos \u2013 Paris"},"content":{"rendered":"<p data-start=\"51\" data-end=\"559\">Le <strong data-start=\"54\" data-end=\"70\">Relaxant Dos<\/strong> est un soin complet con\u00e7u sp\u00e9cifiquement pour apaiser et d\u00e9tendre le dos, une zone souvent sollicit\u00e9e au quotidien. Ce rituel d\u00e9bute par un gommage doux qui \u00e9limine les cellules mortes et permet \u00e0 la peau de respirer. Un enveloppement nourrissant est ensuite appliqu\u00e9 pour apaiser les tensions et offrir une hydratation en profondeur. Le soin se termine par des modelages cibl\u00e9s qui d\u00e9nouent les muscles, soulagent les tensions accumul\u00e9es et procurent une sensation de relaxation totale.<\/p>\n<p data-start=\"561\" data-end=\"579\"><em><strong>Bienfaits du Relaxant Dos<\/strong><\/em><\/p>\n<p data-start=\"580\" data-end=\"842\">\u2022 D\u00e9tente et apaisement de la zone du dos<br data-start=\"621\" data-end=\"624\" \/>\u2022 Peau douce et revitalis\u00e9e gr\u00e2ce au gommage et \u00e0 l&rsquo;enveloppement<br data-start=\"689\" data-end=\"692\" \/>\u2022 Muscles rel\u00e2ch\u00e9s et souples gr\u00e2ce aux modelages cibl\u00e9s<br data-start=\"748\" data-end=\"751\" \/>\u2022 Hydratation profonde et apaisement des tensions<br data-start=\"800\" data-end=\"803\" \/>\u2022 Sensation de l\u00e9g\u00e8ret\u00e9 et de bien-\u00eatre<\/p>\n<p data-start=\"844\" data-end=\"879\"><em><strong>Pourquoi choisir ce soin ?<\/strong><\/em><\/p>\n<p data-start=\"880\" data-end=\"1167\">Le <strong data-start=\"883\" data-end=\"899\">Relaxant Dos<\/strong> est le soin id\u00e9al pour soulager les tensions et douleurs du dos li\u00e9es au stress ou \u00e0 des postures prolong\u00e9es. Gr\u00e2ce \u00e0 des gestes de relaxation cibl\u00e9s et des produits nourrissants, ce soin vous permettra de retrouver un dos d\u00e9tendu et une sensation de bien-\u00eatre total.<\/p>\n<p data-start=\"1169\" data-end=\"1197\"><em><strong data-start=\"1174\" data-end=\"1197\">D\u00e9roulement du soin<\/strong><\/em><\/p>\n<p><strong data-start=\"1201\" data-end=\"1217\">1. Gommage doux<\/strong> : \u00c9limination des cellules mortes pour adoucir et lisser la peau.<\/p>\n<p><strong data-start=\"1289\" data-end=\"1318\">2. Enveloppement nourrissant<\/strong> : Application d\u2019un soin apaisant et hydratant pour d\u00e9tendre la peau.<\/p>\n<p><strong data-start=\"1393\" data-end=\"1413\">3. Modelages cibl\u00e9s<\/strong> : Techniques de relaxation pour d\u00e9nouer les muscles et soulager les tensions.<\/p>\n<p data-start=\"1495\" data-end=\"1520\"><em><strong data-start=\"1500\" data-end=\"1520\">Ingr\u00e9dients cl\u00e9s<\/strong><\/em><\/p>\n<p>\u2022 <strong>Beurre de karit\u00e9 <\/strong>: Nourrit et hydrate en profondeur la peau.<br data-start=\"1681\" data-end=\"1684\" \/>\u2022 <strong>Aloe vera <\/strong>: Apaise et hydrate la peau tout en offrant une sensation de fra\u00eecheur.<\/p>\n<p data-start=\"1773\" data-end=\"1814\"><em><strong data-start=\"1778\" data-end=\"1814\">Pr\u00e9caution et contre-indications<\/strong><\/em><\/p>\n<p data-start=\"1815\" data-end=\"1965\">\u2022 Ce soin est d\u00e9conseill\u00e9 en cas de l\u00e9sions cutan\u00e9es ou d&rsquo;inflammations.<br data-start=\"1887\" data-end=\"1890\" \/>\u2022 Merci de nous informer en cas d\u2019allergie \u00e0 l\u2019un des ingr\u00e9dients utilis\u00e9s.<\/p>\n<p data-start=\"1967\" data-end=\"2056\"><strong data-start=\"1972\" data-end=\"2056\" data-is-last-node=\"\">Offrez \u00e0 votre dos un soin relaxant et ressentez un bien-\u00eatre total et durable !<\/strong><\/p>\n<div id=\"amelia-cal-194\" style=\"display: none; margin-top: 24px;\">\n<script>\n  if (typeof hasAmeliaEntitiesApiCall === 'undefined' && ('' === '' && '' !== '1')) {\n    var hasAmeliaEntitiesApiCall = true;\n  }\n  var ameliaShortcodeData = (typeof ameliaShortcodeData === 'undefined') ? [] : ameliaShortcodeData;\n  ameliaShortcodeData.push(\n    {\n      'hasApiCall': (typeof hasAmeliaEntitiesApiCall !== 'undefined') && hasAmeliaEntitiesApiCall,\n      'trigger': '',\n      'trigger_type': '',\n      'triggered_form': 'sbsNew',\n      'in_dialog': '',\n      'show': 'services',\n      'counter': '1000',\n      'category': '',\n      'service': '194',\n      'employee': '1',\n      'location': '',\n      'package': '',\n      'layout': '1',\n    }\n  );\n\n  var ameliaShortcodeDataTriggered = (typeof ameliaShortcodeDataTriggered === 'undefined') ? [] : ameliaShortcodeDataTriggered;\n  if (ameliaShortcodeData[ameliaShortcodeData.length - 1].trigger !== '') {\n    if (ameliaShortcodeDataTriggered.filter(a => a.counter === ameliaShortcodeData[ameliaShortcodeData.length - 1].counter).length === 0) {\n      ameliaShortcodeDataTriggered.push(ameliaShortcodeData.pop());\n    } else {\n      ameliaShortcodeData.pop()\n    }\n  }\n  if (typeof hasAmeliaEntitiesApiCall !== 'undefined' && hasAmeliaEntitiesApiCall) {\n    hasAmeliaEntitiesApiCall = false;\n  }\n<\/script>\n\n<div\n  id=\"amelia-v2-booking-1000\"\n  class=\"amelia-v2-booking\"\n >\n    <step-form-wrapper><\/step-form-wrapper><\/div>\n<\/div>\n","protected":false},"excerpt":{"rendered":"<p>Le Relaxant Dos est un soin complet con\u00e7u sp\u00e9cifiquement pour apaiser et d\u00e9tendre le dos, une zone souvent sollicit\u00e9e au quotidien. Ce rituel d\u00e9bute par un gommage doux qui \u00e9limine &hellip; <\/p>","protected":false},"featured_media":1537,"comment_status":"open","ping_status":"closed","template":"","meta":{"_monsterinsights_skip_tracking":false,"_monsterinsights_sitenote_active":false,"_monsterinsights_sitenote_note":"","_monsterinsights_sitenote_category":0,"_joinchat":[]},"product_brand":[],"product_cat":[59],"product_tag":[],"giftcard-category":[],"class_list":{"0":"post-1339","1":"product","2":"type-product","3":"status-publish","4":"has-post-thumbnail","6":"product_cat-signatures-soins-corps","7":"latest_post","9":"first","10":"instock","11":"virtual","12":"taxable","13":"purchasable","14":"product-type-simple"},"jetpack_sharing_enabled":true,"_links":{"self":[{"href":"https:\/\/spavendome.fr\/en\/wp-json\/wp\/v2\/product\/1339","targetHints":{"allow":["GET"]}}],"collection":[{"href":"https:\/\/spavendome.fr\/en\/wp-json\/wp\/v2\/product"}],"about":[{"href":"https:\/\/spavendome.fr\/en\/wp-json\/wp\/v2\/types\/product"}],"replies":[{"embeddable":true,"href":"https:\/\/spavendome.fr\/en\/wp-json\/wp\/v2\/comments?post=1339"}],"wp:featuredmedia":[{"embeddable":true,"href":"https:\/\/spavendome.fr\/en\/wp-json\/wp\/v2\/media\/1537"}],"wp:attachment":[{"href":"https:\/\/spavendome.fr\/en\/wp-json\/wp\/v2\/media?parent=1339"}],"wp:term":[{"taxonomy":"product_brand","embeddable":true,"href":"https:\/\/spavendome.fr\/en\/wp-json\/wp\/v2\/product_brand?post=1339"},{"taxonomy":"product_cat","embeddable":true,"href":"https:\/\/spavendome.fr\/en\/wp-json\/wp\/v2\/product_cat?post=1339"},{"taxonomy":"product_tag","embeddable":true,"href":"https:\/\/spavendome.fr\/en\/wp-json\/wp\/v2\/product_tag?post=1339"},{"taxonomy":"giftcard-category","embeddable":true,"href":"https:\/\/spavendome.fr\/en\/wp-json\/wp\/v2\/giftcard-category?post=1339"}],"curies":[{"name":"wp","href":"https:\/\/api.w.org\/{rel}","templated":true}]}}