{"id":1336,"date":"2025-10-01T11:31:33","date_gmt":"2025-10-01T11:31:33","guid":{"rendered":"https:\/\/www.luno3284.odns.fr\/?post_type=product&#038;p=1336"},"modified":"2025-11-22T23:48:01","modified_gmt":"2025-11-22T22:48:01","slug":"purete-intime","status":"publish","type":"product","link":"https:\/\/spavendome.fr\/en\/service\/purete-intime\/","title":{"rendered":"Puret\u00e9 Intime \u2013 Paris"},"content":{"rendered":"<h2>Soin Signature Corps \u2013 Puret\u00e9 Intime \u2013 Paris<\/h2>\n<p>D\u00e9couvrez un rituel exclusif d\u00e9di\u00e9 \u00e0 la <strong>fra\u00eecheur, la puret\u00e9 et au confort intime<\/strong>. Le soin <strong>Puret\u00e9 Intime<\/strong> est con\u00e7u pour nettoyer, apaiser et adoucir d\u00e9licatement la peau, tout en respectant l\u2019\u00e9quilibre naturel de la zone intime. R\u00e9alis\u00e9 avec des produits doux et naturels, ce soin offre une sensation de propret\u00e9 et de bien-\u00eatre profond, id\u00e9ale pour se sentir fra\u00eeche, l\u00e9g\u00e8re et parfaitement \u00e0 l\u2019aise dans son corps.<\/p>\n<h3>D\u00e9roulement du soin :<\/h3>\n<ul>\n<li><strong>Accueil et pr\u00e9paration :<\/strong> la peau est nettoy\u00e9e et pr\u00e9par\u00e9e en douceur pour favoriser la p\u00e9n\u00e9tration des actifs.<\/li>\n<li><strong>Exfoliation douce :<\/strong> un gommage fin \u00e9limine les impuret\u00e9s et les cellules mortes, laissant la peau lisse et \u00e9clatante.<\/li>\n<li><strong>Soin purifiant :<\/strong> application d\u2019un masque sp\u00e9cifique \u00e0 base d\u2019ingr\u00e9dients apaisants et hydratants qui purifient et calment les zones d\u00e9licates.<\/li>\n<li><strong>Hydratation et apaisement :<\/strong> un soin final \u00e0 la texture soyeuse r\u00e9hydrate intens\u00e9ment la peau, lui redonnant souplesse et confort.<\/li>\n<\/ul>\n<h3>Les bienfaits du soin Puret\u00e9 Intime :<\/h3>\n<ul>\n<li>Nettoie et purifie la peau en profondeur<\/li>\n<li>Apporte une sensation imm\u00e9diate de fra\u00eecheur et de l\u00e9g\u00e8ret\u00e9<\/li>\n<li>Hydrate et adoucit la peau tout en respectant son \u00e9quilibre naturel<\/li>\n<li>Procure une d\u00e9tente physique et mentale gr\u00e2ce \u00e0 des gestes enveloppants et pr\u00e9cis<\/li>\n<li>Id\u00e9al avant ou apr\u00e8s l\u2019\u00e9pilation, ou simplement pour un moment de bien-\u00eatre<\/li>\n<\/ul>\n<h3>Un soin confidentiel et raffin\u00e9 :<\/h3>\n<p>Le <strong>soin Puret\u00e9 Intime<\/strong> est r\u00e9alis\u00e9 dans un environnement calme, cocooning et parfaitement adapt\u00e9 pour garantir discr\u00e9tion, confort et s\u00e9r\u00e9nit\u00e9. Ce soin exclusif du Secret Vend\u00f4me combine <strong>hygi\u00e8ne, d\u00e9tente et beaut\u00e9<\/strong>, pour une exp\u00e9rience intime et purifiante unique \u00e0 Paris.<\/p>\n<p>Offrez \u00e0 votre peau un moment de <strong>puret\u00e9 et de douceur<\/strong> avec notre soin signature <strong>Puret\u00e9 Intime \u2013 Paris<\/strong>, et retrouvez une sensation de fra\u00eecheur, de propret\u00e9 et de bien-\u00eatre durable.<\/p>\n<div id=\"amelia-cal-193\" style=\"display: none; margin-top: 24px;\">\n<script>\n  if (typeof hasAmeliaEntitiesApiCall === 'undefined' && ('' === '' && '' !== '1')) {\n    var hasAmeliaEntitiesApiCall = true;\n  }\n  var ameliaShortcodeData = (typeof ameliaShortcodeData === 'undefined') ? [] : ameliaShortcodeData;\n  ameliaShortcodeData.push(\n    {\n      'hasApiCall': (typeof hasAmeliaEntitiesApiCall !== 'undefined') && hasAmeliaEntitiesApiCall,\n      'trigger': '',\n      'trigger_type': '',\n      'triggered_form': 'sbsNew',\n      'in_dialog': '',\n      'show': 'services',\n      'counter': '1000',\n      'category': '',\n      'service': '193',\n      'employee': '1',\n      'location': '',\n      'package': '',\n      'layout': '1',\n    }\n  );\n\n  var ameliaShortcodeDataTriggered = (typeof ameliaShortcodeDataTriggered === 'undefined') ? [] : ameliaShortcodeDataTriggered;\n  if (ameliaShortcodeData[ameliaShortcodeData.length - 1].trigger !== '') {\n    if (ameliaShortcodeDataTriggered.filter(a => a.counter === ameliaShortcodeData[ameliaShortcodeData.length - 1].counter).length === 0) {\n      ameliaShortcodeDataTriggered.push(ameliaShortcodeData.pop());\n    } else {\n      ameliaShortcodeData.pop()\n    }\n  }\n  if (typeof hasAmeliaEntitiesApiCall !== 'undefined' && hasAmeliaEntitiesApiCall) {\n    hasAmeliaEntitiesApiCall = false;\n  }\n<\/script>\n\n<div\n  id=\"amelia-v2-booking-1000\"\n  class=\"amelia-v2-booking\"\n >\n    <step-form-wrapper><\/step-form-wrapper><\/div>\n<\/div>\n","protected":false},"excerpt":{"rendered":"<p data-start=\"612\" data-end=\"768\">Soin Puret\u00e9 Intime \u00e0 Paris : un rituel d\u00e9licat et purifiant qui nettoie, adoucit et apaise la peau pour une sensation de fra\u00eecheur et de bien-\u00eatre absolu.<\/p>","protected":false},"featured_media":1541,"comment_status":"open","ping_status":"closed","template":"","meta":{"_monsterinsights_skip_tracking":false,"_monsterinsights_sitenote_active":false,"_monsterinsights_sitenote_note":"","_monsterinsights_sitenote_category":0,"_joinchat":[]},"product_brand":[],"product_cat":[59],"product_tag":[],"giftcard-category":[],"class_list":{"0":"post-1336","1":"product","2":"type-product","3":"status-publish","4":"has-post-thumbnail","6":"product_cat-signatures-soins-corps","7":"latest_post","9":"first","10":"instock","11":"virtual","12":"taxable","13":"purchasable","14":"product-type-simple"},"jetpack_sharing_enabled":true,"_links":{"self":[{"href":"https:\/\/spavendome.fr\/en\/wp-json\/wp\/v2\/product\/1336","targetHints":{"allow":["GET"]}}],"collection":[{"href":"https:\/\/spavendome.fr\/en\/wp-json\/wp\/v2\/product"}],"about":[{"href":"https:\/\/spavendome.fr\/en\/wp-json\/wp\/v2\/types\/product"}],"replies":[{"embeddable":true,"href":"https:\/\/spavendome.fr\/en\/wp-json\/wp\/v2\/comments?post=1336"}],"wp:featuredmedia":[{"embeddable":true,"href":"https:\/\/spavendome.fr\/en\/wp-json\/wp\/v2\/media\/1541"}],"wp:attachment":[{"href":"https:\/\/spavendome.fr\/en\/wp-json\/wp\/v2\/media?parent=1336"}],"wp:term":[{"taxonomy":"product_brand","embeddable":true,"href":"https:\/\/spavendome.fr\/en\/wp-json\/wp\/v2\/product_brand?post=1336"},{"taxonomy":"product_cat","embeddable":true,"href":"https:\/\/spavendome.fr\/en\/wp-json\/wp\/v2\/product_cat?post=1336"},{"taxonomy":"product_tag","embeddable":true,"href":"https:\/\/spavendome.fr\/en\/wp-json\/wp\/v2\/product_tag?post=1336"},{"taxonomy":"giftcard-category","embeddable":true,"href":"https:\/\/spavendome.fr\/en\/wp-json\/wp\/v2\/giftcard-category?post=1336"}],"curies":[{"name":"wp","href":"https:\/\/api.w.org\/{rel}","templated":true}]}}