{"id":1289,"date":"2025-10-01T09:53:12","date_gmt":"2025-10-01T09:53:12","guid":{"rendered":"https:\/\/www.luno3284.odns.fr\/?post_type=product&#038;p=1289"},"modified":"2025-11-22T23:48:08","modified_gmt":"2025-11-22T22:48:08","slug":"browlift-rehaussement-de-cils","status":"publish","type":"product","link":"https:\/\/spavendome.fr\/en\/service\/browlift-rehaussement-de-cils\/","title":{"rendered":"Browlift Rehaussement de Cils \u2013 Regard Sublim\u00e9 \u00e0 Paris"},"content":{"rendered":"<h2>Browlift Rehaussement de Cils \u2013 Pack Regard Sublim\u00e9 \u00e0 Paris<\/h2>\n<p>Offrez \u00e0 votre regard un relooking complet gr\u00e2ce \u00e0 notre <strong>pack Browlift &amp; Rehaussement de Cils<\/strong>. Ce soin professionnel sublime \u00e0 la fois vos sourcils et vos cils pour un regard plus ouvert, d\u00e9fini et naturellement \u00e9l\u00e9gant, sans maquillage quotidien.<\/p>\n<h3>Browlift<\/h3>\n<p>Redressez et restructurez vos sourcils pour un effet plus \u00e9pais, volumineux et parfaitement d\u00e9fini. Id\u00e9al pour les sourcils fins ou clairsem\u00e9s, le browlift leur donne du volume, une forme parfaite et une courbure longue dur\u00e9e, tout en restant naturel.<\/p>\n<h3>Rehaussement de Cils<\/h3>\n<p>Sublimez vos cils avec un effet recourb\u00e9 et allong\u00e9, visible jusqu\u2019\u00e0 6 \u00e0 8 semaines. Ce soin ouvre le regard, accentue l\u2019intensit\u00e9 et la profondeur des yeux, sans extensions ni lourdeur, pour un r\u00e9sultat naturel et lumineux.<\/p>\n<h3>Pourquoi Browlift Rehaussement de Cils ?<\/h3>\n<ul>\n<li>Regard agrandi et plus expressif<\/li>\n<li>Gain de temps quotidien : plus besoin de maquillage<\/li>\n<li>R\u00e9sultats longue dur\u00e9e jusqu\u2019\u00e0 6 \u00e0 8 semaines<\/li>\n<li>Effet naturel et \u00e9l\u00e9gant, adapt\u00e9 \u00e0 toutes les morphologies de sourcils et de cils<\/li>\n<\/ul>\n<p>Ce pack est parfait pour celles qui souhaitent un effet maquill\u00e9 instantan\u00e9 sans effort. Sublimez vos traits et r\u00e9v\u00e9lez tout le potentiel de votre regard gr\u00e2ce \u00e0 ce soin complet \u00e0 Paris.<\/p>\n<div id=\"amelia-cal-211\" style=\"display: none; margin-top: 24px;\">\n<script>\n  if (typeof hasAmeliaEntitiesApiCall === 'undefined' && ('' === '' && '' !== '1')) {\n    var hasAmeliaEntitiesApiCall = true;\n  }\n  var ameliaShortcodeData = (typeof ameliaShortcodeData === 'undefined') ? [] : ameliaShortcodeData;\n  ameliaShortcodeData.push(\n    {\n      'hasApiCall': (typeof hasAmeliaEntitiesApiCall !== 'undefined') && hasAmeliaEntitiesApiCall,\n      'trigger': '',\n      'trigger_type': '',\n      'triggered_form': 'sbsNew',\n      'in_dialog': '',\n      'show': 'services',\n      'counter': '1000',\n      'category': '',\n      'service': '211',\n      'employee': '2',\n      'location': '',\n      'package': '',\n      'layout': '1',\n    }\n  );\n\n  var ameliaShortcodeDataTriggered = (typeof ameliaShortcodeDataTriggered === 'undefined') ? [] : ameliaShortcodeDataTriggered;\n  if (ameliaShortcodeData[ameliaShortcodeData.length - 1].trigger !== '') {\n    if (ameliaShortcodeDataTriggered.filter(a => a.counter === ameliaShortcodeData[ameliaShortcodeData.length - 1].counter).length === 0) {\n      ameliaShortcodeDataTriggered.push(ameliaShortcodeData.pop());\n    } else {\n      ameliaShortcodeData.pop()\n    }\n  }\n  if (typeof hasAmeliaEntitiesApiCall !== 'undefined' && hasAmeliaEntitiesApiCall) {\n    hasAmeliaEntitiesApiCall = false;\n  }\n<\/script>\n\n<div\n  id=\"amelia-v2-booking-1000\"\n  class=\"amelia-v2-booking\"\n >\n    <step-form-wrapper><\/step-form-wrapper><\/div>\n<\/div>\n","protected":false},"excerpt":{"rendered":"<p data-start=\"734\" data-end=\"919\">Offrez \u00e0 votre regard un soin complet avec notre pack <strong data-start=\"788\" data-end=\"831\">Browlift Rehaussement de Cils \u00e0 Paris<\/strong>. Sourcils sculpt\u00e9s et cils recourb\u00e9s pour un regard naturellement intense et \u00e9l\u00e9gant.<\/p>","protected":false},"featured_media":1553,"comment_status":"open","ping_status":"closed","template":"","meta":{"_monsterinsights_skip_tracking":false,"_monsterinsights_sitenote_active":false,"_monsterinsights_sitenote_note":"","_monsterinsights_sitenote_category":0,"_joinchat":[]},"product_brand":[],"product_cat":[62],"product_tag":[],"giftcard-category":[],"class_list":{"0":"post-1289","1":"product","2":"type-product","3":"status-publish","4":"has-post-thumbnail","6":"product_cat-beaute-du-regard","7":"latest_post","9":"first","10":"instock","11":"virtual","12":"taxable","13":"purchasable","14":"product-type-simple"},"jetpack_sharing_enabled":true,"_links":{"self":[{"href":"https:\/\/spavendome.fr\/en\/wp-json\/wp\/v2\/product\/1289","targetHints":{"allow":["GET"]}}],"collection":[{"href":"https:\/\/spavendome.fr\/en\/wp-json\/wp\/v2\/product"}],"about":[{"href":"https:\/\/spavendome.fr\/en\/wp-json\/wp\/v2\/types\/product"}],"replies":[{"embeddable":true,"href":"https:\/\/spavendome.fr\/en\/wp-json\/wp\/v2\/comments?post=1289"}],"wp:featuredmedia":[{"embeddable":true,"href":"https:\/\/spavendome.fr\/en\/wp-json\/wp\/v2\/media\/1553"}],"wp:attachment":[{"href":"https:\/\/spavendome.fr\/en\/wp-json\/wp\/v2\/media?parent=1289"}],"wp:term":[{"taxonomy":"product_brand","embeddable":true,"href":"https:\/\/spavendome.fr\/en\/wp-json\/wp\/v2\/product_brand?post=1289"},{"taxonomy":"product_cat","embeddable":true,"href":"https:\/\/spavendome.fr\/en\/wp-json\/wp\/v2\/product_cat?post=1289"},{"taxonomy":"product_tag","embeddable":true,"href":"https:\/\/spavendome.fr\/en\/wp-json\/wp\/v2\/product_tag?post=1289"},{"taxonomy":"giftcard-category","embeddable":true,"href":"https:\/\/spavendome.fr\/en\/wp-json\/wp\/v2\/giftcard-category?post=1289"}],"curies":[{"name":"wp","href":"https:\/\/api.w.org\/{rel}","templated":true}]}}