{"id":1285,"date":"2025-10-01T09:49:44","date_gmt":"2025-10-01T09:49:44","guid":{"rendered":"https:\/\/www.luno3284.odns.fr\/?post_type=product&#038;p=1285"},"modified":"2025-11-22T23:48:12","modified_gmt":"2025-11-22T22:48:12","slug":"brow-lift","status":"publish","type":"product","link":"https:\/\/spavendome.fr\/en\/service\/brow-lift\/","title":{"rendered":"Brow Lift \u2013 Sourcils \u00e0 Paris"},"content":{"rendered":"<h2>Brow Lift \u2013 Rehaussement et Soin des Sourcils \u00e0 Paris<\/h2>\n<p>Le <strong>Brow Lift<\/strong> est un soin professionnel con\u00e7u pour sublimer vos sourcils en leur apportant volume, courbe et d\u00e9finition. Gr\u00e2ce \u00e0 cette technique innovante, vos sourcils sont redessin\u00e9s, liss\u00e9s et rehauss\u00e9s pour un effet naturel et durable.<\/p>\n<h3>Les bienfaits<\/h3>\n<ul>\n<li>Rehaussement et galbe naturel des sourcils<\/li>\n<li>Redessine et structure le regard<\/li>\n<li>Sourcils plus lisses et disciplin\u00e9s<\/li>\n<li>Effet longue dur\u00e9e jusqu\u2019\u00e0 6 \u00e0 8 semaines<\/li>\n<li>Am\u00e9liore l\u2019harmonie du visage<\/li>\n<\/ul>\n<h3>D\u00e9roulement du soin<\/h3>\n<ul>\n<li>Nettoyage et pr\u00e9paration des sourcils<\/li>\n<li>Application d\u2019un produit sp\u00e9cifique pour relever et fixer les poils<\/li>\n<li>Lissage et mise en forme selon la morphologie du visage<\/li>\n<li>Application d\u2019un soin nourrissant pour renforcer et prot\u00e9ger les poils<\/li>\n<\/ul>\n<h3>Pourquoi ?<\/h3>\n<p>Ce soin est id\u00e9al pour celles et ceux qui souhaitent un regard plus ouvert et des sourcils parfaitement d\u00e9finis sans maquillage quotidien. Le Brow Lift offre un r\u00e9sultat naturel et harmonieux, adapt\u00e9 \u00e0 toutes les formes de sourcils.<\/p>\n<p>Optez pour un <strong>Brow Lift \u00e0 Paris<\/strong> et r\u00e9v\u00e9lez un regard intense, structur\u00e9 et lumineux gr\u00e2ce \u00e0 un soin professionnel expert.<\/p>\n<div id=\"amelia-cal-238\" style=\"display: none; margin-top: 24px;\">\n<script>\n  if (typeof hasAmeliaEntitiesApiCall === 'undefined' && ('' === '' && '' !== '1')) {\n    var hasAmeliaEntitiesApiCall = true;\n  }\n  var ameliaShortcodeData = (typeof ameliaShortcodeData === 'undefined') ? [] : ameliaShortcodeData;\n  ameliaShortcodeData.push(\n    {\n      'hasApiCall': (typeof hasAmeliaEntitiesApiCall !== 'undefined') && hasAmeliaEntitiesApiCall,\n      'trigger': '',\n      'trigger_type': '',\n      'triggered_form': 'sbsNew',\n      'in_dialog': '',\n      'show': 'services',\n      'counter': '1000',\n      'category': '',\n      'service': '238',\n      'employee': '2',\n      'location': '',\n      'package': '',\n      'layout': '1',\n    }\n  );\n\n  var ameliaShortcodeDataTriggered = (typeof ameliaShortcodeDataTriggered === 'undefined') ? [] : ameliaShortcodeDataTriggered;\n  if (ameliaShortcodeData[ameliaShortcodeData.length - 1].trigger !== '') {\n    if (ameliaShortcodeDataTriggered.filter(a => a.counter === ameliaShortcodeData[ameliaShortcodeData.length - 1].counter).length === 0) {\n      ameliaShortcodeDataTriggered.push(ameliaShortcodeData.pop());\n    } else {\n      ameliaShortcodeData.pop()\n    }\n  }\n  if (typeof hasAmeliaEntitiesApiCall !== 'undefined' && hasAmeliaEntitiesApiCall) {\n    hasAmeliaEntitiesApiCall = false;\n  }\n<\/script>\n\n<div\n  id=\"amelia-v2-booking-1000\"\n  class=\"amelia-v2-booking\"\n >\n    <step-form-wrapper><\/step-form-wrapper><\/div>\n<\/div>\n","protected":false},"excerpt":{"rendered":"<p data-start=\"507\" data-end=\"644\">Brow Lift \u00e0 Paris : rehaussement et soin des sourcils pour un effet naturel, lisse et galb\u00e9, r\u00e9v\u00e9lant un regard harmonieux et lumineux.<\/p>","protected":false},"featured_media":2729,"comment_status":"open","ping_status":"closed","template":"","meta":{"_monsterinsights_skip_tracking":false,"_monsterinsights_sitenote_active":false,"_monsterinsights_sitenote_note":"","_monsterinsights_sitenote_category":0,"_joinchat":[]},"product_brand":[],"product_cat":[62],"product_tag":[],"giftcard-category":[],"class_list":{"0":"post-1285","1":"product","2":"type-product","3":"status-publish","4":"has-post-thumbnail","6":"product_cat-beaute-du-regard","7":"latest_post","9":"first","10":"instock","11":"virtual","12":"taxable","13":"purchasable","14":"product-type-simple"},"jetpack_sharing_enabled":true,"_links":{"self":[{"href":"https:\/\/spavendome.fr\/en\/wp-json\/wp\/v2\/product\/1285","targetHints":{"allow":["GET"]}}],"collection":[{"href":"https:\/\/spavendome.fr\/en\/wp-json\/wp\/v2\/product"}],"about":[{"href":"https:\/\/spavendome.fr\/en\/wp-json\/wp\/v2\/types\/product"}],"replies":[{"embeddable":true,"href":"https:\/\/spavendome.fr\/en\/wp-json\/wp\/v2\/comments?post=1285"}],"wp:featuredmedia":[{"embeddable":true,"href":"https:\/\/spavendome.fr\/en\/wp-json\/wp\/v2\/media\/2729"}],"wp:attachment":[{"href":"https:\/\/spavendome.fr\/en\/wp-json\/wp\/v2\/media?parent=1285"}],"wp:term":[{"taxonomy":"product_brand","embeddable":true,"href":"https:\/\/spavendome.fr\/en\/wp-json\/wp\/v2\/product_brand?post=1285"},{"taxonomy":"product_cat","embeddable":true,"href":"https:\/\/spavendome.fr\/en\/wp-json\/wp\/v2\/product_cat?post=1285"},{"taxonomy":"product_tag","embeddable":true,"href":"https:\/\/spavendome.fr\/en\/wp-json\/wp\/v2\/product_tag?post=1285"},{"taxonomy":"giftcard-category","embeddable":true,"href":"https:\/\/spavendome.fr\/en\/wp-json\/wp\/v2\/giftcard-category?post=1285"}],"curies":[{"name":"wp","href":"https:\/\/api.w.org\/{rel}","templated":true}]}}