{"id":1279,"date":"2025-10-01T09:43:42","date_gmt":"2025-10-01T09:43:42","guid":{"rendered":"https:\/\/www.luno3284.odns.fr\/?post_type=product&#038;p=1279"},"modified":"2025-11-22T23:48:21","modified_gmt":"2025-11-22T22:48:21","slug":"maquillage-du-soir","status":"publish","type":"product","link":"https:\/\/spavendome.fr\/en\/service\/maquillage-du-soir\/","title":{"rendered":"Maquillage du Soir \u2013 Sublimez Votre Regard pour Vos Soir\u00e9es \u00e0 Paris"},"content":{"rendered":"<h2>Maquillage du Soir \u2013 Sublimez Votre Regard pour Vos Soir\u00e9es \u00e0 Paris<\/h2>\n<p>Confiez votre visage \u00e0 une maquilleuse experte pour un <strong>maquillage du soir<\/strong> raffin\u00e9 et \u00e9l\u00e9gant. Id\u00e9al pour les soir\u00e9es, \u00e9v\u00e9nements ou occasions sp\u00e9ciales, ce maquillage est con\u00e7u pour mettre en valeur votre beaut\u00e9 et assurer une tenue longue dur\u00e9e.<\/p>\n<h3>Bienfaits :<\/h3>\n<ul>\n<li>Teint lumineux et uniforme pour un effet \u00e9clatant<\/li>\n<li>Yeux intensifi\u00e9s avec des ombres et liner adapt\u00e9s pour un regard profond<\/li>\n<li>L\u00e8vres mises en valeur avec des teintes sophistiqu\u00e9es et durables<\/li>\n<li>Look personnalis\u00e9 selon votre style et l\u2019occasion<\/li>\n<li>Finitions professionnelles pour un maquillage impeccable toute la soir\u00e9e<\/li>\n<li>Effet sophistiqu\u00e9, \u00e9l\u00e9gant et glamour<\/li>\n<\/ul>\n<h3>Pourquoi choisir ce maquillage ?<\/h3>\n<p>Le <strong>maquillage du soir<\/strong> est parfait pour toutes celles qui veulent un look travaill\u00e9, \u00e9l\u00e9gant et durable. Chaque d\u00e9tail est \u00e9tudi\u00e9 pour harmoniser le teint, sublimer le regard et cr\u00e9er un rendu spectaculaire adapt\u00e9 \u00e0 vos \u00e9v\u00e9nements, qu\u2019il s\u2019agisse d\u2019un d\u00eener, d\u2019une f\u00eate, d\u2019un mariage ou d\u2019un cocktail.<\/p>\n<h3>D\u00e9roulement du maquillage<\/h3>\n<ul>\n<li>Consultation personnalis\u00e9e pour d\u00e9terminer les couleurs et le style adapt\u00e9s<\/li>\n<li>Pr\u00e9paration de la peau pour un teint parfait et durable<\/li>\n<li>Application du maquillage du soir : teint, yeux et l\u00e8vres avec techniques professionnelles<\/li>\n<li>Finitions et conseils pour pr\u00e9server la tenue et l\u2019\u00e9clat du maquillage pendant toute la soir\u00e9e<\/li>\n<\/ul>\n<div id=\"amelia-cal-223\" style=\"display: none; margin-top: 24px;\">\n<script>\n  if (typeof hasAmeliaEntitiesApiCall === 'undefined' && ('' === '' && '' !== '1')) {\n    var hasAmeliaEntitiesApiCall = true;\n  }\n  var ameliaShortcodeData = (typeof ameliaShortcodeData === 'undefined') ? [] : ameliaShortcodeData;\n  ameliaShortcodeData.push(\n    {\n      'hasApiCall': (typeof hasAmeliaEntitiesApiCall !== 'undefined') && hasAmeliaEntitiesApiCall,\n      'trigger': '',\n      'trigger_type': '',\n      'triggered_form': 'sbsNew',\n      'in_dialog': '',\n      'show': 'services',\n      'counter': '1000',\n      'category': '',\n      'service': '223',\n      'employee': '1',\n      'location': '',\n      'package': '',\n      'layout': '1',\n    }\n  );\n\n  var ameliaShortcodeDataTriggered = (typeof ameliaShortcodeDataTriggered === 'undefined') ? [] : ameliaShortcodeDataTriggered;\n  if (ameliaShortcodeData[ameliaShortcodeData.length - 1].trigger !== '') {\n    if (ameliaShortcodeDataTriggered.filter(a => a.counter === ameliaShortcodeData[ameliaShortcodeData.length - 1].counter).length === 0) {\n      ameliaShortcodeDataTriggered.push(ameliaShortcodeData.pop());\n    } else {\n      ameliaShortcodeData.pop()\n    }\n  }\n  if (typeof hasAmeliaEntitiesApiCall !== 'undefined' && hasAmeliaEntitiesApiCall) {\n    hasAmeliaEntitiesApiCall = false;\n  }\n<\/script>\n\n<div\n  id=\"amelia-v2-booking-1000\"\n  class=\"amelia-v2-booking\"\n >\n    <step-form-wrapper><\/step-form-wrapper><\/div>\n<\/div>\n","protected":false},"excerpt":{"rendered":"<p data-start=\"709\" data-end=\"857\">Offrez-vous un <strong data-start=\"724\" data-end=\"766\">maquillage du soir, <\/strong>adapt\u00e9 \u00e0 votre style et \u00e0 l\u2019occasion, pour un look \u00e9l\u00e9gant et \u00e9clatant toute la soir\u00e9e.<\/p>","protected":false},"featured_media":1611,"comment_status":"open","ping_status":"closed","template":"","meta":{"_monsterinsights_skip_tracking":false,"_monsterinsights_sitenote_active":false,"_monsterinsights_sitenote_note":"","_monsterinsights_sitenote_category":0,"_joinchat":[]},"product_brand":[],"product_cat":[64],"product_tag":[],"giftcard-category":[],"class_list":{"0":"post-1279","1":"product","2":"type-product","3":"status-publish","4":"has-post-thumbnail","6":"product_cat-maquillage","7":"latest_post","9":"first","10":"instock","11":"virtual","12":"taxable","13":"purchasable","14":"product-type-simple"},"jetpack_sharing_enabled":true,"_links":{"self":[{"href":"https:\/\/spavendome.fr\/en\/wp-json\/wp\/v2\/product\/1279","targetHints":{"allow":["GET"]}}],"collection":[{"href":"https:\/\/spavendome.fr\/en\/wp-json\/wp\/v2\/product"}],"about":[{"href":"https:\/\/spavendome.fr\/en\/wp-json\/wp\/v2\/types\/product"}],"replies":[{"embeddable":true,"href":"https:\/\/spavendome.fr\/en\/wp-json\/wp\/v2\/comments?post=1279"}],"wp:featuredmedia":[{"embeddable":true,"href":"https:\/\/spavendome.fr\/en\/wp-json\/wp\/v2\/media\/1611"}],"wp:attachment":[{"href":"https:\/\/spavendome.fr\/en\/wp-json\/wp\/v2\/media?parent=1279"}],"wp:term":[{"taxonomy":"product_brand","embeddable":true,"href":"https:\/\/spavendome.fr\/en\/wp-json\/wp\/v2\/product_brand?post=1279"},{"taxonomy":"product_cat","embeddable":true,"href":"https:\/\/spavendome.fr\/en\/wp-json\/wp\/v2\/product_cat?post=1279"},{"taxonomy":"product_tag","embeddable":true,"href":"https:\/\/spavendome.fr\/en\/wp-json\/wp\/v2\/product_tag?post=1279"},{"taxonomy":"giftcard-category","embeddable":true,"href":"https:\/\/spavendome.fr\/en\/wp-json\/wp\/v2\/giftcard-category?post=1279"}],"curies":[{"name":"wp","href":"https:\/\/api.w.org\/{rel}","templated":true}]}}