{"id":1277,"date":"2025-10-01T09:40:59","date_gmt":"2025-10-01T09:40:59","guid":{"rendered":"https:\/\/www.luno3284.odns.fr\/?post_type=product&#038;p=1277"},"modified":"2025-11-22T23:48:26","modified_gmt":"2025-11-22T22:48:26","slug":"soin-a-la-paraffine","status":"publish","type":"product","link":"https:\/\/spavendome.fr\/en\/service\/soin-a-la-paraffine\/","title":{"rendered":"Soin \u00e0 la Paraffine \u2013 Hydratation et Douceur Intense \u00e0 Paris"},"content":{"rendered":"<h2>Soin \u00e0 la Paraffine \u00e0 Paris \u2013 Hydratation Intense et Douceur Absolue<\/h2>\n<p>Le <strong>soin \u00e0 la paraffine<\/strong> est un rituel nourrissant et apaisant pour les <strong>mains<\/strong> ou les <strong>pieds<\/strong>. Gr\u00e2ce \u00e0 la chaleur bienfaisante de la paraffine fondue, ce soin enveloppe la peau d\u2019une douce chaleur pour favoriser une <strong>hydratation en profondeur<\/strong> et une d\u00e9tente imm\u00e9diate.<\/p>\n<h3>Les bienfaits du soin \u00e0 la paraffine<\/h3>\n<ul>\n<li>Hydratation intense et durable<\/li>\n<li>Peau douce, souple et lisse<\/li>\n<li>Effet apaisant sur les tensions et les douleurs articulaires<\/li>\n<li>R\u00e9g\u00e9n\u00e9ration de la peau s\u00e8che ou ab\u00eem\u00e9e<\/li>\n<li>Sensation de confort et de bien-\u00eatre imm\u00e9diate<\/li>\n<\/ul>\n<h3>D\u00e9roulement du soin<\/h3>\n<p>Le soin d\u00e9bute par un nettoyage et une l\u00e9g\u00e8re exfoliation pour pr\u00e9parer la peau. Les mains ou les pieds sont ensuite plong\u00e9s dans un bain de <strong>paraffine ti\u00e8de<\/strong> et envelopp\u00e9s pour maintenir la chaleur. Apr\u00e8s quelques minutes, la paraffine est retir\u00e9e, r\u00e9v\u00e9lant une peau <strong>visiblement nourrie, douce et r\u00e9g\u00e9n\u00e9r\u00e9e<\/strong>.<\/p>\n<h3>Pour qui ?<\/h3>\n<p>Ce soin est id\u00e9al pour :<\/p>\n<ul>\n<li>Les peaux s\u00e8ches, rugueuses ou fatigu\u00e9es<\/li>\n<li>Les personnes sujettes aux ger\u00e7ures ou tiraillements<\/li>\n<li>Ceux qui souhaitent une <strong>relaxation profonde<\/strong> et un toucher velout\u00e9<\/li>\n<\/ul>\n<h3>Combinaisons recommand\u00e9es<\/h3>\n<p>Le soin \u00e0 la paraffine peut \u00eatre ajout\u00e9 en <strong>suppl\u00e9ment<\/strong> \u00e0 une <strong>manucure.<br \/>\n<\/strong><\/p>\n<div id=\"amelia-cal-209\" style=\"display: none; margin-top: 24px;\">\n<script>\n  if (typeof hasAmeliaEntitiesApiCall === 'undefined' && ('' === '' && '' !== '1')) {\n    var hasAmeliaEntitiesApiCall = true;\n  }\n  var ameliaShortcodeData = (typeof ameliaShortcodeData === 'undefined') ? [] : ameliaShortcodeData;\n  ameliaShortcodeData.push(\n    {\n      'hasApiCall': (typeof hasAmeliaEntitiesApiCall !== 'undefined') && hasAmeliaEntitiesApiCall,\n      'trigger': '',\n      'trigger_type': '',\n      'triggered_form': 'sbsNew',\n      'in_dialog': '',\n      'show': 'services',\n      'counter': '1000',\n      'category': '',\n      'service': '209',\n      'employee': '2',\n      'location': '',\n      'package': '',\n      'layout': '1',\n    }\n  );\n\n  var ameliaShortcodeDataTriggered = (typeof ameliaShortcodeDataTriggered === 'undefined') ? [] : ameliaShortcodeDataTriggered;\n  if (ameliaShortcodeData[ameliaShortcodeData.length - 1].trigger !== '') {\n    if (ameliaShortcodeDataTriggered.filter(a => a.counter === ameliaShortcodeData[ameliaShortcodeData.length - 1].counter).length === 0) {\n      ameliaShortcodeDataTriggered.push(ameliaShortcodeData.pop());\n    } else {\n      ameliaShortcodeData.pop()\n    }\n  }\n  if (typeof hasAmeliaEntitiesApiCall !== 'undefined' && hasAmeliaEntitiesApiCall) {\n    hasAmeliaEntitiesApiCall = false;\n  }\n<\/script>\n\n<div\n  id=\"amelia-v2-booking-1000\"\n  class=\"amelia-v2-booking\"\n >\n    <step-form-wrapper><\/step-form-wrapper><\/div>\n<\/div>\n","protected":false},"excerpt":{"rendered":"<p data-start=\"711\" data-end=\"877\">Visit <strong data-start=\"714\" data-end=\"745\">Soin \u00e0 la Paraffine \u00e0 Paris<\/strong> nourrit, adoucit et r\u00e9g\u00e9n\u00e8re la peau en profondeur. Id\u00e9al pour les mains ou les pieds secs, il offre douceur et confort imm\u00e9diat.<\/p>","protected":false},"featured_media":1545,"comment_status":"open","ping_status":"closed","template":"","meta":{"_monsterinsights_skip_tracking":false,"_monsterinsights_sitenote_active":false,"_monsterinsights_sitenote_note":"","_monsterinsights_sitenote_category":0,"_joinchat":[]},"product_brand":[],"product_cat":[61],"product_tag":[],"giftcard-category":[],"class_list":{"0":"post-1277","1":"product","2":"type-product","3":"status-publish","4":"has-post-thumbnail","6":"product_cat-onglerie","7":"latest_post","9":"first","10":"instock","11":"virtual","12":"taxable","13":"purchasable","14":"product-type-simple"},"jetpack_sharing_enabled":true,"_links":{"self":[{"href":"https:\/\/spavendome.fr\/en\/wp-json\/wp\/v2\/product\/1277","targetHints":{"allow":["GET"]}}],"collection":[{"href":"https:\/\/spavendome.fr\/en\/wp-json\/wp\/v2\/product"}],"about":[{"href":"https:\/\/spavendome.fr\/en\/wp-json\/wp\/v2\/types\/product"}],"replies":[{"embeddable":true,"href":"https:\/\/spavendome.fr\/en\/wp-json\/wp\/v2\/comments?post=1277"}],"wp:featuredmedia":[{"embeddable":true,"href":"https:\/\/spavendome.fr\/en\/wp-json\/wp\/v2\/media\/1545"}],"wp:attachment":[{"href":"https:\/\/spavendome.fr\/en\/wp-json\/wp\/v2\/media?parent=1277"}],"wp:term":[{"taxonomy":"product_brand","embeddable":true,"href":"https:\/\/spavendome.fr\/en\/wp-json\/wp\/v2\/product_brand?post=1277"},{"taxonomy":"product_cat","embeddable":true,"href":"https:\/\/spavendome.fr\/en\/wp-json\/wp\/v2\/product_cat?post=1277"},{"taxonomy":"product_tag","embeddable":true,"href":"https:\/\/spavendome.fr\/en\/wp-json\/wp\/v2\/product_tag?post=1277"},{"taxonomy":"giftcard-category","embeddable":true,"href":"https:\/\/spavendome.fr\/en\/wp-json\/wp\/v2\/giftcard-category?post=1277"}],"curies":[{"name":"wp","href":"https:\/\/api.w.org\/{rel}","templated":true}]}}