{"id":1276,"date":"2025-10-01T09:40:08","date_gmt":"2025-10-01T09:40:08","guid":{"rendered":"https:\/\/www.luno3284.odns.fr\/?post_type=product&#038;p=1276"},"modified":"2025-11-22T23:48:28","modified_gmt":"2025-11-22T22:48:28","slug":"french","status":"publish","type":"product","link":"https:\/\/spavendome.fr\/en\/service\/french\/","title":{"rendered":"French \u2013 Sublimez vos mains \u00e0 Paris"},"content":{"rendered":"<h2>French \u00e0 Paris \u2013 Manucure \u00c9l\u00e9gante et Naturelle<\/h2>\n<p>Red\u00e9couvrez l\u2019\u00e9l\u00e9gance de vos mains gr\u00e2ce \u00e0 cette manucure classique et raffin\u00e9e qui met en valeur vos ongles naturels avec une pointe blanche lumineuse et un rendu soign\u00e9, pour un look chic et intemporel.<\/p>\n<h3>Pour qui ?<\/h3>\n<p>La French Onglerie est id\u00e9ale pour toutes celles qui souhaitent :<\/p>\n<ul>\n<li>Des ongles \u00e9l\u00e9gants et naturels<\/li>\n<li>Un style raffin\u00e9 et intemporel<\/li>\n<li>Un soin longue tenue et soign\u00e9<\/li>\n<li>Des mains impeccables pour toutes occasions<\/li>\n<\/ul>\n<h3>Technique<\/h3>\n<p>Chaque s\u00e9ance commence par un <strong>pr\u00e9paration compl\u00e8te de l\u2019ongle<\/strong> : limage, nettoyage et hydratation des cuticules. Ensuite, le vernis French est appliqu\u00e9 avec pr\u00e9cision pour un rendu net et \u00e9l\u00e9gant. Selon vos pr\u00e9f\u00e9rences, nous proposons des styles <strong>classiques, modernes ou personnalis\u00e9s<\/strong> pour sublimer vos mains.<\/p>\n<h3>Bienfaits<\/h3>\n<ul>\n<li>Ongles naturels renforc\u00e9s et prot\u00e9g\u00e9s<\/li>\n<li>Rendu lumineux et durable<\/li>\n<li>Style chic et intemporel<\/li>\n<li>Esth\u00e9tique soign\u00e9e pour toutes occasions<\/li>\n<\/ul>\n<h3>Pr\u00e9cautions<\/h3>\n<ul>\n<li>\u00c9viter tout choc ou produit agressif dans les 24 heures suivant la pose<\/li>\n<li>Hydrater r\u00e9guli\u00e8rement les cuticules pour prolonger la tenue<\/li>\n<\/ul>\n<p>Offrez \u00e0 vos mains un soin raffin\u00e9 et \u00e9l\u00e9gant avec notre <strong>French Onglerie \u00e0 Paris<\/strong> \u2013 pour des ongles naturellement beaux et impeccables.<\/p>\n<div id=\"amelia-cal-202\" style=\"display: none; margin-top: 24px;\">\n<script>\n  if (typeof hasAmeliaEntitiesApiCall === 'undefined' && ('' === '' && '' !== '1')) {\n    var hasAmeliaEntitiesApiCall = true;\n  }\n  var ameliaShortcodeData = (typeof ameliaShortcodeData === 'undefined') ? [] : ameliaShortcodeData;\n  ameliaShortcodeData.push(\n    {\n      'hasApiCall': (typeof hasAmeliaEntitiesApiCall !== 'undefined') && hasAmeliaEntitiesApiCall,\n      'trigger': '',\n      'trigger_type': '',\n      'triggered_form': 'sbsNew',\n      'in_dialog': '',\n      'show': 'services',\n      'counter': '1000',\n      'category': '',\n      'service': '202',\n      'employee': '2',\n      'location': '',\n      'package': '',\n      'layout': '1',\n    }\n  );\n\n  var ameliaShortcodeDataTriggered = (typeof ameliaShortcodeDataTriggered === 'undefined') ? [] : ameliaShortcodeDataTriggered;\n  if (ameliaShortcodeData[ameliaShortcodeData.length - 1].trigger !== '') {\n    if (ameliaShortcodeDataTriggered.filter(a => a.counter === ameliaShortcodeData[ameliaShortcodeData.length - 1].counter).length === 0) {\n      ameliaShortcodeDataTriggered.push(ameliaShortcodeData.pop());\n    } else {\n      ameliaShortcodeData.pop()\n    }\n  }\n  if (typeof hasAmeliaEntitiesApiCall !== 'undefined' && hasAmeliaEntitiesApiCall) {\n    hasAmeliaEntitiesApiCall = false;\n  }\n<\/script>\n\n<div\n  id=\"amelia-v2-booking-1000\"\n  class=\"amelia-v2-booking\"\n >\n    <step-form-wrapper><\/step-form-wrapper><\/div>\n<\/div>\n","protected":false},"excerpt":{"rendered":"<p data-start=\"444\" data-end=\"582\">Sublimez vos mains avec notre French. Manucure \u00e9l\u00e9gante et soign\u00e9e pour des ongles naturels, brillants et longue tenue.<\/p>","protected":false},"featured_media":1612,"comment_status":"open","ping_status":"closed","template":"","meta":{"_monsterinsights_skip_tracking":false,"_monsterinsights_sitenote_active":false,"_monsterinsights_sitenote_note":"","_monsterinsights_sitenote_category":0,"_joinchat":[]},"product_brand":[],"product_cat":[61],"product_tag":[],"giftcard-category":[],"class_list":{"0":"post-1276","1":"product","2":"type-product","3":"status-publish","4":"has-post-thumbnail","6":"product_cat-onglerie","7":"latest_post","9":"first","10":"instock","11":"virtual","12":"taxable","13":"purchasable","14":"product-type-simple"},"jetpack_sharing_enabled":true,"_links":{"self":[{"href":"https:\/\/spavendome.fr\/en\/wp-json\/wp\/v2\/product\/1276","targetHints":{"allow":["GET"]}}],"collection":[{"href":"https:\/\/spavendome.fr\/en\/wp-json\/wp\/v2\/product"}],"about":[{"href":"https:\/\/spavendome.fr\/en\/wp-json\/wp\/v2\/types\/product"}],"replies":[{"embeddable":true,"href":"https:\/\/spavendome.fr\/en\/wp-json\/wp\/v2\/comments?post=1276"}],"wp:featuredmedia":[{"embeddable":true,"href":"https:\/\/spavendome.fr\/en\/wp-json\/wp\/v2\/media\/1612"}],"wp:attachment":[{"href":"https:\/\/spavendome.fr\/en\/wp-json\/wp\/v2\/media?parent=1276"}],"wp:term":[{"taxonomy":"product_brand","embeddable":true,"href":"https:\/\/spavendome.fr\/en\/wp-json\/wp\/v2\/product_brand?post=1276"},{"taxonomy":"product_cat","embeddable":true,"href":"https:\/\/spavendome.fr\/en\/wp-json\/wp\/v2\/product_cat?post=1276"},{"taxonomy":"product_tag","embeddable":true,"href":"https:\/\/spavendome.fr\/en\/wp-json\/wp\/v2\/product_tag?post=1276"},{"taxonomy":"giftcard-category","embeddable":true,"href":"https:\/\/spavendome.fr\/en\/wp-json\/wp\/v2\/giftcard-category?post=1276"}],"curies":[{"name":"wp","href":"https:\/\/api.w.org\/{rel}","templated":true}]}}