{"id":1275,"date":"2025-10-01T09:39:12","date_gmt":"2025-10-01T09:39:12","guid":{"rendered":"https:\/\/www.luno3284.odns.fr\/?post_type=product&#038;p=1275"},"modified":"2025-11-22T23:48:29","modified_gmt":"2025-11-22T22:48:29","slug":"pose-vernis-semi-permanent","status":"publish","type":"product","link":"https:\/\/spavendome.fr\/en\/service\/pose-vernis-semi-permanent\/","title":{"rendered":"Pose Vernis Semi-Permanent \u2013 Brillance et Tenue Longue Dur\u00e9e \u00e0 Paris"},"content":{"rendered":"<h2>Pose Vernis Semi-Permanent \u00e0 Paris \u2013 Brillance et Tenue Longue Dur\u00e9e<\/h2>\n<p>La <strong>Pose de Vernis Semi-Permanent<\/strong> est la solution id\u00e9ale pour des ongles impeccables, brillants et r\u00e9sistants pendant plusieurs semaines. Gr\u00e2ce \u00e0 notre large palette de couleurs, vous pouvez choisir la teinte parfaite pour sublimer vos mains selon vos envies et vos occasions.<\/p>\n<h3>Pour qui ?<\/h3>\n<p>Ce soin est id\u00e9al pour :<\/p>\n<ul>\n<li>Celles et ceux qui souhaitent des ongles brillants et soign\u00e9s plus longtemps<\/li>\n<li>\u00c9viter les retouches fr\u00e9quentes d\u2019un vernis classique<\/li>\n<li>Profiter d\u2019un rendu professionnel et durable<\/li>\n<li>Compl\u00e9ter une manucure classique ou russe<\/li>\n<\/ul>\n<h3>D\u00e9roulement<\/h3>\n<p>La prestation comprend la <strong>pr\u00e9paration des ongles<\/strong> (limage, soin des cuticules, nettoyage), suivie de l\u2019application d\u2019une <strong>base protectrice<\/strong>, du <strong>vernis semi-permanent<\/strong> de votre choix et d\u2019un <strong>top coat<\/strong> catalys\u00e9 sous lampe UV\/LED. Le r\u00e9sultat : une brillance intense et une tenue jusqu\u2019\u00e0 3 semaines sans \u00e9caillage.<\/p>\n<h3>Les bienfaits de la pose vernis semi-permanent<\/h3>\n<ul>\n<li>Tenue longue dur\u00e9e (jusqu\u2019\u00e0 3 semaines)<\/li>\n<li>Brillance exceptionnelle<\/li>\n<li>Ongles r\u00e9sistants et prot\u00e9g\u00e9s<\/li>\n<li>R\u00e9sultat professionnel et raffin\u00e9<\/li>\n<\/ul>\n<h3>Options disponibles<\/h3>\n<p>Pour une touche d\u2019\u00e9l\u00e9gance suppl\u00e9mentaire, l\u2019option <strong>French<\/strong> est disponible en suppl\u00e9ment. Ce style intemporel apporte une finition chic et naturelle \u00e0 vos ongles.<\/p>\n<h3>Combinaisons recommand\u00e9es<\/h3>\n<p>Ce soin se combine parfaitement avec une <strong>manucure classique<\/strong> ou une <strong>manucure russe<\/strong> pour un r\u00e9sultat complet et encore plus soign\u00e9.<\/p>\n<p>Offrez-vous des ongles parfaits avec notre <strong>Pose de Vernis Semi-Permanent \u00e0 Paris<\/strong> \u2014 \u00e9l\u00e9gance, brillance et tenue longue dur\u00e9e garanties.<\/p>\n<div id=\"amelia-cal-208\" style=\"display: none; margin-top: 24px;\">\n<script>\n  if (typeof hasAmeliaEntitiesApiCall === 'undefined' && ('' === '' && '' !== '1')) {\n    var hasAmeliaEntitiesApiCall = true;\n  }\n  var ameliaShortcodeData = (typeof ameliaShortcodeData === 'undefined') ? [] : ameliaShortcodeData;\n  ameliaShortcodeData.push(\n    {\n      'hasApiCall': (typeof hasAmeliaEntitiesApiCall !== 'undefined') && hasAmeliaEntitiesApiCall,\n      'trigger': '',\n      'trigger_type': '',\n      'triggered_form': 'sbsNew',\n      'in_dialog': '',\n      'show': 'services',\n      'counter': '1000',\n      'category': '',\n      'service': '208',\n      'employee': '2',\n      'location': '',\n      'package': '',\n      'layout': '1',\n    }\n  );\n\n  var ameliaShortcodeDataTriggered = (typeof ameliaShortcodeDataTriggered === 'undefined') ? [] : ameliaShortcodeDataTriggered;\n  if (ameliaShortcodeData[ameliaShortcodeData.length - 1].trigger !== '') {\n    if (ameliaShortcodeDataTriggered.filter(a => a.counter === ameliaShortcodeData[ameliaShortcodeData.length - 1].counter).length === 0) {\n      ameliaShortcodeDataTriggered.push(ameliaShortcodeData.pop());\n    } else {\n      ameliaShortcodeData.pop()\n    }\n  }\n  if (typeof hasAmeliaEntitiesApiCall !== 'undefined' && hasAmeliaEntitiesApiCall) {\n    hasAmeliaEntitiesApiCall = false;\n  }\n<\/script>\n\n<div\n  id=\"amelia-v2-booking-1000\"\n  class=\"amelia-v2-booking\"\n >\n    <step-form-wrapper><\/step-form-wrapper><\/div>\n<\/div>\n","protected":false},"excerpt":{"rendered":"<p data-start=\"547\" data-end=\"672\">Offrez-vous une pose vernis semi-permanent \u00e0 Paris : brillance, \u00e9l\u00e9gance et tenue impeccable pendant plusieurs semaines.<\/p>","protected":false},"featured_media":1613,"comment_status":"open","ping_status":"closed","template":"","meta":{"_monsterinsights_skip_tracking":false,"_monsterinsights_sitenote_active":false,"_monsterinsights_sitenote_note":"","_monsterinsights_sitenote_category":0,"_joinchat":[]},"product_brand":[],"product_cat":[61],"product_tag":[],"giftcard-category":[],"class_list":{"0":"post-1275","1":"product","2":"type-product","3":"status-publish","4":"has-post-thumbnail","6":"product_cat-onglerie","7":"latest_post","9":"first","10":"instock","11":"virtual","12":"taxable","13":"purchasable","14":"product-type-simple"},"jetpack_sharing_enabled":true,"_links":{"self":[{"href":"https:\/\/spavendome.fr\/en\/wp-json\/wp\/v2\/product\/1275","targetHints":{"allow":["GET"]}}],"collection":[{"href":"https:\/\/spavendome.fr\/en\/wp-json\/wp\/v2\/product"}],"about":[{"href":"https:\/\/spavendome.fr\/en\/wp-json\/wp\/v2\/types\/product"}],"replies":[{"embeddable":true,"href":"https:\/\/spavendome.fr\/en\/wp-json\/wp\/v2\/comments?post=1275"}],"wp:featuredmedia":[{"embeddable":true,"href":"https:\/\/spavendome.fr\/en\/wp-json\/wp\/v2\/media\/1613"}],"wp:attachment":[{"href":"https:\/\/spavendome.fr\/en\/wp-json\/wp\/v2\/media?parent=1275"}],"wp:term":[{"taxonomy":"product_brand","embeddable":true,"href":"https:\/\/spavendome.fr\/en\/wp-json\/wp\/v2\/product_brand?post=1275"},{"taxonomy":"product_cat","embeddable":true,"href":"https:\/\/spavendome.fr\/en\/wp-json\/wp\/v2\/product_cat?post=1275"},{"taxonomy":"product_tag","embeddable":true,"href":"https:\/\/spavendome.fr\/en\/wp-json\/wp\/v2\/product_tag?post=1275"},{"taxonomy":"giftcard-category","embeddable":true,"href":"https:\/\/spavendome.fr\/en\/wp-json\/wp\/v2\/giftcard-category?post=1275"}],"curies":[{"name":"wp","href":"https:\/\/api.w.org\/{rel}","templated":true}]}}