{"id":1274,"date":"2025-10-01T09:37:15","date_gmt":"2025-10-01T09:37:15","guid":{"rendered":"https:\/\/www.luno3284.odns.fr\/?post_type=product&#038;p=1274"},"modified":"2025-11-22T23:48:32","modified_gmt":"2025-11-22T22:48:32","slug":"evasion-pied-parfait","status":"publish","type":"product","link":"https:\/\/spavendome.fr\/en\/service\/evasion-pied-parfait\/","title":{"rendered":"\u00c9vasion Pied Parfait \u2013 Soin Complet des Pieds \u00e0 Paris"},"content":{"rendered":"<h2>\u00c9vasion Pied Parfait \u2013 Soin Complet des Pieds \u00e0 Paris<\/h2>\n<p>Offrez \u00e0 vos pieds un v\u00e9ritable rituel de <strong>bien-\u00eatre et de beaut\u00e9<\/strong> avec notre soin <strong>\u00c9vasion Pied Parfait<\/strong>. Chaque \u00e9tape est con\u00e7ue pour hydrater, revitaliser et sublimer vos pieds.<\/p>\n<h3>D\u00e9roulement du soin<\/h3>\n<ul>\n<li><strong>Bain relaxant aux sels :<\/strong> Pr\u00e9pare et adoucit la peau.<\/li>\n<li><strong>Nettoyage et gommage :<\/strong> \u00c9limination des impuret\u00e9s et des peaux mortes pour une texture lisse.<\/li>\n<li><strong>P\u00e9dicure russe :<\/strong> Soin des cuticules et mise en forme des ongles pour un r\u00e9sultat pr\u00e9cis et impeccable.<\/li>\n<li><strong>Soin \u00e0 la paraffine :<\/strong> Hydrate intens\u00e9ment et prot\u00e8ge la peau.<\/li>\n<li><strong>Masque hydratant et modelage relaxant :<\/strong> Fait dans un bain d\u2019eau de rose pour apaiser et d\u00e9tendre vos pieds.<\/li>\n<\/ul>\n<h3>Bienfaits<\/h3>\n<ul>\n<li>Pieds doux, l\u00e9gers et parfaitement hydrat\u00e9s<\/li>\n<li>Cuticules et ongles soign\u00e9s et impeccables<\/li>\n<li>Peau revitalis\u00e9e et prot\u00e9g\u00e9e<\/li>\n<li>Sensation de confort et relaxation totale<\/li>\n<li>Pr\u00e9paration id\u00e9ale pour une pose de vernis classique ou semi-permanent<\/li>\n<\/ul>\n<h3>Pourquoi choisir ce soin ?<\/h3>\n<p>Le <strong>soin \u00c9vasion Pied Parfait<\/strong> est parfait pour celles et ceux qui souhaitent offrir \u00e0 leurs pieds un rituel complet et luxueux. Il allie soin esth\u00e9tique et bien-\u00eatre, pour des pieds sublim\u00e9s et pr\u00eats \u00e0 rayonner de sant\u00e9 \u00e0 Paris.<\/p>\n<div id=\"amelia-cal-201\" style=\"display: none; margin-top: 24px;\">\n<script>\n  if (typeof hasAmeliaEntitiesApiCall === 'undefined' && ('' === '' && '' !== '1')) {\n    var hasAmeliaEntitiesApiCall = true;\n  }\n  var ameliaShortcodeData = (typeof ameliaShortcodeData === 'undefined') ? [] : ameliaShortcodeData;\n  ameliaShortcodeData.push(\n    {\n      'hasApiCall': (typeof hasAmeliaEntitiesApiCall !== 'undefined') && hasAmeliaEntitiesApiCall,\n      'trigger': '',\n      'trigger_type': '',\n      'triggered_form': 'sbsNew',\n      'in_dialog': '',\n      'show': 'services',\n      'counter': '1000',\n      'category': '',\n      'service': '201',\n      'employee': '2',\n      'location': '',\n      'package': '',\n      'layout': '1',\n    }\n  );\n\n  var ameliaShortcodeDataTriggered = (typeof ameliaShortcodeDataTriggered === 'undefined') ? [] : ameliaShortcodeDataTriggered;\n  if (ameliaShortcodeData[ameliaShortcodeData.length - 1].trigger !== '') {\n    if (ameliaShortcodeDataTriggered.filter(a => a.counter === ameliaShortcodeData[ameliaShortcodeData.length - 1].counter).length === 0) {\n      ameliaShortcodeDataTriggered.push(ameliaShortcodeData.pop());\n    } else {\n      ameliaShortcodeData.pop()\n    }\n  }\n  if (typeof hasAmeliaEntitiesApiCall !== 'undefined' && hasAmeliaEntitiesApiCall) {\n    hasAmeliaEntitiesApiCall = false;\n  }\n<\/script>\n\n<div\n  id=\"amelia-v2-booking-1000\"\n  class=\"amelia-v2-booking\"\n >\n    <step-form-wrapper><\/step-form-wrapper><\/div>\n<\/div>\n","protected":false},"excerpt":{"rendered":"<p>\u00c9vasion Pied Parfait \u00e0 Paris : bain, gommage, p\u00e9dicure russe, paraffine et modelage pour des pieds doux, hydrat\u00e9s et sublim\u00e9s.<\/p>","protected":false},"featured_media":1548,"comment_status":"open","ping_status":"closed","template":"","meta":{"_monsterinsights_skip_tracking":false,"_monsterinsights_sitenote_active":false,"_monsterinsights_sitenote_note":"","_monsterinsights_sitenote_category":0,"_joinchat":[]},"product_brand":[],"product_cat":[61],"product_tag":[],"giftcard-category":[],"class_list":{"0":"post-1274","1":"product","2":"type-product","3":"status-publish","4":"has-post-thumbnail","6":"product_cat-onglerie","7":"latest_post","9":"first","10":"instock","11":"virtual","12":"taxable","13":"purchasable","14":"product-type-simple"},"jetpack_sharing_enabled":true,"_links":{"self":[{"href":"https:\/\/spavendome.fr\/en\/wp-json\/wp\/v2\/product\/1274","targetHints":{"allow":["GET"]}}],"collection":[{"href":"https:\/\/spavendome.fr\/en\/wp-json\/wp\/v2\/product"}],"about":[{"href":"https:\/\/spavendome.fr\/en\/wp-json\/wp\/v2\/types\/product"}],"replies":[{"embeddable":true,"href":"https:\/\/spavendome.fr\/en\/wp-json\/wp\/v2\/comments?post=1274"}],"wp:featuredmedia":[{"embeddable":true,"href":"https:\/\/spavendome.fr\/en\/wp-json\/wp\/v2\/media\/1548"}],"wp:attachment":[{"href":"https:\/\/spavendome.fr\/en\/wp-json\/wp\/v2\/media?parent=1274"}],"wp:term":[{"taxonomy":"product_brand","embeddable":true,"href":"https:\/\/spavendome.fr\/en\/wp-json\/wp\/v2\/product_brand?post=1274"},{"taxonomy":"product_cat","embeddable":true,"href":"https:\/\/spavendome.fr\/en\/wp-json\/wp\/v2\/product_cat?post=1274"},{"taxonomy":"product_tag","embeddable":true,"href":"https:\/\/spavendome.fr\/en\/wp-json\/wp\/v2\/product_tag?post=1274"},{"taxonomy":"giftcard-category","embeddable":true,"href":"https:\/\/spavendome.fr\/en\/wp-json\/wp\/v2\/giftcard-category?post=1274"}],"curies":[{"name":"wp","href":"https:\/\/api.w.org\/{rel}","templated":true}]}}