{"id":1273,"date":"2025-10-01T09:36:32","date_gmt":"2025-10-01T09:36:32","guid":{"rendered":"https:\/\/www.luno3284.odns.fr\/?post_type=product&#038;p=1273"},"modified":"2025-11-22T23:48:34","modified_gmt":"2025-11-22T22:48:34","slug":"pedicure-russe","status":"publish","type":"product","link":"https:\/\/spavendome.fr\/en\/service\/pedicure-russe\/","title":{"rendered":"P\u00e9dicure Russe \u2013 Pr\u00e9cision &#038; \u00c9l\u00e9gance \u00e0 Paris"},"content":{"rendered":"<h2>P\u00e9dicure Russe \u00e0 Paris \u2013 La Perfection au Bout des Pieds<\/h2>\n<p>La <strong>P\u00e9dicure Russe<\/strong> est une technique de beaut\u00e9 des pieds d\u2019une grande pr\u00e9cision, qui garantit un r\u00e9sultat net et raffin\u00e9. \u00c0 l\u2019aide d\u2019outils sp\u00e9cifiques, les cuticules sont soigneusement travaill\u00e9es pour des contours impeccables, tandis que les ongles sont lim\u00e9s et polis avec minutie pour un rendu professionnel et \u00e9l\u00e9gant.<\/p>\n<h3>Pour qui ?<\/h3>\n<p>La p\u00e9dicure russe est id\u00e9ale pour :<\/p>\n<ul>\n<li>Ceux qui recherchent une p\u00e9dicure ultra soign\u00e9e et durable<\/li>\n<li>Les personnes souhaitant pr\u00e9parer leurs ongles avant une pose de vernis<\/li>\n<li>Entretenir la sant\u00e9 et la beaut\u00e9 des pieds<\/li>\n<li>Obtenir un rendu net, pr\u00e9cis et sans irr\u00e9gularit\u00e9s<\/li>\n<\/ul>\n<h3>Technique<\/h3>\n<p>Cette technique repose sur l\u2019utilisation d\u2019un <strong>micromoteur et de fraises professionnelles<\/strong> permettant un travail minutieux du contour des ongles et des cuticules, sans agression de la peau. Les ongles sont ensuite lim\u00e9s et polis avec pr\u00e9cision, pour une surface lisse et parfaitement pr\u00e9par\u00e9e \u00e0 la pose d\u2019un vernis classique ou semi-permanent.<\/p>\n<h3>Bienfaits<\/h3>\n<ul>\n<li>Contour des ongles de pieds parfaitement net<\/li>\n<li>Cuticules soign\u00e9es et peau douce<\/li>\n<li>Finition professionnelle et longue tenue<\/li>\n<li>Pr\u00e9paration id\u00e9ale pour un vernis \u00e9l\u00e9gant<\/li>\n<\/ul>\n<h3>\u00c0 combiner avec<\/h3>\n<p>Pour un r\u00e9sultat encore plus raffin\u00e9, la <strong>P\u00e9dicure Russe<\/strong> peut \u00eatre associ\u00e9e \u00e0 une <strong>pose de vernis classique<\/strong> ou <strong>semi-permanent<\/strong>, offrant ainsi une finition durable et \u00e9clatante.<\/p>\n<p>Offrez \u00e0 vos pieds un soin d\u2019exception avec la <strong>P\u00e9dicure Russe \u00e0 Paris<\/strong> : pr\u00e9cision, \u00e9l\u00e9gance et bien-\u00eatre au rendez-vous.<\/p>\n<div id=\"amelia-cal-206\" style=\"display: none; margin-top: 24px;\">\n<script>\n  if (typeof hasAmeliaEntitiesApiCall === 'undefined' && ('' === '' && '' !== '1')) {\n    var hasAmeliaEntitiesApiCall = true;\n  }\n  var ameliaShortcodeData = (typeof ameliaShortcodeData === 'undefined') ? [] : ameliaShortcodeData;\n  ameliaShortcodeData.push(\n    {\n      'hasApiCall': (typeof hasAmeliaEntitiesApiCall !== 'undefined') && hasAmeliaEntitiesApiCall,\n      'trigger': '',\n      'trigger_type': '',\n      'triggered_form': 'sbsNew',\n      'in_dialog': '',\n      'show': 'services',\n      'counter': '1000',\n      'category': '',\n      'service': '206',\n      'employee': '2',\n      'location': '',\n      'package': '',\n      'layout': '1',\n    }\n  );\n\n  var ameliaShortcodeDataTriggered = (typeof ameliaShortcodeDataTriggered === 'undefined') ? [] : ameliaShortcodeDataTriggered;\n  if (ameliaShortcodeData[ameliaShortcodeData.length - 1].trigger !== '') {\n    if (ameliaShortcodeDataTriggered.filter(a => a.counter === ameliaShortcodeData[ameliaShortcodeData.length - 1].counter).length === 0) {\n      ameliaShortcodeDataTriggered.push(ameliaShortcodeData.pop());\n    } else {\n      ameliaShortcodeData.pop()\n    }\n  }\n  if (typeof hasAmeliaEntitiesApiCall !== 'undefined' && hasAmeliaEntitiesApiCall) {\n    hasAmeliaEntitiesApiCall = false;\n  }\n<\/script>\n\n<div\n  id=\"amelia-v2-booking-1000\"\n  class=\"amelia-v2-booking\"\n >\n    <step-form-wrapper><\/step-form-wrapper><\/div>\n<\/div>\n","protected":false},"excerpt":{"rendered":"<p data-start=\"509\" data-end=\"645\">D\u00e9couvrez la P\u00e9dicure Russe \u00e0 Paris : un soin pr\u00e9cis pour des pieds nets, des cuticules parfaites et une finition \u00e9l\u00e9gante et durable.<\/p>","protected":false},"featured_media":1614,"comment_status":"open","ping_status":"closed","template":"","meta":{"_monsterinsights_skip_tracking":false,"_monsterinsights_sitenote_active":false,"_monsterinsights_sitenote_note":"","_monsterinsights_sitenote_category":0,"_joinchat":[]},"product_brand":[],"product_cat":[61],"product_tag":[],"giftcard-category":[],"class_list":{"0":"post-1273","1":"product","2":"type-product","3":"status-publish","4":"has-post-thumbnail","6":"product_cat-onglerie","7":"latest_post","9":"first","10":"instock","11":"virtual","12":"taxable","13":"purchasable","14":"product-type-simple"},"jetpack_sharing_enabled":true,"_links":{"self":[{"href":"https:\/\/spavendome.fr\/en\/wp-json\/wp\/v2\/product\/1273","targetHints":{"allow":["GET"]}}],"collection":[{"href":"https:\/\/spavendome.fr\/en\/wp-json\/wp\/v2\/product"}],"about":[{"href":"https:\/\/spavendome.fr\/en\/wp-json\/wp\/v2\/types\/product"}],"replies":[{"embeddable":true,"href":"https:\/\/spavendome.fr\/en\/wp-json\/wp\/v2\/comments?post=1273"}],"wp:featuredmedia":[{"embeddable":true,"href":"https:\/\/spavendome.fr\/en\/wp-json\/wp\/v2\/media\/1614"}],"wp:attachment":[{"href":"https:\/\/spavendome.fr\/en\/wp-json\/wp\/v2\/media?parent=1273"}],"wp:term":[{"taxonomy":"product_brand","embeddable":true,"href":"https:\/\/spavendome.fr\/en\/wp-json\/wp\/v2\/product_brand?post=1273"},{"taxonomy":"product_cat","embeddable":true,"href":"https:\/\/spavendome.fr\/en\/wp-json\/wp\/v2\/product_cat?post=1273"},{"taxonomy":"product_tag","embeddable":true,"href":"https:\/\/spavendome.fr\/en\/wp-json\/wp\/v2\/product_tag?post=1273"},{"taxonomy":"giftcard-category","embeddable":true,"href":"https:\/\/spavendome.fr\/en\/wp-json\/wp\/v2\/giftcard-category?post=1273"}],"curies":[{"name":"wp","href":"https:\/\/api.w.org\/{rel}","templated":true}]}}