{"id":1271,"date":"2025-10-01T09:34:05","date_gmt":"2025-10-01T09:34:05","guid":{"rendered":"https:\/\/www.luno3284.odns.fr\/?post_type=product&#038;p=1271"},"modified":"2025-11-22T23:48:37","modified_gmt":"2025-11-22T22:48:37","slug":"depose-vernis-semi-permanent","status":"publish","type":"product","link":"https:\/\/spavendome.fr\/en\/service\/depose-vernis-semi-permanent\/","title":{"rendered":"D\u00e9pose Vernis Semi-Permanent \u2013 Onglerie \u00e0 Paris"},"content":{"rendered":"<h2>D\u00e9pose Vernis Semi-Permanent \u00e0 Paris.<\/h2>\n<p>Notre prestation de <strong>d\u00e9pose de vernis semi-permanent \u00e0 Paris<\/strong> permet d\u2019enlever votre ancienne pose en toute s\u00e9curit\u00e9, sans ab\u00eemer vos ongles. Chaque \u00e9tape est r\u00e9alis\u00e9e avec soin pour garantir la sant\u00e9 et la beaut\u00e9 naturelle de vos ongles.<\/p>\n<h3>D\u00e9roulement du soin<\/h3>\n<ul>\n<li><strong>Pr\u00e9paration des ongles :<\/strong> Nettoyage et limage doux pour pr\u00e9parer les ongles \u00e0 la d\u00e9pose.<\/li>\n<li><strong>Retrait du vernis semi-permanent :<\/strong> Utilisation de techniques douces pour dissoudre et retirer le vernis sans fragiliser la plaque ongulaire.<\/li>\n<li><strong>Soin post-d\u00e9pose :<\/strong> Application d\u2019une huile nourrissante ou d\u2019un soin protecteur pour hydrater et renforcer les ongles.<\/li>\n<\/ul>\n<h3>Pour qui ?<\/h3>\n<p>Cette prestation est id\u00e9ale pour :<\/p>\n<ul>\n<li>Renouveler votre vernis semi-permanent en toute s\u00e9curit\u00e9<\/li>\n<li>Pr\u00e9parer vos ongles pour une nouvelle manucure classique ou russe<\/li>\n<li>Assurer la sant\u00e9 et la beaut\u00e9 naturelle des ongles<\/li>\n<li>\u00c9viter les dommages li\u00e9s \u00e0 une d\u00e9pose inad\u00e9quate<\/li>\n<\/ul>\n<h3>Les bienfaits<\/h3>\n<ul>\n<li>Ongles prot\u00e9g\u00e9s et non fragilis\u00e9s<\/li>\n<li>Pr\u00e9paration parfaite pour une nouvelle pose<\/li>\n<li>Soin doux et pr\u00e9cis adapt\u00e9 \u00e0 tous types d\u2019ongles<\/li>\n<li>Maintien de l\u2019hydratation et de la souplesse de la plaque ongulaire.<\/li>\n<\/ul>\n<div id=\"amelia-cal-199\" style=\"display: none; margin-top: 24px;\">\n<script>\n  if (typeof hasAmeliaEntitiesApiCall === 'undefined' && ('' === '' && '' !== '1')) {\n    var hasAmeliaEntitiesApiCall = true;\n  }\n  var ameliaShortcodeData = (typeof ameliaShortcodeData === 'undefined') ? [] : ameliaShortcodeData;\n  ameliaShortcodeData.push(\n    {\n      'hasApiCall': (typeof hasAmeliaEntitiesApiCall !== 'undefined') && hasAmeliaEntitiesApiCall,\n      'trigger': '',\n      'trigger_type': '',\n      'triggered_form': 'sbsNew',\n      'in_dialog': '',\n      'show': 'services',\n      'counter': '1000',\n      'category': '',\n      'service': '199',\n      'employee': '2',\n      'location': '',\n      'package': '',\n      'layout': '1',\n    }\n  );\n\n  var ameliaShortcodeDataTriggered = (typeof ameliaShortcodeDataTriggered === 'undefined') ? [] : ameliaShortcodeDataTriggered;\n  if (ameliaShortcodeData[ameliaShortcodeData.length - 1].trigger !== '') {\n    if (ameliaShortcodeDataTriggered.filter(a => a.counter === ameliaShortcodeData[ameliaShortcodeData.length - 1].counter).length === 0) {\n      ameliaShortcodeDataTriggered.push(ameliaShortcodeData.pop());\n    } else {\n      ameliaShortcodeData.pop()\n    }\n  }\n  if (typeof hasAmeliaEntitiesApiCall !== 'undefined' && hasAmeliaEntitiesApiCall) {\n    hasAmeliaEntitiesApiCall = false;\n  }\n<\/script>\n\n<div\n  id=\"amelia-v2-booking-1000\"\n  class=\"amelia-v2-booking\"\n >\n    <step-form-wrapper><\/step-form-wrapper><\/div>\n<\/div>\n","protected":false},"excerpt":{"rendered":"<p>D\u00e9pose vernis semi-permanent \u00e0 Paris en toute s\u00e9curit\u00e9, sans ab\u00eemer vos ongles, pour une pr\u00e9paration id\u00e9ale \u00e0 une nouvelle manucure.<\/p>","protected":false},"featured_media":1735,"comment_status":"open","ping_status":"closed","template":"","meta":{"_monsterinsights_skip_tracking":false,"_monsterinsights_sitenote_active":false,"_monsterinsights_sitenote_note":"","_monsterinsights_sitenote_category":0,"_joinchat":[]},"product_brand":[],"product_cat":[61],"product_tag":[],"giftcard-category":[],"class_list":{"0":"post-1271","1":"product","2":"type-product","3":"status-publish","4":"has-post-thumbnail","6":"product_cat-onglerie","7":"latest_post","9":"first","10":"instock","11":"virtual","12":"taxable","13":"purchasable","14":"product-type-simple"},"jetpack_sharing_enabled":true,"_links":{"self":[{"href":"https:\/\/spavendome.fr\/en\/wp-json\/wp\/v2\/product\/1271","targetHints":{"allow":["GET"]}}],"collection":[{"href":"https:\/\/spavendome.fr\/en\/wp-json\/wp\/v2\/product"}],"about":[{"href":"https:\/\/spavendome.fr\/en\/wp-json\/wp\/v2\/types\/product"}],"replies":[{"embeddable":true,"href":"https:\/\/spavendome.fr\/en\/wp-json\/wp\/v2\/comments?post=1271"}],"wp:featuredmedia":[{"embeddable":true,"href":"https:\/\/spavendome.fr\/en\/wp-json\/wp\/v2\/media\/1735"}],"wp:attachment":[{"href":"https:\/\/spavendome.fr\/en\/wp-json\/wp\/v2\/media?parent=1271"}],"wp:term":[{"taxonomy":"product_brand","embeddable":true,"href":"https:\/\/spavendome.fr\/en\/wp-json\/wp\/v2\/product_brand?post=1271"},{"taxonomy":"product_cat","embeddable":true,"href":"https:\/\/spavendome.fr\/en\/wp-json\/wp\/v2\/product_cat?post=1271"},{"taxonomy":"product_tag","embeddable":true,"href":"https:\/\/spavendome.fr\/en\/wp-json\/wp\/v2\/product_tag?post=1271"},{"taxonomy":"giftcard-category","embeddable":true,"href":"https:\/\/spavendome.fr\/en\/wp-json\/wp\/v2\/giftcard-category?post=1271"}],"curies":[{"name":"wp","href":"https:\/\/api.w.org\/{rel}","templated":true}]}}