{"id":1269,"date":"2025-10-01T09:32:08","date_gmt":"2025-10-01T09:32:08","guid":{"rendered":"https:\/\/www.luno3284.odns.fr\/?post_type=product&#038;p=1269"},"modified":"2025-11-22T23:48:40","modified_gmt":"2025-11-22T22:48:40","slug":"pose-vernis-classique","status":"publish","type":"product","link":"https:\/\/spavendome.fr\/en\/service\/pose-vernis-classique\/","title":{"rendered":"Pose Vernis Classique \u2013 \u00c9l\u00e9gance &#038; Simplicit\u00e9 \u00e0 Paris"},"content":{"rendered":"<h2>Pose Vernis Classique \u00e0 Paris \u2013 \u00c9l\u00e9gance Naturelle et Finition Parfaite<\/h2>\n<p>La <strong>Pose de Vernis Classique<\/strong> est le geste beaut\u00e9 incontournable pour des ongles impeccables au quotidien. R\u00e9alis\u00e9e avec soin par nos expertes, cette prestation met en valeur vos mains ou vos pieds gr\u00e2ce \u00e0 une application pr\u00e9cise et une finition brillante et uniforme.<\/p>\n<h3>Pour qui ?<\/h3>\n<p>Ce soin est id\u00e9al pour :<\/p>\n<ul>\n<li>Celles et ceux qui souhaitent des ongles soign\u00e9s et \u00e9l\u00e9gants<\/li>\n<li>Apporter une touche de couleur naturelle ou sophistiqu\u00e9e<\/li>\n<li>Compl\u00e9ter une manucure ou p\u00e9dicure classique<\/li>\n<li>Profiter d\u2019un moment de d\u00e9tente tout en sublimant ses ongles<\/li>\n<\/ul>\n<h3>D\u00e9roulement du soin<\/h3>\n<p>La prestation comprend la <strong>pr\u00e9paration des ongles<\/strong> (limage et nettoyage), suivie de l\u2019application d\u2019une <strong>base protectrice<\/strong>, d\u2019un <strong>vernis de la couleur de votre choix<\/strong> et d\u2019un <strong>top coat<\/strong> pour une brillance et une tenue optimales. Le tout r\u00e9alis\u00e9 avec pr\u00e9cision pour un rendu lisse et \u00e9clatant.<\/p>\n<h3>Les bienfaits<\/h3>\n<ul>\n<li>Ongles color\u00e9s et brillants<\/li>\n<li>Finition propre et homog\u00e8ne<\/li>\n<li>Protection de la surface de l\u2019ongle<\/li>\n<li>Look \u00e9l\u00e9gant et soign\u00e9<\/li>\n<\/ul>\n<h3>\u00c0 combiner avec<\/h3>\n<p>La <strong>Pose de Vernis Classique<\/strong> s\u2019associe parfaitement avec une <strong>manucure ou p\u00e9dicure classique<\/strong> pour un r\u00e9sultat impeccable et durable.<\/p>\n<p>Offrez \u00e0 vos ongles une touche de raffinement avec notre <strong>Pose de Vernis Classique \u00e0 Paris<\/strong> \u2014 simplicit\u00e9, \u00e9l\u00e9gance et brillance au bout des doigts.<\/p>\n<div id=\"amelia-cal-207\" style=\"display: none; margin-top: 24px;\">\n<script>\n  if (typeof hasAmeliaEntitiesApiCall === 'undefined' && ('' === '' && '' !== '1')) {\n    var hasAmeliaEntitiesApiCall = true;\n  }\n  var ameliaShortcodeData = (typeof ameliaShortcodeData === 'undefined') ? [] : ameliaShortcodeData;\n  ameliaShortcodeData.push(\n    {\n      'hasApiCall': (typeof hasAmeliaEntitiesApiCall !== 'undefined') && hasAmeliaEntitiesApiCall,\n      'trigger': '',\n      'trigger_type': '',\n      'triggered_form': 'sbsNew',\n      'in_dialog': '',\n      'show': 'services',\n      'counter': '1000',\n      'category': '',\n      'service': '207',\n      'employee': '2',\n      'location': '',\n      'package': '',\n      'layout': '1',\n    }\n  );\n\n  var ameliaShortcodeDataTriggered = (typeof ameliaShortcodeDataTriggered === 'undefined') ? [] : ameliaShortcodeDataTriggered;\n  if (ameliaShortcodeData[ameliaShortcodeData.length - 1].trigger !== '') {\n    if (ameliaShortcodeDataTriggered.filter(a => a.counter === ameliaShortcodeData[ameliaShortcodeData.length - 1].counter).length === 0) {\n      ameliaShortcodeDataTriggered.push(ameliaShortcodeData.pop());\n    } else {\n      ameliaShortcodeData.pop()\n    }\n  }\n  if (typeof hasAmeliaEntitiesApiCall !== 'undefined' && hasAmeliaEntitiesApiCall) {\n    hasAmeliaEntitiesApiCall = false;\n  }\n<\/script>\n\n<div\n  id=\"amelia-v2-booking-1000\"\n  class=\"amelia-v2-booking\"\n >\n    <step-form-wrapper><\/step-form-wrapper><\/div>\n<\/div>\n","protected":false},"excerpt":{"rendered":"<p data-start=\"511\" data-end=\"657\">Offrez-vous une pose vernis classique \u00e0 Paris : des ongles soign\u00e9s, brillants et \u00e9l\u00e9gants gr\u00e2ce \u00e0 une application professionnelle et pr\u00e9cise.<\/p>","protected":false},"featured_media":1619,"comment_status":"open","ping_status":"closed","template":"","meta":{"_monsterinsights_skip_tracking":false,"_monsterinsights_sitenote_active":false,"_monsterinsights_sitenote_note":"","_monsterinsights_sitenote_category":0,"_joinchat":[]},"product_brand":[],"product_cat":[61],"product_tag":[],"giftcard-category":[],"class_list":{"0":"post-1269","1":"product","2":"type-product","3":"status-publish","4":"has-post-thumbnail","6":"product_cat-onglerie","7":"latest_post","9":"first","10":"instock","11":"virtual","12":"taxable","13":"purchasable","14":"product-type-simple"},"jetpack_sharing_enabled":true,"_links":{"self":[{"href":"https:\/\/spavendome.fr\/en\/wp-json\/wp\/v2\/product\/1269","targetHints":{"allow":["GET"]}}],"collection":[{"href":"https:\/\/spavendome.fr\/en\/wp-json\/wp\/v2\/product"}],"about":[{"href":"https:\/\/spavendome.fr\/en\/wp-json\/wp\/v2\/types\/product"}],"replies":[{"embeddable":true,"href":"https:\/\/spavendome.fr\/en\/wp-json\/wp\/v2\/comments?post=1269"}],"wp:featuredmedia":[{"embeddable":true,"href":"https:\/\/spavendome.fr\/en\/wp-json\/wp\/v2\/media\/1619"}],"wp:attachment":[{"href":"https:\/\/spavendome.fr\/en\/wp-json\/wp\/v2\/media?parent=1269"}],"wp:term":[{"taxonomy":"product_brand","embeddable":true,"href":"https:\/\/spavendome.fr\/en\/wp-json\/wp\/v2\/product_brand?post=1269"},{"taxonomy":"product_cat","embeddable":true,"href":"https:\/\/spavendome.fr\/en\/wp-json\/wp\/v2\/product_cat?post=1269"},{"taxonomy":"product_tag","embeddable":true,"href":"https:\/\/spavendome.fr\/en\/wp-json\/wp\/v2\/product_tag?post=1269"},{"taxonomy":"giftcard-category","embeddable":true,"href":"https:\/\/spavendome.fr\/en\/wp-json\/wp\/v2\/giftcard-category?post=1269"}],"curies":[{"name":"wp","href":"https:\/\/api.w.org\/{rel}","templated":true}]}}