{"id":1268,"date":"2025-10-01T09:31:11","date_gmt":"2025-10-01T09:31:11","guid":{"rendered":"https:\/\/www.luno3284.odns.fr\/?post_type=product&#038;p=1268"},"modified":"2025-11-22T23:48:40","modified_gmt":"2025-11-22T22:48:40","slug":"evasion-main-sublime","status":"publish","type":"product","link":"https:\/\/spavendome.fr\/en\/service\/evasion-main-sublime\/","title":{"rendered":"\u00c9vasion Main Sublime \u2013 Soin Complet des Mains \u00e0 Paris"},"content":{"rendered":"<h2>\u00c9vasion Main Sublime \u2013 Soin Complet des Mains \u00e0 Paris<\/h2>\n<p>Offrez \u00e0 vos mains une v\u00e9ritable <strong>exp\u00e9rience de soin luxueuse<\/strong> avec notre rituel <strong>\u00c9vasion Main Sublime<\/strong>. Chaque \u00e9tape est con\u00e7ue pour nourrir, revitaliser et sublimer vos mains.<\/p>\n<h3>D\u00e9roulement du soin<\/h3>\n<ul>\n<li><strong>Gommage d\u00e9licat :<\/strong> \u00c9limine les impuret\u00e9s et adoucit la peau.<\/li>\n<li><strong>Masque nourrissant :<\/strong> Hydrate intens\u00e9ment et revitalise les mains.<\/li>\n<li><strong>Manucure russe :<\/strong> Nettoyage en profondeur des ongles et cuticules, mise en forme parfaite.<\/li>\n<li><strong>Soin \u00e0 la paraffine chaude :<\/strong> Apaise et prot\u00e8ge la peau en profondeur.<\/li>\n<li><strong>Modelage relaxant :<\/strong> Cr\u00e8me hydratante enveloppante pour une douceur incomparable.<\/li>\n<\/ul>\n<h3>Bienfaits<\/h3>\n<ul>\n<li>Mains parfaitement hydrat\u00e9es et adoucies<\/li>\n<li>Ongles et cuticules soign\u00e9s et impeccables<\/li>\n<li>Peau revitalis\u00e9e et prot\u00e9g\u00e9e<\/li>\n<li>Sensation de confort et relaxation totale<\/li>\n<li>Aspect lisse et \u00e9clatant, pr\u00eat \u00e0 rayonner<\/li>\n<\/ul>\n<h3>Pourquoi choisir ce soin ?<\/h3>\n<p>Le <strong>soin \u00c9vasion Main Sublime<\/strong> est id\u00e9al pour toutes celles et ceux qui souhaitent offrir \u00e0 leurs mains un rituel complet et luxueux. Parfait pour un moment de d\u00e9tente, une pr\u00e9paration \u00e0 un \u00e9v\u00e9nement ou simplement pour chouchouter vos mains au quotidien \u00e0 Paris.<\/p>\n<div id=\"amelia-cal-200\" style=\"display: none; margin-top: 24px;\">\n<script>\n  if (typeof hasAmeliaEntitiesApiCall === 'undefined' && ('' === '' && '' !== '1')) {\n    var hasAmeliaEntitiesApiCall = true;\n  }\n  var ameliaShortcodeData = (typeof ameliaShortcodeData === 'undefined') ? [] : ameliaShortcodeData;\n  ameliaShortcodeData.push(\n    {\n      'hasApiCall': (typeof hasAmeliaEntitiesApiCall !== 'undefined') && hasAmeliaEntitiesApiCall,\n      'trigger': '',\n      'trigger_type': '',\n      'triggered_form': 'sbsNew',\n      'in_dialog': '',\n      'show': 'services',\n      'counter': '1000',\n      'category': '',\n      'service': '200',\n      'employee': '2',\n      'location': '',\n      'package': '',\n      'layout': '1',\n    }\n  );\n\n  var ameliaShortcodeDataTriggered = (typeof ameliaShortcodeDataTriggered === 'undefined') ? [] : ameliaShortcodeDataTriggered;\n  if (ameliaShortcodeData[ameliaShortcodeData.length - 1].trigger !== '') {\n    if (ameliaShortcodeDataTriggered.filter(a => a.counter === ameliaShortcodeData[ameliaShortcodeData.length - 1].counter).length === 0) {\n      ameliaShortcodeDataTriggered.push(ameliaShortcodeData.pop());\n    } else {\n      ameliaShortcodeData.pop()\n    }\n  }\n  if (typeof hasAmeliaEntitiesApiCall !== 'undefined' && hasAmeliaEntitiesApiCall) {\n    hasAmeliaEntitiesApiCall = false;\n  }\n<\/script>\n\n<div\n  id=\"amelia-v2-booking-1000\"\n  class=\"amelia-v2-booking\"\n >\n    <step-form-wrapper><\/step-form-wrapper><\/div>\n<\/div>\n","protected":false},"excerpt":{"rendered":"<p data-start=\"636\" data-end=\"847\">Le soin <strong data-start=\"644\" data-end=\"668\">\u00c9vasion Main Sublime<\/strong> est un rituel complet pour des mains impeccables et hydrat\u00e9es.<\/p>\n<p data-start=\"636\" data-end=\"847\">Tout est pens\u00e9 pour la beaut\u00e9 et le confort de vos mains.<\/p>","protected":false},"featured_media":1547,"comment_status":"open","ping_status":"closed","template":"","meta":{"_monsterinsights_skip_tracking":false,"_monsterinsights_sitenote_active":false,"_monsterinsights_sitenote_note":"","_monsterinsights_sitenote_category":0,"_joinchat":[]},"product_brand":[],"product_cat":[61],"product_tag":[],"giftcard-category":[],"class_list":{"0":"post-1268","1":"product","2":"type-product","3":"status-publish","4":"has-post-thumbnail","6":"product_cat-onglerie","7":"latest_post","9":"first","10":"instock","11":"virtual","12":"taxable","13":"purchasable","14":"product-type-simple"},"jetpack_sharing_enabled":true,"_links":{"self":[{"href":"https:\/\/spavendome.fr\/en\/wp-json\/wp\/v2\/product\/1268","targetHints":{"allow":["GET"]}}],"collection":[{"href":"https:\/\/spavendome.fr\/en\/wp-json\/wp\/v2\/product"}],"about":[{"href":"https:\/\/spavendome.fr\/en\/wp-json\/wp\/v2\/types\/product"}],"replies":[{"embeddable":true,"href":"https:\/\/spavendome.fr\/en\/wp-json\/wp\/v2\/comments?post=1268"}],"wp:featuredmedia":[{"embeddable":true,"href":"https:\/\/spavendome.fr\/en\/wp-json\/wp\/v2\/media\/1547"}],"wp:attachment":[{"href":"https:\/\/spavendome.fr\/en\/wp-json\/wp\/v2\/media?parent=1268"}],"wp:term":[{"taxonomy":"product_brand","embeddable":true,"href":"https:\/\/spavendome.fr\/en\/wp-json\/wp\/v2\/product_brand?post=1268"},{"taxonomy":"product_cat","embeddable":true,"href":"https:\/\/spavendome.fr\/en\/wp-json\/wp\/v2\/product_cat?post=1268"},{"taxonomy":"product_tag","embeddable":true,"href":"https:\/\/spavendome.fr\/en\/wp-json\/wp\/v2\/product_tag?post=1268"},{"taxonomy":"giftcard-category","embeddable":true,"href":"https:\/\/spavendome.fr\/en\/wp-json\/wp\/v2\/giftcard-category?post=1268"}],"curies":[{"name":"wp","href":"https:\/\/api.w.org\/{rel}","templated":true}]}}