{"id":1266,"date":"2025-10-01T09:29:36","date_gmt":"2025-10-01T09:29:36","guid":{"rendered":"https:\/\/www.luno3284.odns.fr\/?post_type=product&#038;p=1266"},"modified":"2025-11-22T23:48:41","modified_gmt":"2025-11-22T22:48:41","slug":"manucure-classique","status":"publish","type":"product","link":"https:\/\/spavendome.fr\/en\/service\/manucure-classique\/","title":{"rendered":"Manucure Classique \u2013 Mains Sublim\u00e9es \u00e0 Paris"},"content":{"rendered":"<h2>Manucure Classique \u00e0 Paris \u2013 Des Mains Soign\u00e9es et \u00c9l\u00e9gantes<\/h2>\n<p>Offrez \u00e0 vos mains un soin complet avec notre <strong>Manucure Classique<\/strong>. Ce soin essentiel prend soin de vos ongles et cuticules tout en hydratant intens\u00e9ment vos mains, pour un rendu doux, lisse et \u00e9l\u00e9gant.<\/p>\n<h3>Pour qui ?<\/h3>\n<p>La manucure classique est id\u00e9ale pour :<\/p>\n<ul>\n<li>Entretenir la beaut\u00e9 naturelle des ongles<\/li>\n<li>Renforcer et prot\u00e9ger les ongles fragiles<\/li>\n<li>Pr\u00e9venir les cuticules s\u00e8ches ou ab\u00eem\u00e9es<\/li>\n<li>Profiter de mains douces et impeccables au quotidien<\/li>\n<\/ul>\n<h3>Technique<\/h3>\n<p>Le soin commence par un <strong>nettoyage et limage des ongles<\/strong>, suivi de l\u2019entretien des cuticules et d\u2019un massage hydratant des mains. Cette routine simple mais efficace sublime vos mains tout en respectant la sant\u00e9 naturelle des ongles.<\/p>\n<h3>Bienfaits<\/h3>\n<ul>\n<li>Ongles naturels entretenus et renforc\u00e9s<\/li>\n<li>Cuticules soign\u00e9es et prot\u00e9g\u00e9es<\/li>\n<li>Mains douces, hydrat\u00e9es et \u00e9l\u00e9gantes<\/li>\n<li>Aspect naturel et soign\u00e9 des ongles<\/li>\n<\/ul>\n<h3>Pr\u00e9cautions<\/h3>\n<ul>\n<li>\u00c9viter tout choc ou produit agressif sur les ongles juste apr\u00e8s le soin<\/li>\n<li>Hydrater r\u00e9guli\u00e8rement les mains pour prolonger les bienfaits<\/li>\n<\/ul>\n<p>Offrez \u00e0 vos mains un moment de douceur et d\u2019\u00e9l\u00e9gance avec notre <strong>Manucure Classique \u00e0 Paris<\/strong>, pour des ongles en pleine sant\u00e9 et des mains sublim\u00e9es.<\/p>\n<div id=\"amelia-cal-204\" style=\"display: none; margin-top: 24px;\">\n<script>\n  if (typeof hasAmeliaEntitiesApiCall === 'undefined' && ('' === '' && '' !== '1')) {\n    var hasAmeliaEntitiesApiCall = true;\n  }\n  var ameliaShortcodeData = (typeof ameliaShortcodeData === 'undefined') ? [] : ameliaShortcodeData;\n  ameliaShortcodeData.push(\n    {\n      'hasApiCall': (typeof hasAmeliaEntitiesApiCall !== 'undefined') && hasAmeliaEntitiesApiCall,\n      'trigger': '',\n      'trigger_type': '',\n      'triggered_form': 'sbsNew',\n      'in_dialog': '',\n      'show': 'services',\n      'counter': '1000',\n      'category': '',\n      'service': '204',\n      'employee': '2',\n      'location': '',\n      'package': '',\n      'layout': '1',\n    }\n  );\n\n  var ameliaShortcodeDataTriggered = (typeof ameliaShortcodeDataTriggered === 'undefined') ? [] : ameliaShortcodeDataTriggered;\n  if (ameliaShortcodeData[ameliaShortcodeData.length - 1].trigger !== '') {\n    if (ameliaShortcodeDataTriggered.filter(a => a.counter === ameliaShortcodeData[ameliaShortcodeData.length - 1].counter).length === 0) {\n      ameliaShortcodeDataTriggered.push(ameliaShortcodeData.pop());\n    } else {\n      ameliaShortcodeData.pop()\n    }\n  }\n  if (typeof hasAmeliaEntitiesApiCall !== 'undefined' && hasAmeliaEntitiesApiCall) {\n    hasAmeliaEntitiesApiCall = false;\n  }\n<\/script>\n\n<div\n  id=\"amelia-v2-booking-1000\"\n  class=\"amelia-v2-booking\"\n >\n    <step-form-wrapper><\/step-form-wrapper><\/div>\n<\/div>\n","protected":false},"excerpt":{"rendered":"<p data-start=\"512\" data-end=\"650\">Sublimez vos mains avec notre Manucure Classique \u00e0 Paris : soin des ongles, cuticules et hydratation pour des mains douces et \u00e9l\u00e9gantes.<\/p>","protected":false},"featured_media":1620,"comment_status":"open","ping_status":"closed","template":"","meta":{"_monsterinsights_skip_tracking":false,"_monsterinsights_sitenote_active":false,"_monsterinsights_sitenote_note":"","_monsterinsights_sitenote_category":0,"_joinchat":[]},"product_brand":[],"product_cat":[61],"product_tag":[],"giftcard-category":[],"class_list":{"0":"post-1266","1":"product","2":"type-product","3":"status-publish","4":"has-post-thumbnail","6":"product_cat-onglerie","7":"latest_post","9":"first","10":"instock","11":"virtual","12":"taxable","13":"purchasable","14":"product-type-simple"},"jetpack_sharing_enabled":true,"_links":{"self":[{"href":"https:\/\/spavendome.fr\/en\/wp-json\/wp\/v2\/product\/1266","targetHints":{"allow":["GET"]}}],"collection":[{"href":"https:\/\/spavendome.fr\/en\/wp-json\/wp\/v2\/product"}],"about":[{"href":"https:\/\/spavendome.fr\/en\/wp-json\/wp\/v2\/types\/product"}],"replies":[{"embeddable":true,"href":"https:\/\/spavendome.fr\/en\/wp-json\/wp\/v2\/comments?post=1266"}],"wp:featuredmedia":[{"embeddable":true,"href":"https:\/\/spavendome.fr\/en\/wp-json\/wp\/v2\/media\/1620"}],"wp:attachment":[{"href":"https:\/\/spavendome.fr\/en\/wp-json\/wp\/v2\/media?parent=1266"}],"wp:term":[{"taxonomy":"product_brand","embeddable":true,"href":"https:\/\/spavendome.fr\/en\/wp-json\/wp\/v2\/product_brand?post=1266"},{"taxonomy":"product_cat","embeddable":true,"href":"https:\/\/spavendome.fr\/en\/wp-json\/wp\/v2\/product_cat?post=1266"},{"taxonomy":"product_tag","embeddable":true,"href":"https:\/\/spavendome.fr\/en\/wp-json\/wp\/v2\/product_tag?post=1266"},{"taxonomy":"giftcard-category","embeddable":true,"href":"https:\/\/spavendome.fr\/en\/wp-json\/wp\/v2\/giftcard-category?post=1266"}],"curies":[{"name":"wp","href":"https:\/\/api.w.org\/{rel}","templated":true}]}}