{"id":1265,"date":"2025-10-01T09:27:27","date_gmt":"2025-10-01T09:27:27","guid":{"rendered":"https:\/\/www.luno3284.odns.fr\/?post_type=product&#038;p=1265"},"modified":"2025-11-22T23:48:41","modified_gmt":"2025-11-22T22:48:41","slug":"pack-epilation-complete","status":"publish","type":"product","link":"https:\/\/spavendome.fr\/en\/service\/pack-epilation-complete\/","title":{"rendered":"Complete Hair Removal Pack in Paris"},"content":{"rendered":"<h2>Pack \u00c9pilation Compl\u00e8te \u2013 Visage, Aisselles, Maillot Int\u00e9gral, Bras Complet, Jambes Compl\u00e8tes \u00e0 Paris<\/h2>\n<p>Offrez-vous une peau parfaitement nette avec notre <strong>Pack \u00c9pilation Compl\u00e8te<\/strong>, qui comprend le visage, les aisselles, le maillot int\u00e9gral, les bras complets et les jambes compl\u00e8tes. R\u00e9alis\u00e9e avec pr\u00e9cision et douceur, cette prestation garantit un r\u00e9sultat homog\u00e8ne et durable, tout en respectant la sensibilit\u00e9 de la peau.<\/p>\n<h3>Les bienfaits de ce pack \u00e9pilation<\/h3>\n<ul>\n<li>Peau douce, lisse et parfaitement \u00e9pil\u00e9e<\/li>\n<li>R\u00e9sultats durables et confortables<\/li>\n<li>Respect de tous les types de peau<\/li>\n<li>Finition uniforme et agr\u00e9able au toucher<\/li>\n<li>Sensation de fra\u00eecheur longue dur\u00e9e<\/li>\n<\/ul>\n<h3>Zones incluses dans le pack<\/h3>\n<ul>\n<li><strong>Visage :<\/strong> \u00e9pilation pr\u00e9cise pour un teint net et lumineux<\/li>\n<li><strong>Aisselles :<\/strong> soin doux et efficace pour une peau impeccable<\/li>\n<li><strong>Maillot int\u00e9gral :<\/strong> \u00e9pilation compl\u00e8te et raffin\u00e9e<\/li>\n<li><strong>Bras complets :<\/strong> \u00e9pilation homog\u00e8ne et confortable<\/li>\n<li><strong>Jambes compl\u00e8tes :<\/strong> des cuisses aux chevilles pour une peau lisse et uniforme<\/li>\n<\/ul>\n<h3>Pourquoi choisir ce soin ?<\/h3>\n<p>Ce pack est parfait pour celles et ceux qui souhaitent une \u00e9pilation int\u00e9grale en une seule s\u00e9ance. Nos esth\u00e9ticiennes utilisent des techniques pr\u00e9cises et d\u00e9licates pour garantir confort, hygi\u00e8ne et r\u00e9sultat impeccable sur toutes les zones trait\u00e9es.<\/p>\n<p>Profitez d\u2019un moment de bien-\u00eatre avec notre <strong>Pack \u00c9pilation Compl\u00e8te \u00e0 Paris<\/strong>, pour une peau douce, lisse et parfaitement \u00e9pil\u00e9e de la t\u00eate aux pieds.<\/p>\n<div id=\"amelia-cal-pack-20\" style=\"display: none; margin-top: 24px;\">\n<script>\n  if (typeof hasAmeliaEntitiesApiCall === 'undefined' && ('' === '' && '' !== '1')) {\n    var hasAmeliaEntitiesApiCall = true;\n  }\n  var ameliaShortcodeData = (typeof ameliaShortcodeData === 'undefined') ? [] : ameliaShortcodeData;\n  ameliaShortcodeData.push(\n    {\n      'hasApiCall': (typeof hasAmeliaEntitiesApiCall !== 'undefined') && hasAmeliaEntitiesApiCall,\n      'trigger': '',\n      'trigger_type': '',\n      'triggered_form': 'sbsNew',\n      'in_dialog': '',\n      'show': 'packages',\n      'counter': '1000',\n      'category': '',\n      'service': '',\n      'employee': '2',\n      'location': '',\n      'package': '20',\n      'layout': '1',\n    }\n  );\n\n  var ameliaShortcodeDataTriggered = (typeof ameliaShortcodeDataTriggered === 'undefined') ? [] : ameliaShortcodeDataTriggered;\n  if (ameliaShortcodeData[ameliaShortcodeData.length - 1].trigger !== '') {\n    if (ameliaShortcodeDataTriggered.filter(a => a.counter === ameliaShortcodeData[ameliaShortcodeData.length - 1].counter).length === 0) {\n      ameliaShortcodeDataTriggered.push(ameliaShortcodeData.pop());\n    } else {\n      ameliaShortcodeData.pop()\n    }\n  }\n  if (typeof hasAmeliaEntitiesApiCall !== 'undefined' && hasAmeliaEntitiesApiCall) {\n    hasAmeliaEntitiesApiCall = false;\n  }\n<\/script>\n\n<div\n  id=\"amelia-v2-booking-1000\"\n  class=\"amelia-v2-booking\"\n >\n    <step-form-wrapper><\/step-form-wrapper><\/div>\n<\/div>\n","protected":false},"excerpt":{"rendered":"<p>Pack \u00c9pilation Compl\u00e8te \u2013 Visage, Aisselles, Maillot Int\u00e9gral, Bras Complet, Jambes Compl\u00e8tes \u00e0 Paris Offrez-vous une peau parfaitement nette avec notre Pack \u00c9pilation Compl\u00e8te, qui comprend le visage, les aisselles, &hellip; <\/p>","protected":false},"featured_media":1621,"comment_status":"open","ping_status":"closed","template":"","meta":{"_monsterinsights_skip_tracking":false,"_monsterinsights_sitenote_active":false,"_monsterinsights_sitenote_note":"","_monsterinsights_sitenote_category":0,"_joinchat":[]},"product_brand":[],"product_cat":[69,89],"product_tag":[],"giftcard-category":[],"class_list":{"0":"post-1265","1":"product","2":"type-product","3":"status-publish","4":"has-post-thumbnail","6":"product_cat-packs-epilations","7":"product_cat-promo-de-la-semaine","8":"latest_post","10":"first","11":"instock","12":"sale","13":"virtual","14":"taxable","15":"purchasable","16":"product-type-simple"},"jetpack_sharing_enabled":true,"_links":{"self":[{"href":"https:\/\/spavendome.fr\/en\/wp-json\/wp\/v2\/product\/1265","targetHints":{"allow":["GET"]}}],"collection":[{"href":"https:\/\/spavendome.fr\/en\/wp-json\/wp\/v2\/product"}],"about":[{"href":"https:\/\/spavendome.fr\/en\/wp-json\/wp\/v2\/types\/product"}],"replies":[{"embeddable":true,"href":"https:\/\/spavendome.fr\/en\/wp-json\/wp\/v2\/comments?post=1265"}],"wp:featuredmedia":[{"embeddable":true,"href":"https:\/\/spavendome.fr\/en\/wp-json\/wp\/v2\/media\/1621"}],"wp:attachment":[{"href":"https:\/\/spavendome.fr\/en\/wp-json\/wp\/v2\/media?parent=1265"}],"wp:term":[{"taxonomy":"product_brand","embeddable":true,"href":"https:\/\/spavendome.fr\/en\/wp-json\/wp\/v2\/product_brand?post=1265"},{"taxonomy":"product_cat","embeddable":true,"href":"https:\/\/spavendome.fr\/en\/wp-json\/wp\/v2\/product_cat?post=1265"},{"taxonomy":"product_tag","embeddable":true,"href":"https:\/\/spavendome.fr\/en\/wp-json\/wp\/v2\/product_tag?post=1265"},{"taxonomy":"giftcard-category","embeddable":true,"href":"https:\/\/spavendome.fr\/en\/wp-json\/wp\/v2\/giftcard-category?post=1265"}],"curies":[{"name":"wp","href":"https:\/\/api.w.org\/{rel}","templated":true}]}}