{"id":1262,"date":"2025-10-01T09:23:12","date_gmt":"2025-10-01T09:23:12","guid":{"rendered":"https:\/\/www.luno3284.odns.fr\/?post_type=product&#038;p=1262"},"modified":"2025-11-22T23:48:42","modified_gmt":"2025-11-22T22:48:42","slug":"pack-epilations-1","status":"publish","type":"product","link":"https:\/\/spavendome.fr\/en\/service\/pack-epilations-1\/","title":{"rendered":"Pack \u00c9pilations Aisselles \/ Demi-Jambes \/ Maillot Int\u00e9gral \u00e0 Paris"},"content":{"rendered":"<h2>Pack \u00c9pilations Aisselles \/ Demi-Jambes \/ Maillot Int\u00e9gral \u00e0 Paris<\/h2>\n<p>Offrez \u00e0 votre peau un soin complet avec notre <strong>pack d\u2019\u00e9pilations<\/strong> incluant les zones cl\u00e9s : <strong>aisselles, demi-jambes et maillot int\u00e9gral<\/strong>. Gr\u00e2ce \u00e0 une cire douce et professionnelle, chaque zone est trait\u00e9e avec pr\u00e9cision, pour un r\u00e9sultat uniforme, lisse et confortable.<\/p>\n<h3>Les bienfaits de ce pack \u00e9pilation<\/h3>\n<ul>\n<li>Peau parfaitement lisse et homog\u00e8ne<\/li>\n<li>R\u00e9sultats durables, m\u00eame sur peaux sensibles<\/li>\n<li>Soin respectueux de la sensibilit\u00e9 cutan\u00e9e<\/li>\n<li>Ralentissement progressif de la repousse au fil des s\u00e9ances<\/li>\n<li>Sensation imm\u00e9diate de fra\u00eecheur et de l\u00e9g\u00e8ret\u00e9<\/li>\n<\/ul>\n<h3>Zones incluses dans le pack<\/h3>\n<ul>\n<li><strong>Aisselles :<\/strong> \u00e9pilation pr\u00e9cise pour une peau nette et douce<\/li>\n<li><strong>Demi-jambes :<\/strong> traitement complet pour un toucher soyeux<\/li>\n<li><strong>Maillot int\u00e9gral :<\/strong> \u00e9pilation compl\u00e8te et confortable pour un rendu \u00e9l\u00e9gant et propre<\/li>\n<\/ul>\n<h3>Pourquoi choisir ce soin ?<\/h3>\n<p>Ce pack est id\u00e9al pour celles qui souhaitent un <strong>r\u00e9sultat professionnel et durable<\/strong> sur les zones essentielles du corps. Nos esth\u00e9ticiennes pratiquent une \u00e9pilation douce, rapide et efficace, assurant confort et s\u00e9curit\u00e9, m\u00eame pour les peaux les plus sensibles.<\/p>\n<p>Profitez d\u2019un moment de beaut\u00e9 et de bien-\u00eatre avec notre <strong>Pack \u00c9pilations Aisselles \/ Demi-Jambes \/ Maillot Int\u00e9gral \u00e0 Paris<\/strong>, pour une peau douce, nette et parfaitement \u00e9pil\u00e9e.<\/p>\n<div id=\"amelia-cal-pack-17\" style=\"display: none; margin-top: 24px;\">\n<script>\n  if (typeof hasAmeliaEntitiesApiCall === 'undefined' && ('' === '' && '' !== '1')) {\n    var hasAmeliaEntitiesApiCall = true;\n  }\n  var ameliaShortcodeData = (typeof ameliaShortcodeData === 'undefined') ? [] : ameliaShortcodeData;\n  ameliaShortcodeData.push(\n    {\n      'hasApiCall': (typeof hasAmeliaEntitiesApiCall !== 'undefined') && hasAmeliaEntitiesApiCall,\n      'trigger': '',\n      'trigger_type': '',\n      'triggered_form': 'sbsNew',\n      'in_dialog': '',\n      'show': 'packages',\n      'counter': '1000',\n      'category': '',\n      'service': '',\n      'employee': '2',\n      'location': '',\n      'package': '17',\n      'layout': '1',\n    }\n  );\n\n  var ameliaShortcodeDataTriggered = (typeof ameliaShortcodeDataTriggered === 'undefined') ? [] : ameliaShortcodeDataTriggered;\n  if (ameliaShortcodeData[ameliaShortcodeData.length - 1].trigger !== '') {\n    if (ameliaShortcodeDataTriggered.filter(a => a.counter === ameliaShortcodeData[ameliaShortcodeData.length - 1].counter).length === 0) {\n      ameliaShortcodeDataTriggered.push(ameliaShortcodeData.pop());\n    } else {\n      ameliaShortcodeData.pop()\n    }\n  }\n  if (typeof hasAmeliaEntitiesApiCall !== 'undefined' && hasAmeliaEntitiesApiCall) {\n    hasAmeliaEntitiesApiCall = false;\n  }\n<\/script>\n\n<div\n  id=\"amelia-v2-booking-1000\"\n  class=\"amelia-v2-booking\"\n >\n    <step-form-wrapper><\/step-form-wrapper><\/div>\n<\/div>\n","protected":false},"excerpt":{"rendered":"<p data-start=\"578\" data-end=\"728\">Pack \u00e9pilations complet \u00e0 Paris : aisselles, demi-jambes et maillot int\u00e9gral. Peau douce, lisse et uniforme, avec un r\u00e9sultat durable et confortable.<\/p>","protected":false},"featured_media":1623,"comment_status":"open","ping_status":"closed","template":"","meta":{"_monsterinsights_skip_tracking":false,"_monsterinsights_sitenote_active":false,"_monsterinsights_sitenote_note":"","_monsterinsights_sitenote_category":0,"_joinchat":[]},"product_brand":[],"product_cat":[69],"product_tag":[],"giftcard-category":[],"class_list":{"0":"post-1262","1":"product","2":"type-product","3":"status-publish","4":"has-post-thumbnail","6":"product_cat-packs-epilations","7":"latest_post","9":"first","10":"instock","11":"virtual","12":"taxable","13":"purchasable","14":"product-type-simple"},"jetpack_sharing_enabled":true,"_links":{"self":[{"href":"https:\/\/spavendome.fr\/en\/wp-json\/wp\/v2\/product\/1262","targetHints":{"allow":["GET"]}}],"collection":[{"href":"https:\/\/spavendome.fr\/en\/wp-json\/wp\/v2\/product"}],"about":[{"href":"https:\/\/spavendome.fr\/en\/wp-json\/wp\/v2\/types\/product"}],"replies":[{"embeddable":true,"href":"https:\/\/spavendome.fr\/en\/wp-json\/wp\/v2\/comments?post=1262"}],"wp:featuredmedia":[{"embeddable":true,"href":"https:\/\/spavendome.fr\/en\/wp-json\/wp\/v2\/media\/1623"}],"wp:attachment":[{"href":"https:\/\/spavendome.fr\/en\/wp-json\/wp\/v2\/media?parent=1262"}],"wp:term":[{"taxonomy":"product_brand","embeddable":true,"href":"https:\/\/spavendome.fr\/en\/wp-json\/wp\/v2\/product_brand?post=1262"},{"taxonomy":"product_cat","embeddable":true,"href":"https:\/\/spavendome.fr\/en\/wp-json\/wp\/v2\/product_cat?post=1262"},{"taxonomy":"product_tag","embeddable":true,"href":"https:\/\/spavendome.fr\/en\/wp-json\/wp\/v2\/product_tag?post=1262"},{"taxonomy":"giftcard-category","embeddable":true,"href":"https:\/\/spavendome.fr\/en\/wp-json\/wp\/v2\/giftcard-category?post=1262"}],"curies":[{"name":"wp","href":"https:\/\/api.w.org\/{rel}","templated":true}]}}