{"id":1261,"date":"2025-10-01T09:21:53","date_gmt":"2025-10-01T09:21:53","guid":{"rendered":"https:\/\/www.luno3284.odns.fr\/?post_type=product&#038;p=1261"},"modified":"2025-11-22T23:48:43","modified_gmt":"2025-11-22T22:48:43","slug":"pack-epilation-4","status":"publish","type":"product","link":"https:\/\/spavendome.fr\/en\/service\/pack-epilation-4\/","title":{"rendered":"Pack \u00c9pilation \u2013 Aisselles \/ Demi Jambes \/ Maillot \u00c9chancr\u00e9 \u00e0 Paris"},"content":{"rendered":"<h2>Pack \u00c9pilation \u2013 Aisselles \/ Demi Jambes \/ Maillot \u00c9chancr\u00e9 \u00e0 Paris<\/h2>\n<p>Offrez \u00e0 votre peau une \u00e9pilation compl\u00e8te et pr\u00e9cise avec notre <strong>pack Aisselles \/ Demi Jambes \/ Maillot \u00c9chancr\u00e9<\/strong>. R\u00e9alis\u00e9e avec soin et d\u00e9licatesse, chaque zone est trait\u00e9e pour un r\u00e9sultat homog\u00e8ne, durable et respectueux de la sensibilit\u00e9 de la peau.<\/p>\n<h3>Les bienfaits de ce pack \u00e9pilation<\/h3>\n<ul>\n<li>Peau parfaitement nette et douce<\/li>\n<li>R\u00e9sultats durables et confortables<\/li>\n<li>Respect de tous les types de peau<\/li>\n<li>Finition uniforme et agr\u00e9able au toucher<\/li>\n<li>Sensation de fra\u00eecheur longue dur\u00e9e<\/li>\n<\/ul>\n<h3>Zones incluses dans le pack<\/h3>\n<ul>\n<li><strong>Aisselles :<\/strong> \u00e9pilation pr\u00e9cise pour un rendu net et doux<\/li>\n<li><strong>Demi-jambes :<\/strong> cuisses et mollets pour une peau soyeuse et uniforme<\/li>\n<li><strong>Maillot \u00e9chancr\u00e9 :<\/strong> \u00e9pilation subtile et \u00e9l\u00e9gante, id\u00e9ale pour un rendu naturel<\/li>\n<\/ul>\n<h3>Pourquoi choisir ce soin ?<\/h3>\n<p>Ce pack est id\u00e9al pour celles et ceux qui souhaitent une \u00e9pilation rapide, efficace et professionnelle sur les zones les plus demand\u00e9es. Nos esth\u00e9ticiennes utilisent des techniques douces et pr\u00e9cises pour garantir confort, hygi\u00e8ne et finition parfaite.<\/p>\n<p>Profitez d\u2019un moment de bien-\u00eatre avec notre <strong>Pack \u00c9pilation \u2013 Aisselles \/ Demi Jambes \/ Maillot \u00c9chancr\u00e9 \u00e0 Paris<\/strong>, pour une peau douce, nette et parfaitement \u00e9pil\u00e9e.<\/p>\n<div id=\"amelia-cal-pack-16\" style=\"display: none; margin-top: 24px;\">\n<script>\n  if (typeof hasAmeliaEntitiesApiCall === 'undefined' && ('' === '' && '' !== '1')) {\n    var hasAmeliaEntitiesApiCall = true;\n  }\n  var ameliaShortcodeData = (typeof ameliaShortcodeData === 'undefined') ? [] : ameliaShortcodeData;\n  ameliaShortcodeData.push(\n    {\n      'hasApiCall': (typeof hasAmeliaEntitiesApiCall !== 'undefined') && hasAmeliaEntitiesApiCall,\n      'trigger': '',\n      'trigger_type': '',\n      'triggered_form': 'sbsNew',\n      'in_dialog': '',\n      'show': 'packages',\n      'counter': '1000',\n      'category': '',\n      'service': '',\n      'employee': '2',\n      'location': '',\n      'package': '16',\n      'layout': '1',\n    }\n  );\n\n  var ameliaShortcodeDataTriggered = (typeof ameliaShortcodeDataTriggered === 'undefined') ? [] : ameliaShortcodeDataTriggered;\n  if (ameliaShortcodeData[ameliaShortcodeData.length - 1].trigger !== '') {\n    if (ameliaShortcodeDataTriggered.filter(a => a.counter === ameliaShortcodeData[ameliaShortcodeData.length - 1].counter).length === 0) {\n      ameliaShortcodeDataTriggered.push(ameliaShortcodeData.pop());\n    } else {\n      ameliaShortcodeData.pop()\n    }\n  }\n  if (typeof hasAmeliaEntitiesApiCall !== 'undefined' && hasAmeliaEntitiesApiCall) {\n    hasAmeliaEntitiesApiCall = false;\n  }\n<\/script>\n\n<div\n  id=\"amelia-v2-booking-1000\"\n  class=\"amelia-v2-booking\"\n >\n    <step-form-wrapper><\/step-form-wrapper><\/div>\n<\/div>\n","protected":false},"excerpt":{"rendered":"<p data-start=\"589\" data-end=\"734\">Pack \u00e9pilation complet \u00e0 Paris : aisselles, demi-jambes et maillot \u00e9chancr\u00e9. Peau lisse, douce et parfaitement \u00e9pil\u00e9e pour un r\u00e9sultat durable.<\/p>","protected":false},"featured_media":1624,"comment_status":"open","ping_status":"closed","template":"","meta":{"_monsterinsights_skip_tracking":false,"_monsterinsights_sitenote_active":false,"_monsterinsights_sitenote_note":"","_monsterinsights_sitenote_category":0,"_joinchat":[]},"product_brand":[],"product_cat":[69],"product_tag":[],"giftcard-category":[],"class_list":{"0":"post-1261","1":"product","2":"type-product","3":"status-publish","4":"has-post-thumbnail","6":"product_cat-packs-epilations","7":"latest_post","9":"first","10":"instock","11":"virtual","12":"taxable","13":"purchasable","14":"product-type-simple"},"jetpack_sharing_enabled":true,"_links":{"self":[{"href":"https:\/\/spavendome.fr\/en\/wp-json\/wp\/v2\/product\/1261","targetHints":{"allow":["GET"]}}],"collection":[{"href":"https:\/\/spavendome.fr\/en\/wp-json\/wp\/v2\/product"}],"about":[{"href":"https:\/\/spavendome.fr\/en\/wp-json\/wp\/v2\/types\/product"}],"replies":[{"embeddable":true,"href":"https:\/\/spavendome.fr\/en\/wp-json\/wp\/v2\/comments?post=1261"}],"wp:featuredmedia":[{"embeddable":true,"href":"https:\/\/spavendome.fr\/en\/wp-json\/wp\/v2\/media\/1624"}],"wp:attachment":[{"href":"https:\/\/spavendome.fr\/en\/wp-json\/wp\/v2\/media?parent=1261"}],"wp:term":[{"taxonomy":"product_brand","embeddable":true,"href":"https:\/\/spavendome.fr\/en\/wp-json\/wp\/v2\/product_brand?post=1261"},{"taxonomy":"product_cat","embeddable":true,"href":"https:\/\/spavendome.fr\/en\/wp-json\/wp\/v2\/product_cat?post=1261"},{"taxonomy":"product_tag","embeddable":true,"href":"https:\/\/spavendome.fr\/en\/wp-json\/wp\/v2\/product_tag?post=1261"},{"taxonomy":"giftcard-category","embeddable":true,"href":"https:\/\/spavendome.fr\/en\/wp-json\/wp\/v2\/giftcard-category?post=1261"}],"curies":[{"name":"wp","href":"https:\/\/api.w.org\/{rel}","templated":true}]}}