{"id":1257,"date":"2025-10-01T09:12:07","date_gmt":"2025-10-01T09:12:07","guid":{"rendered":"https:\/\/www.luno3284.odns.fr\/?post_type=product&#038;p=1257"},"modified":"2025-11-22T23:48:44","modified_gmt":"2025-11-22T22:48:44","slug":"epilation-maillot-simple","status":"publish","type":"product","link":"https:\/\/spavendome.fr\/en\/service\/epilation-maillot-simple\/","title":{"rendered":"\u00c9pilation Maillot Simple &#8211; Paris"},"content":{"rendered":"<h2>\u00c9pilation Maillot Simple | Service Prestige \u00e0 Paris<\/h2>\n<p>Offrez-vous un <strong>service d\u2019\u00e9pilation professionnelle du maillot simple<\/strong> dans notre institut \u00e0 Paris, o\u00f9 pr\u00e9cision, confort et hygi\u00e8ne sont les ma\u00eetres-mots. Con\u00e7u pour r\u00e9pondre aux besoins de toutes les clientes, ce service permet de retirer les poils ind\u00e9sirables de la zone du maillot de mani\u00e8re nette et uniforme, tout en respectant la sensibilit\u00e9 de la peau.<\/p>\n<p>La s\u00e9ance d\u00e9bute par une pr\u00e9paration compl\u00e8te de la zone : nettoyage d\u00e9licat et d\u00e9sinfection pour garantir une hygi\u00e8ne optimale. Nos esth\u00e9ticiennes expertes r\u00e9alisent ensuite l\u2019\u00e9pilation avec des gestes pr\u00e9cis, adapt\u00e9s \u00e0 votre confort et \u00e0 votre type de peau. Chaque d\u00e9tail est pris en compte pour \u00e9viter les irritations et assurer un r\u00e9sultat uniforme et durable.<\/p>\n<h3>Pourquoi choisir l\u2019\u00e9pilation maillot simple ?<\/h3>\n<ul>\n<li>\u00c9pilation nette et uniforme, pour un maillot parfaitement entretenu<\/li>\n<li>Confort maximal gr\u00e2ce \u00e0 des gestes professionnels et pr\u00e9cis<\/li>\n<li>Adapt\u00e9e \u00e0 tous les types de peau et de poils<\/li>\n<li>Hygi\u00e8ne et s\u00e9curit\u00e9 garanties tout au long de la prestation<\/li>\n<li>Dur\u00e9e rapide et r\u00e9sultat imm\u00e9diat<\/li>\n<\/ul>\n<p>Ce service est id\u00e9al pour celles qui recherchent un entretien r\u00e9gulier, une peau douce et agr\u00e9able au toucher, sans avoir recours \u00e0 des m\u00e9thodes invasives ou douloureuses. L\u2019\u00e9pilation du maillot simple offre un r\u00e9sultat discret, naturel et \u00e9l\u00e9gant, parfaitement adapt\u00e9 \u00e0 toutes les occasions, que ce soit pour le quotidien ou pour se sentir \u00e0 l\u2019aise en maillot de bain.<\/p>\n<h3>R\u00e9sultat attendu de l&rsquo;\u00c9pilation Maillot Simple :<\/h3>\n<p>Apr\u00e8s votre s\u00e9ance, la zone du maillot est parfaitement \u00e9pil\u00e9e, lisse et confortable, procurant une sensation de fra\u00eecheur durable. Ce service vous permet de garder une peau impeccable et un confort optimal, tout en b\u00e9n\u00e9ficiant de l\u2019expertise et du savoir-faire de professionnelles qualifi\u00e9es.<\/p>\n<p>Faites confiance \u00e0 notre institut pour un service d\u2019\u00e9pilation du maillot simple \u00e0 la hauteur de vos attentes, alliant pr\u00e9cision, luxe et hygi\u00e8ne irr\u00e9prochable, dans le cadre \u00e9l\u00e9gant et raffin\u00e9 de Paris.<\/p>\n<div id=\"amelia-cal-149\" style=\"display: none; margin-top: 24px;\">\n<script>\n  if (typeof hasAmeliaEntitiesApiCall === 'undefined' && ('' === '' && '' !== '1')) {\n    var hasAmeliaEntitiesApiCall = true;\n  }\n  var ameliaShortcodeData = (typeof ameliaShortcodeData === 'undefined') ? [] : ameliaShortcodeData;\n  ameliaShortcodeData.push(\n    {\n      'hasApiCall': (typeof hasAmeliaEntitiesApiCall !== 'undefined') && hasAmeliaEntitiesApiCall,\n      'trigger': '',\n      'trigger_type': '',\n      'triggered_form': 'sbsNew',\n      'in_dialog': '',\n      'show': 'services',\n      'counter': '1000',\n      'category': '',\n      'service': '149',\n      'employee': '2',\n      'location': '',\n      'package': '',\n      'layout': '1',\n    }\n  );\n\n  var ameliaShortcodeDataTriggered = (typeof ameliaShortcodeDataTriggered === 'undefined') ? [] : ameliaShortcodeDataTriggered;\n  if (ameliaShortcodeData[ameliaShortcodeData.length - 1].trigger !== '') {\n    if (ameliaShortcodeDataTriggered.filter(a => a.counter === ameliaShortcodeData[ameliaShortcodeData.length - 1].counter).length === 0) {\n      ameliaShortcodeDataTriggered.push(ameliaShortcodeData.pop());\n    } else {\n      ameliaShortcodeData.pop()\n    }\n  }\n  if (typeof hasAmeliaEntitiesApiCall !== 'undefined' && hasAmeliaEntitiesApiCall) {\n    hasAmeliaEntitiesApiCall = false;\n  }\n<\/script>\n\n<div\n  id=\"amelia-v2-booking-1000\"\n  class=\"amelia-v2-booking\"\n >\n    <step-form-wrapper><\/step-form-wrapper><\/div>\n<\/div>\n","protected":false},"excerpt":{"rendered":"<p data-start=\"603\" data-end=\"740\">Offrez-vous une <strong data-start=\"619\" data-end=\"647\">\u00e9pilation Maillot Simple<\/strong> r\u00e9alis\u00e9e avec pr\u00e9cision et douceur. Pour une peau lisse, nette et parfaitement entretenue.<\/p>","protected":false},"featured_media":1627,"comment_status":"open","ping_status":"closed","template":"","meta":{"_monsterinsights_skip_tracking":false,"_monsterinsights_sitenote_active":false,"_monsterinsights_sitenote_note":"","_monsterinsights_sitenote_category":0,"_joinchat":[]},"product_brand":[],"product_cat":[63],"product_tag":[],"giftcard-category":[],"class_list":{"0":"post-1257","1":"product","2":"type-product","3":"status-publish","4":"has-post-thumbnail","6":"product_cat-epilation","7":"latest_post","9":"first","10":"instock","11":"virtual","12":"taxable","13":"purchasable","14":"product-type-simple"},"jetpack_sharing_enabled":true,"_links":{"self":[{"href":"https:\/\/spavendome.fr\/en\/wp-json\/wp\/v2\/product\/1257","targetHints":{"allow":["GET"]}}],"collection":[{"href":"https:\/\/spavendome.fr\/en\/wp-json\/wp\/v2\/product"}],"about":[{"href":"https:\/\/spavendome.fr\/en\/wp-json\/wp\/v2\/types\/product"}],"replies":[{"embeddable":true,"href":"https:\/\/spavendome.fr\/en\/wp-json\/wp\/v2\/comments?post=1257"}],"wp:featuredmedia":[{"embeddable":true,"href":"https:\/\/spavendome.fr\/en\/wp-json\/wp\/v2\/media\/1627"}],"wp:attachment":[{"href":"https:\/\/spavendome.fr\/en\/wp-json\/wp\/v2\/media?parent=1257"}],"wp:term":[{"taxonomy":"product_brand","embeddable":true,"href":"https:\/\/spavendome.fr\/en\/wp-json\/wp\/v2\/product_brand?post=1257"},{"taxonomy":"product_cat","embeddable":true,"href":"https:\/\/spavendome.fr\/en\/wp-json\/wp\/v2\/product_cat?post=1257"},{"taxonomy":"product_tag","embeddable":true,"href":"https:\/\/spavendome.fr\/en\/wp-json\/wp\/v2\/product_tag?post=1257"},{"taxonomy":"giftcard-category","embeddable":true,"href":"https:\/\/spavendome.fr\/en\/wp-json\/wp\/v2\/giftcard-category?post=1257"}],"curies":[{"name":"wp","href":"https:\/\/api.w.org\/{rel}","templated":true}]}}