{"id":1253,"date":"2025-10-01T09:07:46","date_gmt":"2025-10-01T09:07:46","guid":{"rendered":"https:\/\/www.luno3284.odns.fr\/?post_type=product&#038;p=1253"},"modified":"2025-11-22T23:48:45","modified_gmt":"2025-11-22T22:48:45","slug":"epilation-ventre","status":"publish","type":"product","link":"https:\/\/spavendome.fr\/en\/service\/epilation-ventre\/","title":{"rendered":"\u00c9pilation Ventre \u2013 Paris"},"content":{"rendered":"<h2>\u00c9pilation Ventre \u2013 Paris<\/h2>\n<p>Offrez-vous un soin complet avec notre <strong>\u00c9pilation Ventre<\/strong>, r\u00e9alis\u00e9e avec pr\u00e9cision et d\u00e9licatesse pour un ventre parfaitement net et lisse. Cette prestation est id\u00e9ale pour celles et ceux qui souhaitent entretenir la beaut\u00e9 et la douceur de leur zone abdominale avec un soin efficace, confortable et durable.<\/p>\n<h3>D\u00e9roulement du soin :<\/h3>\n<ul>\n<li><strong>Pr\u00e9paration de la zone :<\/strong> nettoyage et d\u00e9sinfection minutieux pour garantir confort et hygi\u00e8ne optimale.<\/li>\n<li><strong>\u00c9pilation professionnelle :<\/strong> retrait complet des poils sur la zone du ventre avec soin et pr\u00e9cision pour un r\u00e9sultat homog\u00e8ne et uniforme.<\/li>\n<li><strong>Soin apr\u00e8s-\u00e9pilation :<\/strong> application d\u2019un produit apaisant et hydratant pour r\u00e9duire irritations et rougeurs, laissant la peau douce et soyeuse.<\/li>\n<\/ul>\n<h3>Les avantages :<\/h3>\n<ul>\n<li>Ventre net, lisse et parfaitement entretenu<\/li>\n<li>\u00c9pilation douce et respectueuse de la peau<\/li>\n<li>R\u00e9sultat homog\u00e8ne et durable<\/li>\n<li>Sensation de confort imm\u00e9diate et longue dur\u00e9e<\/li>\n<li>Peau prot\u00e9g\u00e9e contre les poils incarn\u00e9s<\/li>\n<\/ul>\n<h3>Pour qui ?<\/h3>\n<p>Cette \u00e9pilation est id\u00e9ale pour celles et ceux qui souhaitent un soin efficace sur la zone abdominale, pour un look \u00e9l\u00e9gant et soign\u00e9 au quotidien ou avant un \u00e9v\u00e9nement particulier. Adapt\u00e9e \u00e0 tous les types de peau, elle garantit confort, hygi\u00e8ne et pr\u00e9cision.<\/p>\n<p>Choisissez notre <strong>\u00c9pilation Ventre<\/strong> \u00e0 Paris pour un ventre lisse, doux et impeccable, parfaitement pr\u00e9par\u00e9 pour toutes vos tenues et occasions.<\/p>\n<div id=\"amelia-cal-151\" style=\"display: none; margin-top: 24px;\">\n<script>\n  if (typeof hasAmeliaEntitiesApiCall === 'undefined' && ('' === '' && '' !== '1')) {\n    var hasAmeliaEntitiesApiCall = true;\n  }\n  var ameliaShortcodeData = (typeof ameliaShortcodeData === 'undefined') ? [] : ameliaShortcodeData;\n  ameliaShortcodeData.push(\n    {\n      'hasApiCall': (typeof hasAmeliaEntitiesApiCall !== 'undefined') && hasAmeliaEntitiesApiCall,\n      'trigger': '',\n      'trigger_type': '',\n      'triggered_form': 'sbsNew',\n      'in_dialog': '',\n      'show': 'services',\n      'counter': '1000',\n      'category': '',\n      'service': '151',\n      'employee': '2',\n      'location': '',\n      'package': '',\n      'layout': '1',\n    }\n  );\n\n  var ameliaShortcodeDataTriggered = (typeof ameliaShortcodeDataTriggered === 'undefined') ? [] : ameliaShortcodeDataTriggered;\n  if (ameliaShortcodeData[ameliaShortcodeData.length - 1].trigger !== '') {\n    if (ameliaShortcodeDataTriggered.filter(a => a.counter === ameliaShortcodeData[ameliaShortcodeData.length - 1].counter).length === 0) {\n      ameliaShortcodeDataTriggered.push(ameliaShortcodeData.pop());\n    } else {\n      ameliaShortcodeData.pop()\n    }\n  }\n  if (typeof hasAmeliaEntitiesApiCall !== 'undefined' && hasAmeliaEntitiesApiCall) {\n    hasAmeliaEntitiesApiCall = false;\n  }\n<\/script>\n\n<div\n  id=\"amelia-v2-booking-1000\"\n  class=\"amelia-v2-booking\"\n >\n    <step-form-wrapper><\/step-form-wrapper><\/div>\n<\/div>\n","protected":false},"excerpt":{"rendered":"<p data-start=\"459\" data-end=\"576\">\u00c9pilation Ventre \u00e0 Paris : soin pr\u00e9cis et doux pour un ventre net, lisse et confortable, adapt\u00e9 \u00e0 toutes les peaux.<\/p>","protected":false},"featured_media":1632,"comment_status":"open","ping_status":"closed","template":"","meta":{"_monsterinsights_skip_tracking":false,"_monsterinsights_sitenote_active":false,"_monsterinsights_sitenote_note":"","_monsterinsights_sitenote_category":0,"_joinchat":[]},"product_brand":[],"product_cat":[63],"product_tag":[],"giftcard-category":[],"class_list":{"0":"post-1253","1":"product","2":"type-product","3":"status-publish","4":"has-post-thumbnail","6":"product_cat-epilation","7":"latest_post","9":"first","10":"instock","11":"virtual","12":"taxable","13":"purchasable","14":"product-type-simple"},"jetpack_sharing_enabled":true,"_links":{"self":[{"href":"https:\/\/spavendome.fr\/en\/wp-json\/wp\/v2\/product\/1253","targetHints":{"allow":["GET"]}}],"collection":[{"href":"https:\/\/spavendome.fr\/en\/wp-json\/wp\/v2\/product"}],"about":[{"href":"https:\/\/spavendome.fr\/en\/wp-json\/wp\/v2\/types\/product"}],"replies":[{"embeddable":true,"href":"https:\/\/spavendome.fr\/en\/wp-json\/wp\/v2\/comments?post=1253"}],"wp:featuredmedia":[{"embeddable":true,"href":"https:\/\/spavendome.fr\/en\/wp-json\/wp\/v2\/media\/1632"}],"wp:attachment":[{"href":"https:\/\/spavendome.fr\/en\/wp-json\/wp\/v2\/media?parent=1253"}],"wp:term":[{"taxonomy":"product_brand","embeddable":true,"href":"https:\/\/spavendome.fr\/en\/wp-json\/wp\/v2\/product_brand?post=1253"},{"taxonomy":"product_cat","embeddable":true,"href":"https:\/\/spavendome.fr\/en\/wp-json\/wp\/v2\/product_cat?post=1253"},{"taxonomy":"product_tag","embeddable":true,"href":"https:\/\/spavendome.fr\/en\/wp-json\/wp\/v2\/product_tag?post=1253"},{"taxonomy":"giftcard-category","embeddable":true,"href":"https:\/\/spavendome.fr\/en\/wp-json\/wp\/v2\/giftcard-category?post=1253"}],"curies":[{"name":"wp","href":"https:\/\/api.w.org\/{rel}","templated":true}]}}