{"id":1249,"date":"2025-10-01T09:02:31","date_gmt":"2025-10-01T09:02:31","guid":{"rendered":"https:\/\/www.luno3284.odns.fr\/?post_type=product&#038;p=1249"},"modified":"2025-11-22T23:48:47","modified_gmt":"2025-11-22T22:48:47","slug":"epilation-aisselles","status":"publish","type":"product","link":"https:\/\/spavendome.fr\/en\/service\/epilation-aisselles\/","title":{"rendered":"\u00c9pilation Aisselles \u2013 Paris"},"content":{"rendered":"<h2>\u00c9pilation Aisselles \u2013 Paris<\/h2>\n<p>Offrez \u00e0 vos aisselles une <strong>\u00e9pilation pr\u00e9cise et efficace<\/strong> qui garantit une sensation de douceur et de fra\u00eecheur durable. Cette prestation est r\u00e9alis\u00e9e avec le plus grand soin, en respectant la sensibilit\u00e9 de la peau et les besoins sp\u00e9cifiques de chaque client(e).<\/p>\n<h3>D\u00e9roulement de l&rsquo;\u00e9pilation aisselles<\/h3>\n<p>La praticienne pr\u00e9pare d\u2019abord la zone en nettoyant et d\u00e9sinfectant la peau pour assurer une \u00e9pilation propre et confortable. Les poils sont ensuite retir\u00e9s avec pr\u00e9cision pour un r\u00e9sultat uniforme et lisse. Chaque mouvement est pens\u00e9 pour minimiser l\u2019inconfort et pr\u00e9venir les irritations.<\/p>\n<h3>Pour qui ?<\/h3>\n<p>Cette \u00e9pilation convient \u00e0 tous les types de peau, m\u00eame les plus sensibles. Elle est id\u00e9ale pour celles et ceux qui souhaitent :<\/p>\n<ul>\n<li>Obtenir des aisselles parfaitement lisses et douces<\/li>\n<li>Pr\u00e9venir les irritations et les rougeurs apr\u00e8s l\u2019\u00e9pilation<\/li>\n<li>Profiter d\u2019une sensation de fra\u00eecheur durable<\/li>\n<\/ul>\n<h3>Les bienfaits :<\/h3>\n<ul>\n<li>Peau nette et homog\u00e8ne<\/li>\n<li>\u00c9pilation respectueuse de la sensibilit\u00e9 cutan\u00e9e<\/li>\n<li>R\u00e9sultat durable et agr\u00e9able au toucher<\/li>\n<li>Confort optimal pendant et apr\u00e8s la s\u00e9ance<\/li>\n<\/ul>\n<p>Optez pour une <strong>\u00e9pilation des aisselles<\/strong> r\u00e9alis\u00e9e par des professionnelles, pour un r\u00e9sultat impeccable, doux et confortable, et r\u00e9v\u00e9lez toute la beaut\u00e9 de votre peau.<\/p>\n<div id=\"amelia-cal-120\" style=\"display: none; margin-top: 24px;\">\n<script>\n  if (typeof hasAmeliaEntitiesApiCall === 'undefined' && ('' === '' && '' !== '1')) {\n    var hasAmeliaEntitiesApiCall = true;\n  }\n  var ameliaShortcodeData = (typeof ameliaShortcodeData === 'undefined') ? [] : ameliaShortcodeData;\n  ameliaShortcodeData.push(\n    {\n      'hasApiCall': (typeof hasAmeliaEntitiesApiCall !== 'undefined') && hasAmeliaEntitiesApiCall,\n      'trigger': '',\n      'trigger_type': '',\n      'triggered_form': 'sbsNew',\n      'in_dialog': '',\n      'show': 'services',\n      'counter': '1000',\n      'category': '',\n      'service': '120',\n      'employee': '2',\n      'location': '',\n      'package': '',\n      'layout': '1',\n    }\n  );\n\n  var ameliaShortcodeDataTriggered = (typeof ameliaShortcodeDataTriggered === 'undefined') ? [] : ameliaShortcodeDataTriggered;\n  if (ameliaShortcodeData[ameliaShortcodeData.length - 1].trigger !== '') {\n    if (ameliaShortcodeDataTriggered.filter(a => a.counter === ameliaShortcodeData[ameliaShortcodeData.length - 1].counter).length === 0) {\n      ameliaShortcodeDataTriggered.push(ameliaShortcodeData.pop());\n    } else {\n      ameliaShortcodeData.pop()\n    }\n  }\n  if (typeof hasAmeliaEntitiesApiCall !== 'undefined' && hasAmeliaEntitiesApiCall) {\n    hasAmeliaEntitiesApiCall = false;\n  }\n<\/script>\n\n<div\n  id=\"amelia-v2-booking-1000\"\n  class=\"amelia-v2-booking\"\n >\n    <step-form-wrapper><\/step-form-wrapper><\/div>\n<\/div>\n","protected":false},"excerpt":{"rendered":"<p data-start=\"441\" data-end=\"569\">Profitez d\u2019une \u00e9pilation aisselles pr\u00e9cise et douce \u00e0 Paris pour une peau lisse, nette et durablement agr\u00e9able au toucher.<\/p>","protected":false},"featured_media":1636,"comment_status":"open","ping_status":"closed","template":"","meta":{"_monsterinsights_skip_tracking":false,"_monsterinsights_sitenote_active":false,"_monsterinsights_sitenote_note":"","_monsterinsights_sitenote_category":0,"_joinchat":[]},"product_brand":[],"product_cat":[63],"product_tag":[],"giftcard-category":[],"class_list":{"0":"post-1249","1":"product","2":"type-product","3":"status-publish","4":"has-post-thumbnail","6":"product_cat-epilation","7":"latest_post","9":"first","10":"instock","11":"virtual","12":"taxable","13":"purchasable","14":"product-type-simple"},"jetpack_sharing_enabled":true,"_links":{"self":[{"href":"https:\/\/spavendome.fr\/en\/wp-json\/wp\/v2\/product\/1249","targetHints":{"allow":["GET"]}}],"collection":[{"href":"https:\/\/spavendome.fr\/en\/wp-json\/wp\/v2\/product"}],"about":[{"href":"https:\/\/spavendome.fr\/en\/wp-json\/wp\/v2\/types\/product"}],"replies":[{"embeddable":true,"href":"https:\/\/spavendome.fr\/en\/wp-json\/wp\/v2\/comments?post=1249"}],"wp:featuredmedia":[{"embeddable":true,"href":"https:\/\/spavendome.fr\/en\/wp-json\/wp\/v2\/media\/1636"}],"wp:attachment":[{"href":"https:\/\/spavendome.fr\/en\/wp-json\/wp\/v2\/media?parent=1249"}],"wp:term":[{"taxonomy":"product_brand","embeddable":true,"href":"https:\/\/spavendome.fr\/en\/wp-json\/wp\/v2\/product_brand?post=1249"},{"taxonomy":"product_cat","embeddable":true,"href":"https:\/\/spavendome.fr\/en\/wp-json\/wp\/v2\/product_cat?post=1249"},{"taxonomy":"product_tag","embeddable":true,"href":"https:\/\/spavendome.fr\/en\/wp-json\/wp\/v2\/product_tag?post=1249"},{"taxonomy":"giftcard-category","embeddable":true,"href":"https:\/\/spavendome.fr\/en\/wp-json\/wp\/v2\/giftcard-category?post=1249"}],"curies":[{"name":"wp","href":"https:\/\/api.w.org\/{rel}","templated":true}]}}