{"id":1240,"date":"2025-10-01T08:53:03","date_gmt":"2025-10-01T08:53:03","guid":{"rendered":"https:\/\/www.luno3284.odns.fr\/?post_type=product&#038;p=1240"},"modified":"2025-11-22T23:48:49","modified_gmt":"2025-11-22T22:48:49","slug":"c-peel","status":"publish","type":"product","link":"https:\/\/spavendome.fr\/en\/service\/c-peel\/","title":{"rendered":"C-PEEL | Peeling aux Herbes Naturelles \u00e0 Paris"},"content":{"rendered":"<h2>C-PEEL : Peeling aux Herbes Naturelles \u00e0 Paris<\/h2>\n<p>Offrez \u00e0 votre peau un soin de r\u00e9g\u00e9n\u00e9ration intensif avec le <strong>C-PEEL Paris<\/strong>, un peeling 100% naturel \u00e0 base d\u2019herbes qui transforme visiblement la peau. Ce soin agit en profondeur pour \u00e9liminer les impuret\u00e9s, lisser la texture cutan\u00e9e et raviver l\u2019\u00e9clat naturel du visage.<\/p>\n<h3>Un peeling naturel pour une peau neuve<\/h3>\n<p>Gr\u00e2ce \u00e0 sa formule exclusive compos\u00e9e d\u2019<strong>herbes et d\u2019acides naturels<\/strong>, le C-PEEL favorise le renouvellement cellulaire et stimule la r\u00e9paration de la peau. En quelques jours, la peau p\u00e8le naturellement, r\u00e9v\u00e9lant un teint plus uniforme, lumineux et lisse. Ce traitement est id\u00e9al pour traiter les <strong>imperfections, les taches pigmentaires<\/strong> et les <strong>cicatrices d\u2019acn\u00e9<\/strong>.<\/p>\n<h3>Les bienfaits du C-PEEL<\/h3>\n<ul>\n<li>R\u00e9duit les imperfections et l\u2019acn\u00e9.<\/li>\n<li>Favorise la r\u00e9g\u00e9n\u00e9ration cellulaire.<\/li>\n<li>Att\u00e9nue les taches pigmentaires et cicatrices.<\/li>\n<li>Am\u00e9liore la texture et le grain de peau.<\/li>\n<li>Rend la peau \u00e9clatante, uniforme et rajeunie.<\/li>\n<\/ul>\n<h3>D\u00e9roulement du soin<\/h3>\n<p>Le <strong>C-PEEL<\/strong> est appliqu\u00e9 sur la peau afin de d\u00e9clencher une <strong>desquamation visible<\/strong> durant environ 7 jours, permettant une r\u00e9g\u00e9n\u00e9ration compl\u00e8te. Une cr\u00e8me hydratante et r\u00e9paratrice est ensuite utilis\u00e9e pour apaiser et nourrir la peau apr\u00e8s le traitement.<\/p>\n<h3>Ingr\u00e9dients cl\u00e9s<\/h3>\n<ul>\n<li><strong>Herbes naturelles :<\/strong> Stimulent la r\u00e9g\u00e9n\u00e9ration et l\u2019\u00e9limination des cellules mortes.<\/li>\n<li><strong>Acides naturels :<\/strong> Purifient la peau et r\u00e9duisent les imperfections.<\/li>\n<\/ul>\n<p>Ce <strong>soin r\u00e9g\u00e9n\u00e9rant visage Paris<\/strong> est id\u00e9al pour celles et ceux qui souhaitent retrouver une peau saine, lumineuse et sans imperfections gr\u00e2ce \u00e0 une m\u00e9thode naturelle et efficace.<\/p>\n<div id=\"amelia-cal-100\" style=\"display: none; margin-top: 24px;\">\n<script>\n  if (typeof hasAmeliaEntitiesApiCall === 'undefined' && ('' === '' && '' !== '1')) {\n    var hasAmeliaEntitiesApiCall = true;\n  }\n  var ameliaShortcodeData = (typeof ameliaShortcodeData === 'undefined') ? [] : ameliaShortcodeData;\n  ameliaShortcodeData.push(\n    {\n      'hasApiCall': (typeof hasAmeliaEntitiesApiCall !== 'undefined') && hasAmeliaEntitiesApiCall,\n      'trigger': '',\n      'trigger_type': '',\n      'triggered_form': 'sbsNew',\n      'in_dialog': '',\n      'show': 'services',\n      'counter': '1000',\n      'category': '',\n      'service': '100',\n      'employee': '1',\n      'location': '',\n      'package': '',\n      'layout': '1',\n    }\n  );\n\n  var ameliaShortcodeDataTriggered = (typeof ameliaShortcodeDataTriggered === 'undefined') ? [] : ameliaShortcodeDataTriggered;\n  if (ameliaShortcodeData[ameliaShortcodeData.length - 1].trigger !== '') {\n    if (ameliaShortcodeDataTriggered.filter(a => a.counter === ameliaShortcodeData[ameliaShortcodeData.length - 1].counter).length === 0) {\n      ameliaShortcodeDataTriggered.push(ameliaShortcodeData.pop());\n    } else {\n      ameliaShortcodeData.pop()\n    }\n  }\n  if (typeof hasAmeliaEntitiesApiCall !== 'undefined' && hasAmeliaEntitiesApiCall) {\n    hasAmeliaEntitiesApiCall = false;\n  }\n<\/script>\n\n<div\n  id=\"amelia-v2-booking-1000\"\n  class=\"amelia-v2-booking\"\n >\n    <step-form-wrapper><\/step-form-wrapper><\/div>\n<\/div>\n","protected":false},"excerpt":{"rendered":"<p data-start=\"854\" data-end=\"1037\">Soin intensif de r\u00e9g\u00e9n\u00e9ration \u00e0 base d\u2019herbes naturelles, il stimule le renouvellement cellulaire et corrige les imperfections pour une peau lisse, uniforme et \u00e9clatante.<\/p>","protected":false},"featured_media":1643,"comment_status":"open","ping_status":"closed","template":"","meta":{"_monsterinsights_skip_tracking":false,"_monsterinsights_sitenote_active":false,"_monsterinsights_sitenote_note":"","_monsterinsights_sitenote_category":0,"_joinchat":[]},"product_brand":[],"product_cat":[57],"product_tag":[],"giftcard-category":[],"class_list":{"0":"post-1240","1":"product","2":"type-product","3":"status-publish","4":"has-post-thumbnail","6":"product_cat-peelings","7":"latest_post","9":"first","10":"instock","11":"virtual","12":"taxable","13":"purchasable","14":"product-type-simple"},"jetpack_sharing_enabled":true,"_links":{"self":[{"href":"https:\/\/spavendome.fr\/en\/wp-json\/wp\/v2\/product\/1240","targetHints":{"allow":["GET"]}}],"collection":[{"href":"https:\/\/spavendome.fr\/en\/wp-json\/wp\/v2\/product"}],"about":[{"href":"https:\/\/spavendome.fr\/en\/wp-json\/wp\/v2\/types\/product"}],"replies":[{"embeddable":true,"href":"https:\/\/spavendome.fr\/en\/wp-json\/wp\/v2\/comments?post=1240"}],"wp:featuredmedia":[{"embeddable":true,"href":"https:\/\/spavendome.fr\/en\/wp-json\/wp\/v2\/media\/1643"}],"wp:attachment":[{"href":"https:\/\/spavendome.fr\/en\/wp-json\/wp\/v2\/media?parent=1240"}],"wp:term":[{"taxonomy":"product_brand","embeddable":true,"href":"https:\/\/spavendome.fr\/en\/wp-json\/wp\/v2\/product_brand?post=1240"},{"taxonomy":"product_cat","embeddable":true,"href":"https:\/\/spavendome.fr\/en\/wp-json\/wp\/v2\/product_cat?post=1240"},{"taxonomy":"product_tag","embeddable":true,"href":"https:\/\/spavendome.fr\/en\/wp-json\/wp\/v2\/product_tag?post=1240"},{"taxonomy":"giftcard-category","embeddable":true,"href":"https:\/\/spavendome.fr\/en\/wp-json\/wp\/v2\/giftcard-category?post=1240"}],"curies":[{"name":"wp","href":"https:\/\/api.w.org\/{rel}","templated":true}]}}