{"id":1233,"date":"2025-10-01T08:44:26","date_gmt":"2025-10-01T08:44:26","guid":{"rendered":"https:\/\/www.luno3284.odns.fr\/?post_type=product&#038;p=1233"},"modified":"2025-11-22T23:48:52","modified_gmt":"2025-11-22T22:48:52","slug":"lintense-reparation","status":"publish","type":"product","link":"https:\/\/spavendome.fr\/en\/service\/lintense-reparation\/","title":{"rendered":"Soin Signature \u2013 Intense R\u00e9paration | Visage R\u00e9parateur &#038; R\u00e9g\u00e9n\u00e9rant \u00e0 Paris"},"content":{"rendered":"<h2>Soin Signature \u2013 Intense R\u00e9paration \u00e0 Paris<\/h2>\n<p>D\u00e9couvrez <strong>Intense R\u00e9paration Signature Paris<\/strong>, un <strong>soin visage r\u00e9parateur<\/strong> con\u00e7u pour nourrir, r\u00e9g\u00e9n\u00e9rer et restaurer l\u2019\u00e9clat des peaux ab\u00eem\u00e9es, fragilis\u00e9es ou s\u00e8ches. Ce rituel exclusif du Secret Vend\u00f4me combine des techniques expertes et des actifs puissants pour offrir confort, douceur et vitalit\u00e9 \u00e0 votre peau.<\/p>\n<h3>Un soin r\u00e9g\u00e9n\u00e9rant pour les peaux fragilis\u00e9es<\/h3>\n<p>Le <strong>soin r\u00e9g\u00e9n\u00e9rant peau ab\u00eem\u00e9e<\/strong> d\u00e9bute par un nettoyage d\u00e9licat suivi d\u2019un massage cibl\u00e9 pour stimuler la r\u00e9paration cellulaire et am\u00e9liorer la circulation. L\u2019application d\u2019ingr\u00e9dients naturels comme la <strong>c\u00e9ramide<\/strong> et le <strong>beurre de karit\u00e9<\/strong> nourrit en profondeur, renforce la barri\u00e8re cutan\u00e9e et prot\u00e8ge la peau des agressions ext\u00e9rieures.<\/p>\n<h3>Les bienfaits du Soin Intense R\u00e9paration<\/h3>\n<p>Ce <strong>rituel visage nourrissant Paris<\/strong> hydrate intens\u00e9ment, r\u00e9pare les tissus fragilis\u00e9s et restaure la souplesse et l\u2019\u00e9clat du visage. L\u2019<strong>huile de rose musqu\u00e9e<\/strong> r\u00e9g\u00e9n\u00e8re la peau tandis que les <strong>prot\u00e9ines de soja<\/strong> am\u00e9liorent la fermet\u00e9 et la r\u00e9silience. La <strong>vitamine E<\/strong> agit comme antioxydant pour prot\u00e9ger et revitaliser durablement la peau.<\/p>\n<h3>Une exp\u00e9rience sensorielle et r\u00e9paratrice<\/h3>\n<p>Le <strong>soin hydratation et r\u00e9paration profonde<\/strong> est plus qu\u2019un soin : c\u2019est un v\u00e9ritable rituel de confort et de r\u00e9g\u00e9n\u00e9ration. Adapt\u00e9 aux peaux ab\u00eem\u00e9es ou fragilis\u00e9es, il procure une sensation imm\u00e9diate de douceur et de bien-\u00eatre, tout en laissant le visage \u00e9clatant, souple et revitalis\u00e9.<\/p>\n<p>Offrez-vous le <strong>Intense R\u00e9paration Signature<\/strong> \u00e0 Paris et laissez votre peau retrouver force, confort et \u00e9clat naturel.<\/p>\n<div id=\"amelia-cal-24\" style=\"display: none; margin-top: 24px;\">\n<script>\n  if (typeof hasAmeliaEntitiesApiCall === 'undefined' && ('' === '' && '' !== '1')) {\n    var hasAmeliaEntitiesApiCall = true;\n  }\n  var ameliaShortcodeData = (typeof ameliaShortcodeData === 'undefined') ? [] : ameliaShortcodeData;\n  ameliaShortcodeData.push(\n    {\n      'hasApiCall': (typeof hasAmeliaEntitiesApiCall !== 'undefined') && hasAmeliaEntitiesApiCall,\n      'trigger': '',\n      'trigger_type': '',\n      'triggered_form': 'sbsNew',\n      'in_dialog': '',\n      'show': 'services',\n      'counter': '1000',\n      'category': '',\n      'service': '24',\n      'employee': '1',\n      'location': '',\n      'package': '',\n      'layout': '1',\n    }\n  );\n\n  var ameliaShortcodeDataTriggered = (typeof ameliaShortcodeDataTriggered === 'undefined') ? [] : ameliaShortcodeDataTriggered;\n  if (ameliaShortcodeData[ameliaShortcodeData.length - 1].trigger !== '') {\n    if (ameliaShortcodeDataTriggered.filter(a => a.counter === ameliaShortcodeData[ameliaShortcodeData.length - 1].counter).length === 0) {\n      ameliaShortcodeDataTriggered.push(ameliaShortcodeData.pop());\n    } else {\n      ameliaShortcodeData.pop()\n    }\n  }\n  if (typeof hasAmeliaEntitiesApiCall !== 'undefined' && hasAmeliaEntitiesApiCall) {\n    hasAmeliaEntitiesApiCall = false;\n  }\n<\/script>\n\n<div\n  id=\"amelia-v2-booking-1000\"\n  class=\"amelia-v2-booking\"\n >\n    <step-form-wrapper><\/step-form-wrapper><\/div>\n<\/div>\n","protected":false},"excerpt":{"rendered":"<p>Intense R\u00e9paration Signature Paris \u2013 Soin visage r\u00e9g\u00e9n\u00e9rant et nourrissant pour r\u00e9parer les peaux ab\u00eem\u00e9es ou fragilis\u00e9es, restaurer douceur, \u00e9clat et confort imm\u00e9diat.<\/p>","protected":false},"featured_media":1742,"comment_status":"open","ping_status":"closed","template":"","meta":{"_monsterinsights_skip_tracking":false,"_monsterinsights_sitenote_active":false,"_monsterinsights_sitenote_note":"","_monsterinsights_sitenote_category":0,"_joinchat":[]},"product_brand":[],"product_cat":[55],"product_tag":[],"giftcard-category":[],"class_list":{"0":"post-1233","1":"product","2":"type-product","3":"status-publish","4":"has-post-thumbnail","6":"product_cat-signatures-soins-visage","7":"latest_post","9":"first","10":"instock","11":"virtual","12":"taxable","13":"purchasable","14":"product-type-simple"},"jetpack_sharing_enabled":true,"_links":{"self":[{"href":"https:\/\/spavendome.fr\/en\/wp-json\/wp\/v2\/product\/1233","targetHints":{"allow":["GET"]}}],"collection":[{"href":"https:\/\/spavendome.fr\/en\/wp-json\/wp\/v2\/product"}],"about":[{"href":"https:\/\/spavendome.fr\/en\/wp-json\/wp\/v2\/types\/product"}],"replies":[{"embeddable":true,"href":"https:\/\/spavendome.fr\/en\/wp-json\/wp\/v2\/comments?post=1233"}],"wp:featuredmedia":[{"embeddable":true,"href":"https:\/\/spavendome.fr\/en\/wp-json\/wp\/v2\/media\/1742"}],"wp:attachment":[{"href":"https:\/\/spavendome.fr\/en\/wp-json\/wp\/v2\/media?parent=1233"}],"wp:term":[{"taxonomy":"product_brand","embeddable":true,"href":"https:\/\/spavendome.fr\/en\/wp-json\/wp\/v2\/product_brand?post=1233"},{"taxonomy":"product_cat","embeddable":true,"href":"https:\/\/spavendome.fr\/en\/wp-json\/wp\/v2\/product_cat?post=1233"},{"taxonomy":"product_tag","embeddable":true,"href":"https:\/\/spavendome.fr\/en\/wp-json\/wp\/v2\/product_tag?post=1233"},{"taxonomy":"giftcard-category","embeddable":true,"href":"https:\/\/spavendome.fr\/en\/wp-json\/wp\/v2\/giftcard-category?post=1233"}],"curies":[{"name":"wp","href":"https:\/\/api.w.org\/{rel}","templated":true}]}}