{"id":1232,"date":"2025-10-01T08:43:12","date_gmt":"2025-10-01T08:43:12","guid":{"rendered":"https:\/\/www.luno3284.odns.fr\/?post_type=product&#038;p=1232"},"modified":"2025-11-22T23:48:52","modified_gmt":"2025-11-22T22:48:52","slug":"hydra-sublime-signature","status":"publish","type":"product","link":"https:\/\/spavendome.fr\/en\/service\/hydra-sublime-signature\/","title":{"rendered":"Soin signature &#8211; Hydra Sublime | Soin Hydratant Visage &#038; \u00c9clat Naturel \u00e0 Paris"},"content":{"rendered":"<h1>Hydra Sublime Signature<\/h1>\n<p><mark class=\"rank-math-highlight\" style=\"background-color: #fee894;\">Le <strong>Hydra Sublime Signature<\/strong> est incontournable pour votre routine beaut\u00e9<\/mark>.<\/p>\n<h2>Hydratation Intense &amp; \u00c9clat Naturel<\/h2>\n<p><mark class=\"rank-math-highlight\" style=\"background-color: #fee894;\">D\u00e9couvrez le <strong>soin hydratant visage<\/strong> exclusif du<br \/>\n<strong>Secret Vend\u00f4me Paris<\/strong><\/mark>.<br \/>\nCe <strong>rituel repulpant visage<\/strong> redonne souplesse, \u00e9clat et confort aux peaux d\u00e9shydrat\u00e9es.<br \/>\nUn soin visage luxe qui associe expertise et d\u00e9tente pour une peau sublim\u00e9e.<\/p>\n<h2><mark class=\"rank-math-highlight\" style=\"background-color: #fee894;\">Bienfaits du Soin<\/mark><\/h2>\n<p><mark class=\"rank-math-highlight\" style=\"background-color: #fee894;\"><mark class=\"rank-math-highlight\" style=\"background-color: #fee894;\">Ce soin est le choix parfait pour une peau rayonnante<\/mark><\/mark>.<\/p>\n<ul>\n<li>Hydratation intense et durable.<\/li>\n<li>Peau repulp\u00e9e et lumineuse.<\/li>\n<li>Teint \u00e9clatant et frais.<\/li>\n<li>Sensation de confort et de douceur.<\/li>\n<\/ul>\n<h2>Pourquoi choisir ce soin ?<\/h2>\n<p><mark class=\"rank-math-highlight\" style=\"background-color: #fee894;\">Id\u00e9al pour les <strong>peaux d\u00e9shydrat\u00e9es<\/strong>,<br \/>\nce soin r\u00e9tablit l\u2019\u00e9quilibre hydrique et ravive la luminosit\u00e9 naturelle du teint.<\/mark><\/p>\n<h2>Ingr\u00e9dients cl\u00e9s<\/h2>\n<ul>\n<li><strong>Acide hyaluronique<\/strong> \u2013 Retient l\u2019eau et repulpe la peau.<\/li>\n<li><mark class=\"rank-math-highlight\" style=\"background-color: #fee894;\"><mark class=\"rank-math-highlight\" style=\"background-color: #fee894;\">Un soin qui transforme votre peau<\/mark><\/mark>.<\/li>\n<li><strong>Aloe vera<\/strong> \u2013 Apaise et hydrate en profondeur.<\/li>\n<li><strong>Huile de jojoba<\/strong> \u2013 Nourrit sans alourdir.<\/li>\n<li><strong>Vitamine E<\/strong> \u2013 Prot\u00e8ge et illumine la peau.<\/li>\n<\/ul>\n<div id=\"amelia-cal-21\" style=\"display: none; margin-top: 24px;\">\n<script>\n  if (typeof hasAmeliaEntitiesApiCall === 'undefined' && ('' === '' && '' !== '1')) {\n    var hasAmeliaEntitiesApiCall = true;\n  }\n  var ameliaShortcodeData = (typeof ameliaShortcodeData === 'undefined') ? [] : ameliaShortcodeData;\n  ameliaShortcodeData.push(\n    {\n      'hasApiCall': (typeof hasAmeliaEntitiesApiCall !== 'undefined') && hasAmeliaEntitiesApiCall,\n      'trigger': '',\n      'trigger_type': '',\n      'triggered_form': 'sbsNew',\n      'in_dialog': '',\n      'show': 'services',\n      'counter': '1000',\n      'category': '',\n      'service': '21',\n      'employee': '1',\n      'location': '',\n      'package': '',\n      'layout': '1',\n    }\n  );\n\n  var ameliaShortcodeDataTriggered = (typeof ameliaShortcodeDataTriggered === 'undefined') ? [] : ameliaShortcodeDataTriggered;\n  if (ameliaShortcodeData[ameliaShortcodeData.length - 1].trigger !== '') {\n    if (ameliaShortcodeDataTriggered.filter(a => a.counter === ameliaShortcodeData[ameliaShortcodeData.length - 1].counter).length === 0) {\n      ameliaShortcodeDataTriggered.push(ameliaShortcodeData.pop());\n    } else {\n      ameliaShortcodeData.pop()\n    }\n  }\n  if (typeof hasAmeliaEntitiesApiCall !== 'undefined' && hasAmeliaEntitiesApiCall) {\n    hasAmeliaEntitiesApiCall = false;\n  }\n<\/script>\n\n<div\n  id=\"amelia-v2-booking-1000\"\n  class=\"amelia-v2-booking\"\n >\n    <step-form-wrapper><\/step-form-wrapper><\/div>\n<\/div>\n","protected":false},"excerpt":{"rendered":"<p data-start=\"992\" data-end=\"1269\">Offrez \u00e0 votre peau un bain d\u2019hydratation intense avec <strong data-start=\"1047\" data-end=\"1074\">Hydra Sublime Signature<\/strong>, le soin hydratant visage exclusif du <strong data-start=\"1113\" data-end=\"1137\">Secret Vend\u00f4me Paris<\/strong>. Ce rituel repulpant restaure l\u2019\u00e9clat, la douceur et le confort des peaux d\u00e9shydrat\u00e9es. D\u00e9couvrez l\u2019expertise du soin visage \u00e9clat.<\/p>\n<p data-start=\"847\" data-end=\"957\">","protected":false},"featured_media":1741,"comment_status":"open","ping_status":"closed","template":"","meta":{"_monsterinsights_skip_tracking":false,"_monsterinsights_sitenote_active":false,"_monsterinsights_sitenote_note":"","_monsterinsights_sitenote_category":0,"_joinchat":[]},"product_brand":[],"product_cat":[55],"product_tag":[],"giftcard-category":[],"class_list":{"0":"post-1232","1":"product","2":"type-product","3":"status-publish","4":"has-post-thumbnail","6":"product_cat-signatures-soins-visage","7":"latest_post","9":"first","10":"instock","11":"virtual","12":"taxable","13":"purchasable","14":"product-type-simple"},"jetpack_sharing_enabled":true,"_links":{"self":[{"href":"https:\/\/spavendome.fr\/en\/wp-json\/wp\/v2\/product\/1232","targetHints":{"allow":["GET"]}}],"collection":[{"href":"https:\/\/spavendome.fr\/en\/wp-json\/wp\/v2\/product"}],"about":[{"href":"https:\/\/spavendome.fr\/en\/wp-json\/wp\/v2\/types\/product"}],"replies":[{"embeddable":true,"href":"https:\/\/spavendome.fr\/en\/wp-json\/wp\/v2\/comments?post=1232"}],"wp:featuredmedia":[{"embeddable":true,"href":"https:\/\/spavendome.fr\/en\/wp-json\/wp\/v2\/media\/1741"}],"wp:attachment":[{"href":"https:\/\/spavendome.fr\/en\/wp-json\/wp\/v2\/media?parent=1232"}],"wp:term":[{"taxonomy":"product_brand","embeddable":true,"href":"https:\/\/spavendome.fr\/en\/wp-json\/wp\/v2\/product_brand?post=1232"},{"taxonomy":"product_cat","embeddable":true,"href":"https:\/\/spavendome.fr\/en\/wp-json\/wp\/v2\/product_cat?post=1232"},{"taxonomy":"product_tag","embeddable":true,"href":"https:\/\/spavendome.fr\/en\/wp-json\/wp\/v2\/product_tag?post=1232"},{"taxonomy":"giftcard-category","embeddable":true,"href":"https:\/\/spavendome.fr\/en\/wp-json\/wp\/v2\/giftcard-category?post=1232"}],"curies":[{"name":"wp","href":"https:\/\/api.w.org\/{rel}","templated":true}]}}