{"id":1231,"date":"2025-10-01T08:42:26","date_gmt":"2025-10-01T08:42:26","guid":{"rendered":"https:\/\/www.luno3284.odns.fr\/?post_type=product&#038;p=1231"},"modified":"2025-11-22T23:48:52","modified_gmt":"2025-11-22T22:48:52","slug":"eclat-prestige","status":"publish","type":"product","link":"https:\/\/spavendome.fr\/en\/service\/eclat-prestige\/","title":{"rendered":"Soin Signature \u2013 \u00c9clat Prestige | Teint Lumineux &#038; Hydratation Intense \u00e0 Paris"},"content":{"rendered":"<h2>Soin Signature \u2013 \u00c9clat Prestige \u00e0 Paris<\/h2>\n<p>Offrez \u00e0 votre peau un v\u00e9ritable moment d\u2019exception avec le <strong>Soin \u00c9clat Prestige Paris<\/strong>, un <strong>rituel visage vitamin\u00e9<\/strong> con\u00e7u pour illuminer le teint, lisser le grain de peau et redonner toute sa vitalit\u00e9 \u00e0 votre visage. Ce soin associe des techniques expertes \u00e0 des actifs pr\u00e9cieux tels que la <strong>vitamine C<\/strong> et l\u2019<strong>acide hyaluronique<\/strong> pour une peau hydrat\u00e9e, lumineuse et \u00e9clatante de sant\u00e9.<\/p>\n<h3>Un soin visage pour un \u00e9clat imm\u00e9diat<\/h3>\n<p>Le <strong>soin visage \u00e9clat du teint Paris<\/strong> commence par un nettoyage en profondeur, suivi d\u2019un gommage doux et d\u2019une extraction d\u00e9licate des impuret\u00e9s. La peau est ainsi purifi\u00e9e et pr\u00eate \u00e0 recevoir les bienfaits du <strong>masque \u00e9clat intense<\/strong> et du s\u00e9rum illuminateur. Gr\u00e2ce \u00e0 l\u2019action combin\u00e9e des ingr\u00e9dients actifs, le teint devient plus frais, uniforme et lumineux d\u00e8s la premi\u00e8re s\u00e9ance.<\/p>\n<h3>Les bienfaits du Soin \u00c9clat Prestige Signature<\/h3>\n<p>Ce <strong>soin visage lumi\u00e8re naturelle<\/strong> offre une action globale : il r\u00e9veille la vitalit\u00e9 cutan\u00e9e, hydrate intens\u00e9ment et stimule la r\u00e9g\u00e9n\u00e9ration cellulaire. L\u2019extrait de perle illumine la peau, l\u2019<strong>huile de rose musqu\u00e9e<\/strong> r\u00e9g\u00e9n\u00e8re les tissus, tandis que l\u2019<strong>aloe vera<\/strong> apporte apaisement et douceur. La peau retrouve son \u00e9clat, son confort et sa luminosit\u00e9 naturelle.<\/p>\n<h3>Une exp\u00e9rience sensorielle unique<\/h3>\n<p>Le <strong>Soin \u00c9clat Prestige Signature<\/strong> est un moment de pure beaut\u00e9 o\u00f9 l\u2019expertise professionnelle rencontre l\u2019excellence des cosm\u00e9tiques cor\u00e9ens. Parfait avant un \u00e9v\u00e9nement ou pour sublimer le teint au quotidien, ce soin procure une sensation de fra\u00eecheur, d\u2019\u00e9nergie et de bien-\u00eatre total.<\/p>\n<p>Offrez-vous le luxe d\u2019un <strong>soin \u00e9clat et hydratation profonde<\/strong> et laissez votre peau rayonner d\u2019une lumi\u00e8re naturelle et durable.<\/p>\n<div id=\"amelia-cal-23\" style=\"display: none; margin-top: 24px;\">\n<script>\n  if (typeof hasAmeliaEntitiesApiCall === 'undefined' && ('' === '' && '' !== '1')) {\n    var hasAmeliaEntitiesApiCall = true;\n  }\n  var ameliaShortcodeData = (typeof ameliaShortcodeData === 'undefined') ? [] : ameliaShortcodeData;\n  ameliaShortcodeData.push(\n    {\n      'hasApiCall': (typeof hasAmeliaEntitiesApiCall !== 'undefined') && hasAmeliaEntitiesApiCall,\n      'trigger': '',\n      'trigger_type': '',\n      'triggered_form': 'sbsNew',\n      'in_dialog': '',\n      'show': 'services',\n      'counter': '1000',\n      'category': '',\n      'service': '23',\n      'employee': '1',\n      'location': '',\n      'package': '',\n      'layout': '1',\n    }\n  );\n\n  var ameliaShortcodeDataTriggered = (typeof ameliaShortcodeDataTriggered === 'undefined') ? [] : ameliaShortcodeDataTriggered;\n  if (ameliaShortcodeData[ameliaShortcodeData.length - 1].trigger !== '') {\n    if (ameliaShortcodeDataTriggered.filter(a => a.counter === ameliaShortcodeData[ameliaShortcodeData.length - 1].counter).length === 0) {\n      ameliaShortcodeDataTriggered.push(ameliaShortcodeData.pop());\n    } else {\n      ameliaShortcodeData.pop()\n    }\n  }\n  if (typeof hasAmeliaEntitiesApiCall !== 'undefined' && hasAmeliaEntitiesApiCall) {\n    hasAmeliaEntitiesApiCall = false;\n  }\n<\/script>\n\n<div\n  id=\"amelia-v2-booking-1000\"\n  class=\"amelia-v2-booking\"\n >\n    <step-form-wrapper><\/step-form-wrapper><\/div>\n<\/div>\n","protected":false},"excerpt":{"rendered":"<p>Soin Signature \u2013 \u00c9clat Prestige \u00e0 Paris Offrez \u00e0 votre peau un v\u00e9ritable moment d\u2019exception avec le Soin \u00c9clat Prestige Paris, un rituel visage vitamin\u00e9 con\u00e7u pour illuminer le teint, &hellip; <\/p>","protected":false},"featured_media":1727,"comment_status":"open","ping_status":"closed","template":"","meta":{"_monsterinsights_skip_tracking":false,"_monsterinsights_sitenote_active":false,"_monsterinsights_sitenote_note":"","_monsterinsights_sitenote_category":0,"_joinchat":[]},"product_brand":[],"product_cat":[55],"product_tag":[],"giftcard-category":[],"class_list":{"0":"post-1231","1":"product","2":"type-product","3":"status-publish","4":"has-post-thumbnail","6":"product_cat-signatures-soins-visage","7":"latest_post","9":"first","10":"instock","11":"virtual","12":"taxable","13":"purchasable","14":"product-type-simple"},"jetpack_sharing_enabled":true,"_links":{"self":[{"href":"https:\/\/spavendome.fr\/en\/wp-json\/wp\/v2\/product\/1231","targetHints":{"allow":["GET"]}}],"collection":[{"href":"https:\/\/spavendome.fr\/en\/wp-json\/wp\/v2\/product"}],"about":[{"href":"https:\/\/spavendome.fr\/en\/wp-json\/wp\/v2\/types\/product"}],"replies":[{"embeddable":true,"href":"https:\/\/spavendome.fr\/en\/wp-json\/wp\/v2\/comments?post=1231"}],"wp:featuredmedia":[{"embeddable":true,"href":"https:\/\/spavendome.fr\/en\/wp-json\/wp\/v2\/media\/1727"}],"wp:attachment":[{"href":"https:\/\/spavendome.fr\/en\/wp-json\/wp\/v2\/media?parent=1231"}],"wp:term":[{"taxonomy":"product_brand","embeddable":true,"href":"https:\/\/spavendome.fr\/en\/wp-json\/wp\/v2\/product_brand?post=1231"},{"taxonomy":"product_cat","embeddable":true,"href":"https:\/\/spavendome.fr\/en\/wp-json\/wp\/v2\/product_cat?post=1231"},{"taxonomy":"product_tag","embeddable":true,"href":"https:\/\/spavendome.fr\/en\/wp-json\/wp\/v2\/product_tag?post=1231"},{"taxonomy":"giftcard-category","embeddable":true,"href":"https:\/\/spavendome.fr\/en\/wp-json\/wp\/v2\/giftcard-category?post=1231"}],"curies":[{"name":"wp","href":"https:\/\/api.w.org\/{rel}","templated":true}]}}