{"id":1230,"date":"2025-10-01T08:41:22","date_gmt":"2025-10-01T08:41:22","guid":{"rendered":"https:\/\/www.luno3284.odns.fr\/?post_type=product&#038;p=1230"},"modified":"2025-11-22T23:48:53","modified_gmt":"2025-11-22T22:48:53","slug":"soin-dexcellence-anti-age","status":"publish","type":"product","link":"https:\/\/spavendome.fr\/en\/service\/soin-dexcellence-anti-age\/","title":{"rendered":"Soin Signature \u2013 Excellence Anti-\u00c2ge | Jeunesse et Fermet\u00e9 \u00e0 Paris"},"content":{"rendered":"<h2>Soin Signature \u00e0 Paris<\/h2>\n<p>D\u00e9couvrez le <strong>Soin d\u2019Excellence \u00e0 Paris<\/strong>, un <strong>rituel visage anti-\u00e2ge<\/strong> con\u00e7u pour lisser les rides, raffermir les tissus et raviver l\u2019\u00e9clat du teint. Ce soin complet combine techniques expertes et actifs puissants pour stimuler la r\u00e9g\u00e9n\u00e9ration cellulaire et pr\u00e9server la jeunesse de votre peau.<\/p>\n<h3>Un soin anti-\u00e2ge complet pour la peau<\/h3>\n<p>Le <strong>soin visage anti-\u00e2ge Paris<\/strong> commence par un nettoyage en profondeur suivi d\u2019un gommage r\u00e9novateur pour affiner le grain de peau et stimuler le renouvellement cellulaire. Le massage liftant raffermit les contours et am\u00e9liore la microcirculation, pr\u00e9parant la peau \u00e0 recevoir les actifs du masque tenseur et repulpant.<\/p>\n<h3>Les bienfaits du Soin<\/h3>\n<p>Ce <strong>rituel anti-rides et fermet\u00e9<\/strong> r\u00e9duit visiblement les rides et ridules, hydrate intens\u00e9ment et repulpe la peau. L\u2019acide hyaluronique apporte une hydratation profonde, les peptides raffermissants stimulent le collag\u00e8ne et l\u2019extrait de th\u00e9 vert agit comme antioxydant pour prot\u00e9ger la peau des signes du vieillissement. La peau retrouve souplesse, tonicit\u00e9 et \u00e9clat naturel.<\/p>\n<h3>Une exp\u00e9rience visage jeunesse et vitalit\u00e9<\/h3>\n<p>Le <strong>soin visage r\u00e9g\u00e9n\u00e9rant et liftant<\/strong> offre un moment de d\u00e9tente et de bien-\u00eatre, laissant la peau visiblement plus lisse, tonifi\u00e9e et lumineuse. Adapt\u00e9 \u00e0 toutes les peaux, il est id\u00e9al pour pr\u00e9server jeunesse et \u00e9clat durablement.<\/p>\n<p>Offrez \u00e0 votre visage le <strong>Soin d\u2019Excellence Anti-\u00c2ge<\/strong> \u00e0 Paris et r\u00e9v\u00e9lez une peau plus ferme, \u00e9clatante et revitalis\u00e9e.<\/p>\n<div id=\"amelia-cal-26\" style=\"display: none; margin-top: 24px;\">\n<script>\n  if (typeof hasAmeliaEntitiesApiCall === 'undefined' && ('' === '' && '' !== '1')) {\n    var hasAmeliaEntitiesApiCall = true;\n  }\n  var ameliaShortcodeData = (typeof ameliaShortcodeData === 'undefined') ? [] : ameliaShortcodeData;\n  ameliaShortcodeData.push(\n    {\n      'hasApiCall': (typeof hasAmeliaEntitiesApiCall !== 'undefined') && hasAmeliaEntitiesApiCall,\n      'trigger': '',\n      'trigger_type': '',\n      'triggered_form': 'sbsNew',\n      'in_dialog': '',\n      'show': 'services',\n      'counter': '1000',\n      'category': '',\n      'service': '26',\n      'employee': '1',\n      'location': '',\n      'package': '',\n      'layout': '1',\n    }\n  );\n\n  var ameliaShortcodeDataTriggered = (typeof ameliaShortcodeDataTriggered === 'undefined') ? [] : ameliaShortcodeDataTriggered;\n  if (ameliaShortcodeData[ameliaShortcodeData.length - 1].trigger !== '') {\n    if (ameliaShortcodeDataTriggered.filter(a => a.counter === ameliaShortcodeData[ameliaShortcodeData.length - 1].counter).length === 0) {\n      ameliaShortcodeDataTriggered.push(ameliaShortcodeData.pop());\n    } else {\n      ameliaShortcodeData.pop()\n    }\n  }\n  if (typeof hasAmeliaEntitiesApiCall !== 'undefined' && hasAmeliaEntitiesApiCall) {\n    hasAmeliaEntitiesApiCall = false;\n  }\n<\/script>\n\n<div\n  id=\"amelia-v2-booking-1000\"\n  class=\"amelia-v2-booking\"\n >\n    <step-form-wrapper><\/step-form-wrapper><\/div>\n<\/div>\n","protected":false},"excerpt":{"rendered":"<p>Soin d\u2019Excellence Anti-\u00c2ge Paris \u2013 Rituel visage anti-\u00e2ge pour lisser rides, raffermir la peau et raviver l\u2019\u00e9clat du teint. Hydratation intense et effet repulpant imm\u00e9diat.<\/p>","protected":false},"featured_media":1732,"comment_status":"open","ping_status":"closed","template":"","meta":{"_monsterinsights_skip_tracking":false,"_monsterinsights_sitenote_active":false,"_monsterinsights_sitenote_note":"","_monsterinsights_sitenote_category":0,"_joinchat":[]},"product_brand":[],"product_cat":[55],"product_tag":[],"giftcard-category":[],"class_list":{"0":"post-1230","1":"product","2":"type-product","3":"status-publish","4":"has-post-thumbnail","6":"product_cat-signatures-soins-visage","7":"latest_post","9":"first","10":"instock","11":"virtual","12":"taxable","13":"purchasable","14":"product-type-simple"},"jetpack_sharing_enabled":true,"_links":{"self":[{"href":"https:\/\/spavendome.fr\/en\/wp-json\/wp\/v2\/product\/1230","targetHints":{"allow":["GET"]}}],"collection":[{"href":"https:\/\/spavendome.fr\/en\/wp-json\/wp\/v2\/product"}],"about":[{"href":"https:\/\/spavendome.fr\/en\/wp-json\/wp\/v2\/types\/product"}],"replies":[{"embeddable":true,"href":"https:\/\/spavendome.fr\/en\/wp-json\/wp\/v2\/comments?post=1230"}],"wp:featuredmedia":[{"embeddable":true,"href":"https:\/\/spavendome.fr\/en\/wp-json\/wp\/v2\/media\/1732"}],"wp:attachment":[{"href":"https:\/\/spavendome.fr\/en\/wp-json\/wp\/v2\/media?parent=1230"}],"wp:term":[{"taxonomy":"product_brand","embeddable":true,"href":"https:\/\/spavendome.fr\/en\/wp-json\/wp\/v2\/product_brand?post=1230"},{"taxonomy":"product_cat","embeddable":true,"href":"https:\/\/spavendome.fr\/en\/wp-json\/wp\/v2\/product_cat?post=1230"},{"taxonomy":"product_tag","embeddable":true,"href":"https:\/\/spavendome.fr\/en\/wp-json\/wp\/v2\/product_tag?post=1230"},{"taxonomy":"giftcard-category","embeddable":true,"href":"https:\/\/spavendome.fr\/en\/wp-json\/wp\/v2\/giftcard-category?post=1230"}],"curies":[{"name":"wp","href":"https:\/\/api.w.org\/{rel}","templated":true}]}}