{"id":1227,"date":"2025-10-01T08:38:34","date_gmt":"2025-10-01T08:38:34","guid":{"rendered":"https:\/\/www.luno3284.odns.fr\/?post_type=product&#038;p=1227"},"modified":"2025-11-22T23:48:54","modified_gmt":"2025-11-22T22:48:54","slug":"soin-signature-duo","status":"publish","type":"product","link":"https:\/\/spavendome.fr\/en\/service\/soin-signature-duo\/","title":{"rendered":"Soin Signature Duo | Bien-\u00eatre et D\u00e9tente \u00e0 Deux \u00e0 Paris"},"content":{"rendered":"<h2 data-rm-block-id=\"block-1\">Soin Signature Duo \u00e0 Paris<\/h2>\n<p data-rm-block-id=\"block-2\">Vivez une exp\u00e9rience unique avec le <strong>Soin Signature Duo Paris<\/strong>, un moment de d\u00e9tente \u00e0 deux combinant relaxation et soins personnalis\u00e9s. Que ce soit en couple, entre amis ou en famille, profitez d\u2019un rituel adapt\u00e9 aux besoins sp\u00e9cifiques de votre peau et partagez un instant privil\u00e9gi\u00e9.<\/p>\n<h3 data-rm-block-id=\"block-3\">Un soin personnalis\u00e9 pour chacun<\/h3>\n<p data-rm-block-id=\"block-4\">Chaque participant choisit son soin parmi notre gamme <strong>de soins visage en duo Paris<\/strong> ou se laisse guider par un diagnostic personnalis\u00e9 sur place. Nos options incluent :<\/p>\n<ul>\n<li data-rm-block-id=\"block-5\"><strong>Hydra Sublime<\/strong> : Hydratation intense pour une peau repulp\u00e9e et \u00e9clatante.<\/li>\n<li data-rm-block-id=\"block-6\"><strong>\u00c9clat Prestige<\/strong> : Coup d\u2019\u00e9clat imm\u00e9diat pour un teint frais et lumineux.<\/li>\n<li data-rm-block-id=\"block-7\"><strong>Apaisement Ultime<\/strong> : Soin relaxant pour apaiser les peaux sensibles.<\/li>\n<li data-rm-block-id=\"block-8\"><strong>Rituel Purifiant Supr\u00eame<\/strong> : Nettoyage en profondeur pour peau nette et \u00e9quilibr\u00e9e.<\/li>\n<li data-rm-block-id=\"block-9\"><strong>Soin d\u2019Excellence Anti-\u00c2ge<\/strong> : R\u00e9g\u00e9n\u00e9rant pour lutter contre les signes du vieillissement.<\/li>\n<\/ul>\n<h3 data-rm-block-id=\"block-10\">Les bienfaits du Soin Signature Duo<\/h3>\n<p data-rm-block-id=\"block-11\">Ce <strong>rituel spa \u00e0 deux<\/strong> permet de partager un moment de d\u00e9tente tout en offrant \u00e0 votre peau les soins adapt\u00e9s. Chaque soin est con\u00e7u pour purifier, hydrater, apaiser ou r\u00e9g\u00e9n\u00e9rer, selon vos besoins sp\u00e9cifiques, garantissant une exp\u00e9rience compl\u00e8te et revitalisante.<\/p>\n<h3 data-rm-block-id=\"block-12\">Une exp\u00e9rience de relaxation partag\u00e9e<\/h3>\n<p data-rm-block-id=\"block-13\">Le <strong>moment d\u00e9tente partag\u00e9<\/strong> offre bien plus qu\u2019un soin : il favorise la connexion, le l\u00e2cher-prise et le bien-\u00eatre \u00e0 deux. Id\u00e9al pour les couples, amis ou familles, le Soin Signature Duo transforme votre s\u00e9ance en un souvenir pr\u00e9cieux et relaxant.<\/p>\n<p data-rm-block-id=\"block-14\">Offrez-vous le <strong>Soin Signature Duo<\/strong> \u00e0 Paris et profitez d\u2019un moment de bien-\u00eatre partag\u00e9, tout en r\u00e9v\u00e9lant l\u2019\u00e9clat et la vitalit\u00e9 de votre peau.<\/p>\n<div id=\"amelia-cal-31\" style=\"display:none; margin-top:24px;\">\n  \n<script>\n  if (typeof hasAmeliaEntitiesApiCall === 'undefined' && ('' === '' && '' !== '1')) {\n    var hasAmeliaEntitiesApiCall = true;\n  }\n  var ameliaShortcodeData = (typeof ameliaShortcodeData === 'undefined') ? [] : ameliaShortcodeData;\n  ameliaShortcodeData.push(\n    {\n      'hasApiCall': (typeof hasAmeliaEntitiesApiCall !== 'undefined') && hasAmeliaEntitiesApiCall,\n      'trigger': '',\n      'trigger_type': '',\n      'triggered_form': 'sbsNew',\n      'in_dialog': '',\n      'show': 'services',\n      'counter': '1000',\n      'category': '',\n      'service': '31',\n      'employee': '1',\n      'location': '',\n      'package': '',\n      'layout': '1',\n    }\n  );\n\n  var ameliaShortcodeDataTriggered = (typeof ameliaShortcodeDataTriggered === 'undefined') ? [] : ameliaShortcodeDataTriggered;\n  if (ameliaShortcodeData[ameliaShortcodeData.length - 1].trigger !== '') {\n    if (ameliaShortcodeDataTriggered.filter(a => a.counter === ameliaShortcodeData[ameliaShortcodeData.length - 1].counter).length === 0) {\n      ameliaShortcodeDataTriggered.push(ameliaShortcodeData.pop());\n    } else {\n      ameliaShortcodeData.pop()\n    }\n  }\n  if (typeof hasAmeliaEntitiesApiCall !== 'undefined' && hasAmeliaEntitiesApiCall) {\n    hasAmeliaEntitiesApiCall = false;\n  }\n<\/script>\n\n<div\n  id=\"amelia-v2-booking-1000\"\n  class=\"amelia-v2-booking\"\n >\n    <step-form-wrapper><\/step-form-wrapper><\/div>\n\n<\/div>\n","protected":false},"excerpt":{"rendered":"<p>Soin Signature Duo Paris \u2013 Offrez-vous un moment de d\u00e9tente \u00e0 deux avec nos soins visage signature personnalis\u00e9s, adapt\u00e9s \u00e0 tous les types de peau pour une exp\u00e9rience spa unique.<\/p>","protected":false},"featured_media":1554,"comment_status":"open","ping_status":"closed","template":"","meta":{"_monsterinsights_skip_tracking":false,"_monsterinsights_sitenote_active":false,"_monsterinsights_sitenote_note":"","_monsterinsights_sitenote_category":0,"_joinchat":[]},"product_brand":[],"product_cat":[55],"product_tag":[],"giftcard-category":[],"class_list":{"0":"post-1227","1":"product","2":"type-product","3":"status-publish","4":"has-post-thumbnail","6":"product_cat-signatures-soins-visage","7":"latest_post","9":"first","10":"instock","11":"virtual","12":"taxable","13":"purchasable","14":"product-type-simple"},"jetpack_sharing_enabled":true,"_links":{"self":[{"href":"https:\/\/spavendome.fr\/en\/wp-json\/wp\/v2\/product\/1227","targetHints":{"allow":["GET"]}}],"collection":[{"href":"https:\/\/spavendome.fr\/en\/wp-json\/wp\/v2\/product"}],"about":[{"href":"https:\/\/spavendome.fr\/en\/wp-json\/wp\/v2\/types\/product"}],"replies":[{"embeddable":true,"href":"https:\/\/spavendome.fr\/en\/wp-json\/wp\/v2\/comments?post=1227"}],"wp:featuredmedia":[{"embeddable":true,"href":"https:\/\/spavendome.fr\/en\/wp-json\/wp\/v2\/media\/1554"}],"wp:attachment":[{"href":"https:\/\/spavendome.fr\/en\/wp-json\/wp\/v2\/media?parent=1227"}],"wp:term":[{"taxonomy":"product_brand","embeddable":true,"href":"https:\/\/spavendome.fr\/en\/wp-json\/wp\/v2\/product_brand?post=1227"},{"taxonomy":"product_cat","embeddable":true,"href":"https:\/\/spavendome.fr\/en\/wp-json\/wp\/v2\/product_cat?post=1227"},{"taxonomy":"product_tag","embeddable":true,"href":"https:\/\/spavendome.fr\/en\/wp-json\/wp\/v2\/product_tag?post=1227"},{"taxonomy":"giftcard-category","embeddable":true,"href":"https:\/\/spavendome.fr\/en\/wp-json\/wp\/v2\/giftcard-category?post=1227"}],"curies":[{"name":"wp","href":"https:\/\/api.w.org\/{rel}","templated":true}]}}